{"id":2126,"date":"2021-12-16T10:31:30","date_gmt":"2021-12-16T09:31:30","guid":{"rendered":"https:\/\/www.hotelgabriella.net\/?page_id=2126"},"modified":"2022-11-30T15:41:33","modified_gmt":"2022-11-30T14:41:33","slug":"e-bikes","status":"publish","type":"page","link":"https:\/\/www.hotelgabriella.net\/de\/e-bikes\/","title":{"rendered":"E-BIKES"},"content":{"rendered":"<p>Wir unterst\u00fctzen gerne den \u201eGR\u00dcNEN\u201c Wandel, der f\u00fcr das Wohl unseres Planeten notwendig ist.<\/p>\n<p>Um die neue Promenade, die renovierten Str\u00e4nde, die M\u00f6glichkeit eines erholsamen Spaziergangs abseits von Smog und L\u00e4rm zu genie\u00dfen, bietet unser Hotel die M\u00f6glichkeit, brandneue E-BIKES zu mieten, um den bestehenden &#8222;Fahrradpark&#8220; zu vervollst\u00e4ndigen.<\/p>\n<p>F\u00fcr l\u00e4ngere oder anspruchsvollere Reisen, f\u00fcr Ausfl\u00fcge mit Freunden oder einfach nur um in die Stadt zu gehen, ohne \u00f6ffentliche Verkehrsmittel zu benutzen und auf das eigene Auto zu verzichten.<\/p>\n<p>F\u00fcr weitere Informationen wenden Sie sich bitte an unser Rezeptionspersonal.<\/p>\n<p><img loading=\"lazy\" decoding=\"async\" class=\"alignnone size-full wp-image-2115\" src=\"https:\/\/www.hotelgabriella.net\/wp-content\/uploads\/2021\/12\/E-Bike-2.png\" alt=\"\" width=\"2528\" height=\"2356\" data-big-size=\"2528x2356\" srcset=\"https:\/\/www.hotelgabriella.net\/wp-content\/uploads\/2021\/12\/E-Bike-2.png 2528w, https:\/\/www.hotelgabriella.net\/wp-content\/uploads\/2021\/12\/E-Bike-2-1536x1431.png 1536w, https:\/\/www.hotelgabriella.net\/wp-content\/uploads\/2021\/12\/E-Bike-2-2048x1909.png 2048w\" sizes=\"auto, (max-width: 2528px) 100vw, 2528px\" \/><\/p>\n","protected":false},"excerpt":{"rendered":"<p>Wir unterst\u00fctzen gerne den \u201eGR\u00dcNEN\u201c Wandel, der f\u00fcr das Wohl unseres Planeten notwendig ist. Um die neue Promenade, die renovierten Str\u00e4nde, die M\u00f6glichkeit eines erholsamen Spaziergangs abseits von Smog und L\u00e4rm zu genie\u00dfen, bietet unser Hotel die M\u00f6glichkeit, brandneue E-BIKES zu mieten, um den bestehenden &#8222;Fahrradpark&#8220; zu vervollst\u00e4ndigen. F\u00fcr l\u00e4ngere oder anspruchsvollere Reisen, f\u00fcr Ausfl\u00fcge [&hellip;]<\/p>\n","protected":false},"author":6,"featured_media":0,"parent":0,"menu_order":0,"comment_status":"closed","ping_status":"closed","template":"","meta":{"_acf_changed":false},"class_list":["post-2126","page","type-page","status-publish","hentry"],"acf":[],"yoast_head":"<!-- This site is optimized with the Yoast SEO plugin v27.4 - https:\/\/yoast.com\/product\/yoast-seo-wordpress\/ -->\n<title>E-BIKES | Hotel Gabriella Rimini<\/title>\n<meta name=\"robots\" content=\"index, follow, max-snippet:-1, max-image-preview:large, max-video-preview:-1\" \/>\n<link rel=\"canonical\" href=\"https:\/\/www.hotelgabriella.net\/de\/e-bikes\/\" \/>\n<meta property=\"og:locale\" content=\"de_DE\" \/>\n<meta property=\"og:type\" content=\"article\" \/>\n<meta property=\"og:title\" content=\"E-BIKES | Hotel Gabriella Rimini\" \/>\n<meta property=\"og:description\" content=\"Wir unterst\u00fctzen gerne den \u201eGR\u00dcNEN\u201c Wandel, der f\u00fcr das Wohl unseres Planeten notwendig ist. Um die neue Promenade, die renovierten Str\u00e4nde, die M\u00f6glichkeit eines erholsamen Spaziergangs abseits von Smog und L\u00e4rm zu genie\u00dfen, bietet unser Hotel die M\u00f6glichkeit, brandneue E-BIKES zu mieten, um den bestehenden &#8222;Fahrradpark&#8220; zu vervollst\u00e4ndigen. F\u00fcr l\u00e4ngere oder anspruchsvollere Reisen, f\u00fcr Ausfl\u00fcge [&hellip;]\" \/>\n<meta property=\"og:url\" content=\"https:\/\/www.hotelgabriella.net\/de\/e-bikes\/\" \/>\n<meta property=\"og:site_name\" content=\"Hotel Gabriella Rimini\" \/>\n<meta property=\"article:modified_time\" content=\"2022-11-30T14:41:33+00:00\" \/>\n<meta property=\"og:image\" content=\"https:\/\/www.hotelgabriella.net\/wp-content\/uploads\/2021\/12\/E-Bike-2.png\" \/>\n<meta name=\"twitter:card\" content=\"summary_large_image\" \/>\n<meta name=\"twitter:label1\" content=\"Gesch\u00e4tzte Lesezeit\" \/>\n\t<meta name=\"twitter:data1\" content=\"1\u00a0Minute\" \/>\n<script type=\"application\/ld+json\" class=\"yoast-schema-graph\">{\"@context\":\"https:\\\/\\\/schema.org\",\"@graph\":[{\"@type\":\"WebPage\",\"@id\":\"https:\\\/\\\/www.hotelgabriella.net\\\/de\\\/e-bikes\\\/\",\"url\":\"https:\\\/\\\/www.hotelgabriella.net\\\/de\\\/e-bikes\\\/\",\"name\":\"E-BIKES | Hotel Gabriella Rimini\",\"isPartOf\":{\"@id\":\"https:\\\/\\\/www.hotelgabriella.net\\\/#website\"},\"primaryImageOfPage\":{\"@id\":\"https:\\\/\\\/www.hotelgabriella.net\\\/de\\\/e-bikes\\\/#primaryimage\"},\"image\":{\"@id\":\"https:\\\/\\\/www.hotelgabriella.net\\\/de\\\/e-bikes\\\/#primaryimage\"},\"thumbnailUrl\":\"https:\\\/\\\/www.hotelgabriella.net\\\/wp-content\\\/uploads\\\/2021\\\/12\\\/E-Bike-2.png\",\"datePublished\":\"2021-12-16T09:31:30+00:00\",\"dateModified\":\"2022-11-30T14:41:33+00:00\",\"breadcrumb\":{\"@id\":\"https:\\\/\\\/www.hotelgabriella.net\\\/de\\\/e-bikes\\\/#breadcrumb\"},\"inLanguage\":\"de\",\"potentialAction\":[{\"@type\":\"ReadAction\",\"target\":[\"https:\\\/\\\/www.hotelgabriella.net\\\/de\\\/e-bikes\\\/\"]}]},{\"@type\":\"ImageObject\",\"inLanguage\":\"de\",\"@id\":\"https:\\\/\\\/www.hotelgabriella.net\\\/de\\\/e-bikes\\\/#primaryimage\",\"url\":\"https:\\\/\\\/www.hotelgabriella.net\\\/wp-content\\\/uploads\\\/2021\\\/12\\\/E-Bike-2.png\",\"contentUrl\":\"https:\\\/\\\/www.hotelgabriella.net\\\/wp-content\\\/uploads\\\/2021\\\/12\\\/E-Bike-2.png\"},{\"@type\":\"BreadcrumbList\",\"@id\":\"https:\\\/\\\/www.hotelgabriella.net\\\/de\\\/e-bikes\\\/#breadcrumb\",\"itemListElement\":[{\"@type\":\"ListItem\",\"position\":1,\"name\":\"Home\",\"item\":\"https:\\\/\\\/www.hotelgabriella.net\\\/de\\\/\"},{\"@type\":\"ListItem\",\"position\":2,\"name\":\"E-BIKES\"}]},{\"@type\":\"WebSite\",\"@id\":\"https:\\\/\\\/www.hotelgabriella.net\\\/#website\",\"url\":\"https:\\\/\\\/www.hotelgabriella.net\\\/\",\"name\":\"Hotel Gabriella Rimini\",\"description\":\"\",\"potentialAction\":[{\"@type\":\"SearchAction\",\"target\":{\"@type\":\"EntryPoint\",\"urlTemplate\":\"https:\\\/\\\/www.hotelgabriella.net\\\/?s={search_term_string}\"},\"query-input\":{\"@type\":\"PropertyValueSpecification\",\"valueRequired\":true,\"valueName\":\"search_term_string\"}}],\"inLanguage\":\"de\"}]}<\/script>\n<!-- \/ Yoast SEO plugin. -->","yoast_head_json":{"title":"E-BIKES | Hotel Gabriella Rimini","robots":{"index":"index","follow":"follow","max-snippet":"max-snippet:-1","max-image-preview":"max-image-preview:large","max-video-preview":"max-video-preview:-1"},"canonical":"https:\/\/www.hotelgabriella.net\/de\/e-bikes\/","og_locale":"de_DE","og_type":"article","og_title":"E-BIKES | Hotel Gabriella Rimini","og_description":"Wir unterst\u00fctzen gerne den \u201eGR\u00dcNEN\u201c Wandel, der f\u00fcr das Wohl unseres Planeten notwendig ist. Um die neue Promenade, die renovierten Str\u00e4nde, die M\u00f6glichkeit eines erholsamen Spaziergangs abseits von Smog und L\u00e4rm zu genie\u00dfen, bietet unser Hotel die M\u00f6glichkeit, brandneue E-BIKES zu mieten, um den bestehenden &#8222;Fahrradpark&#8220; zu vervollst\u00e4ndigen. F\u00fcr l\u00e4ngere oder anspruchsvollere Reisen, f\u00fcr Ausfl\u00fcge [&hellip;]","og_url":"https:\/\/www.hotelgabriella.net\/de\/e-bikes\/","og_site_name":"Hotel Gabriella Rimini","article_modified_time":"2022-11-30T14:41:33+00:00","og_image":[{"url":"https:\/\/www.hotelgabriella.net\/wp-content\/uploads\/2021\/12\/E-Bike-2.png","type":"","width":"","height":""}],"twitter_card":"summary_large_image","twitter_misc":{"Gesch\u00e4tzte Lesezeit":"1\u00a0Minute"},"schema":{"@context":"https:\/\/schema.org","@graph":[{"@type":"WebPage","@id":"https:\/\/www.hotelgabriella.net\/de\/e-bikes\/","url":"https:\/\/www.hotelgabriella.net\/de\/e-bikes\/","name":"E-BIKES | Hotel Gabriella Rimini","isPartOf":{"@id":"https:\/\/www.hotelgabriella.net\/#website"},"primaryImageOfPage":{"@id":"https:\/\/www.hotelgabriella.net\/de\/e-bikes\/#primaryimage"},"image":{"@id":"https:\/\/www.hotelgabriella.net\/de\/e-bikes\/#primaryimage"},"thumbnailUrl":"https:\/\/www.hotelgabriella.net\/wp-content\/uploads\/2021\/12\/E-Bike-2.png","datePublished":"2021-12-16T09:31:30+00:00","dateModified":"2022-11-30T14:41:33+00:00","breadcrumb":{"@id":"https:\/\/www.hotelgabriella.net\/de\/e-bikes\/#breadcrumb"},"inLanguage":"de","potentialAction":[{"@type":"ReadAction","target":["https:\/\/www.hotelgabriella.net\/de\/e-bikes\/"]}]},{"@type":"ImageObject","inLanguage":"de","@id":"https:\/\/www.hotelgabriella.net\/de\/e-bikes\/#primaryimage","url":"https:\/\/www.hotelgabriella.net\/wp-content\/uploads\/2021\/12\/E-Bike-2.png","contentUrl":"https:\/\/www.hotelgabriella.net\/wp-content\/uploads\/2021\/12\/E-Bike-2.png"},{"@type":"BreadcrumbList","@id":"https:\/\/www.hotelgabriella.net\/de\/e-bikes\/#breadcrumb","itemListElement":[{"@type":"ListItem","position":1,"name":"Home","item":"https:\/\/www.hotelgabriella.net\/de\/"},{"@type":"ListItem","position":2,"name":"E-BIKES"}]},{"@type":"WebSite","@id":"https:\/\/www.hotelgabriella.net\/#website","url":"https:\/\/www.hotelgabriella.net\/","name":"Hotel Gabriella Rimini","description":"","potentialAction":[{"@type":"SearchAction","target":{"@type":"EntryPoint","urlTemplate":"https:\/\/www.hotelgabriella.net\/?s={search_term_string}"},"query-input":{"@type":"PropertyValueSpecification","valueRequired":true,"valueName":"search_term_string"}}],"inLanguage":"de"}]}},"_links":{"self":[{"href":"https:\/\/www.hotelgabriella.net\/de\/wp-json\/wp\/v2\/pages\/2126","targetHints":{"allow":["GET"]}}],"collection":[{"href":"https:\/\/www.hotelgabriella.net\/de\/wp-json\/wp\/v2\/pages"}],"about":[{"href":"https:\/\/www.hotelgabriella.net\/de\/wp-json\/wp\/v2\/types\/page"}],"author":[{"embeddable":true,"href":"https:\/\/www.hotelgabriella.net\/de\/wp-json\/wp\/v2\/users\/6"}],"replies":[{"embeddable":true,"href":"https:\/\/www.hotelgabriella.net\/de\/wp-json\/wp\/v2\/comments?post=2126"}],"version-history":[{"count":0,"href":"https:\/\/www.hotelgabriella.net\/de\/wp-json\/wp\/v2\/pages\/2126\/revisions"}],"wp:attachment":[{"href":"https:\/\/www.hotelgabriella.net\/de\/wp-json\/wp\/v2\/media?parent=2126"}],"curies":[{"name":"wp","href":"https:\/\/api.w.org\/{rel}","templated":true}]}}