{"id":2199,"date":"2022-04-01T10:06:46","date_gmt":"2022-04-01T08:06:46","guid":{"rendered":"https:\/\/www.hotelgabriella.net\/?page_id=2199"},"modified":"2022-04-01T10:06:46","modified_gmt":"2022-04-01T08:06:46","slug":"erlebnisse-ausfluege-buchen","status":"publish","type":"page","link":"https:\/\/www.hotelgabriella.net\/de\/erlebnisse-ausfluege-buchen\/","title":{"rendered":"ERLEBNISSE \/ AUSFL\u00dcGE BUCHEN"},"content":{"rendered":"<p><span style=\"color: #999999\">Wenn Sie Ihren Urlaub mit besonderen Momenten auf der Suche nach ortstypischen Orten und Erlebnissen bereichern m\u00f6chten, ist die Auswahl sehr gro\u00df!<\/span><br \/>\n<span style=\"color: #999999\"><a style=\"color: #999999\" href=\"https:\/\/emiliaromagnawelcome-rimini.trekksoft.com\/de\" target=\"_blank\" rel=\"noopener\">Klicken Sie hier, um eine Welt voller M\u00f6glichkeiten zu entdecken<\/a><\/span><\/p>\n","protected":false},"excerpt":{"rendered":"<p>Wenn Sie Ihren Urlaub mit besonderen Momenten auf der Suche nach ortstypischen Orten und Erlebnissen bereichern m\u00f6chten, ist die Auswahl sehr gro\u00df! Klicken Sie hier, um eine Welt voller M\u00f6glichkeiten zu entdecken<\/p>\n","protected":false},"author":6,"featured_media":0,"parent":0,"menu_order":0,"comment_status":"closed","ping_status":"closed","template":"","meta":{"_acf_changed":false},"class_list":["post-2199","page","type-page","status-publish","hentry"],"acf":[],"yoast_head":"<!-- This site is optimized with the Yoast SEO plugin v27.4 - https:\/\/yoast.com\/product\/yoast-seo-wordpress\/ -->\n<title>ERLEBNISSE \/ AUSFL\u00dcGE BUCHEN | Hotel Gabriella Rimini<\/title>\n<meta name=\"robots\" content=\"index, follow, max-snippet:-1, max-image-preview:large, max-video-preview:-1\" \/>\n<link rel=\"canonical\" href=\"https:\/\/www.hotelgabriella.net\/de\/erlebnisse-ausfluege-buchen\/\" \/>\n<meta property=\"og:locale\" content=\"de_DE\" \/>\n<meta property=\"og:type\" content=\"article\" \/>\n<meta property=\"og:title\" content=\"ERLEBNISSE \/ AUSFL\u00dcGE BUCHEN | Hotel Gabriella Rimini\" \/>\n<meta property=\"og:description\" content=\"Wenn Sie Ihren Urlaub mit besonderen Momenten auf der Suche nach ortstypischen Orten und Erlebnissen bereichern m\u00f6chten, ist die Auswahl sehr gro\u00df! Klicken Sie hier, um eine Welt voller M\u00f6glichkeiten zu entdecken\" \/>\n<meta property=\"og:url\" content=\"https:\/\/www.hotelgabriella.net\/de\/erlebnisse-ausfluege-buchen\/\" \/>\n<meta property=\"og:site_name\" content=\"Hotel Gabriella Rimini\" \/>\n<meta name=\"twitter:card\" content=\"summary_large_image\" \/>\n<meta name=\"twitter:label1\" content=\"Gesch\u00e4tzte Lesezeit\" \/>\n\t<meta name=\"twitter:data1\" content=\"1\u00a0Minute\" \/>\n<script type=\"application\/ld+json\" class=\"yoast-schema-graph\">{\"@context\":\"https:\\\/\\\/schema.org\",\"@graph\":[{\"@type\":\"WebPage\",\"@id\":\"https:\\\/\\\/www.hotelgabriella.net\\\/de\\\/erlebnisse-ausfluege-buchen\\\/\",\"url\":\"https:\\\/\\\/www.hotelgabriella.net\\\/de\\\/erlebnisse-ausfluege-buchen\\\/\",\"name\":\"ERLEBNISSE \\\/ AUSFL\u00dcGE BUCHEN | Hotel Gabriella Rimini\",\"isPartOf\":{\"@id\":\"https:\\\/\\\/www.hotelgabriella.net\\\/#website\"},\"datePublished\":\"2022-04-01T08:06:46+00:00\",\"breadcrumb\":{\"@id\":\"https:\\\/\\\/www.hotelgabriella.net\\\/de\\\/erlebnisse-ausfluege-buchen\\\/#breadcrumb\"},\"inLanguage\":\"de\",\"potentialAction\":[{\"@type\":\"ReadAction\",\"target\":[\"https:\\\/\\\/www.hotelgabriella.net\\\/de\\\/erlebnisse-ausfluege-buchen\\\/\"]}]},{\"@type\":\"BreadcrumbList\",\"@id\":\"https:\\\/\\\/www.hotelgabriella.net\\\/de\\\/erlebnisse-ausfluege-buchen\\\/#breadcrumb\",\"itemListElement\":[{\"@type\":\"ListItem\",\"position\":1,\"name\":\"Home\",\"item\":\"https:\\\/\\\/www.hotelgabriella.net\\\/de\\\/\"},{\"@type\":\"ListItem\",\"position\":2,\"name\":\"ERLEBNISSE \\\/ AUSFL\u00dcGE BUCHEN\"}]},{\"@type\":\"WebSite\",\"@id\":\"https:\\\/\\\/www.hotelgabriella.net\\\/#website\",\"url\":\"https:\\\/\\\/www.hotelgabriella.net\\\/\",\"name\":\"Hotel Gabriella Rimini\",\"description\":\"\",\"potentialAction\":[{\"@type\":\"SearchAction\",\"target\":{\"@type\":\"EntryPoint\",\"urlTemplate\":\"https:\\\/\\\/www.hotelgabriella.net\\\/?s={search_term_string}\"},\"query-input\":{\"@type\":\"PropertyValueSpecification\",\"valueRequired\":true,\"valueName\":\"search_term_string\"}}],\"inLanguage\":\"de\"}]}<\/script>\n<!-- \/ Yoast SEO plugin. -->","yoast_head_json":{"title":"ERLEBNISSE \/ AUSFL\u00dcGE BUCHEN | Hotel Gabriella Rimini","robots":{"index":"index","follow":"follow","max-snippet":"max-snippet:-1","max-image-preview":"max-image-preview:large","max-video-preview":"max-video-preview:-1"},"canonical":"https:\/\/www.hotelgabriella.net\/de\/erlebnisse-ausfluege-buchen\/","og_locale":"de_DE","og_type":"article","og_title":"ERLEBNISSE \/ AUSFL\u00dcGE BUCHEN | Hotel Gabriella Rimini","og_description":"Wenn Sie Ihren Urlaub mit besonderen Momenten auf der Suche nach ortstypischen Orten und Erlebnissen bereichern m\u00f6chten, ist die Auswahl sehr gro\u00df! Klicken Sie hier, um eine Welt voller M\u00f6glichkeiten zu entdecken","og_url":"https:\/\/www.hotelgabriella.net\/de\/erlebnisse-ausfluege-buchen\/","og_site_name":"Hotel Gabriella Rimini","twitter_card":"summary_large_image","twitter_misc":{"Gesch\u00e4tzte Lesezeit":"1\u00a0Minute"},"schema":{"@context":"https:\/\/schema.org","@graph":[{"@type":"WebPage","@id":"https:\/\/www.hotelgabriella.net\/de\/erlebnisse-ausfluege-buchen\/","url":"https:\/\/www.hotelgabriella.net\/de\/erlebnisse-ausfluege-buchen\/","name":"ERLEBNISSE \/ AUSFL\u00dcGE BUCHEN | Hotel Gabriella Rimini","isPartOf":{"@id":"https:\/\/www.hotelgabriella.net\/#website"},"datePublished":"2022-04-01T08:06:46+00:00","breadcrumb":{"@id":"https:\/\/www.hotelgabriella.net\/de\/erlebnisse-ausfluege-buchen\/#breadcrumb"},"inLanguage":"de","potentialAction":[{"@type":"ReadAction","target":["https:\/\/www.hotelgabriella.net\/de\/erlebnisse-ausfluege-buchen\/"]}]},{"@type":"BreadcrumbList","@id":"https:\/\/www.hotelgabriella.net\/de\/erlebnisse-ausfluege-buchen\/#breadcrumb","itemListElement":[{"@type":"ListItem","position":1,"name":"Home","item":"https:\/\/www.hotelgabriella.net\/de\/"},{"@type":"ListItem","position":2,"name":"ERLEBNISSE \/ AUSFL\u00dcGE BUCHEN"}]},{"@type":"WebSite","@id":"https:\/\/www.hotelgabriella.net\/#website","url":"https:\/\/www.hotelgabriella.net\/","name":"Hotel Gabriella Rimini","description":"","potentialAction":[{"@type":"SearchAction","target":{"@type":"EntryPoint","urlTemplate":"https:\/\/www.hotelgabriella.net\/?s={search_term_string}"},"query-input":{"@type":"PropertyValueSpecification","valueRequired":true,"valueName":"search_term_string"}}],"inLanguage":"de"}]}},"_links":{"self":[{"href":"https:\/\/www.hotelgabriella.net\/de\/wp-json\/wp\/v2\/pages\/2199","targetHints":{"allow":["GET"]}}],"collection":[{"href":"https:\/\/www.hotelgabriella.net\/de\/wp-json\/wp\/v2\/pages"}],"about":[{"href":"https:\/\/www.hotelgabriella.net\/de\/wp-json\/wp\/v2\/types\/page"}],"author":[{"embeddable":true,"href":"https:\/\/www.hotelgabriella.net\/de\/wp-json\/wp\/v2\/users\/6"}],"replies":[{"embeddable":true,"href":"https:\/\/www.hotelgabriella.net\/de\/wp-json\/wp\/v2\/comments?post=2199"}],"version-history":[{"count":0,"href":"https:\/\/www.hotelgabriella.net\/de\/wp-json\/wp\/v2\/pages\/2199\/revisions"}],"wp:attachment":[{"href":"https:\/\/www.hotelgabriella.net\/de\/wp-json\/wp\/v2\/media?parent=2199"}],"curies":[{"name":"wp","href":"https:\/\/api.w.org\/{rel}","templated":true}]}}