{"id":2317,"date":"2022-12-12T11:21:15","date_gmt":"2022-12-12T10:21:15","guid":{"rendered":"https:\/\/www.hotelgabriella.net\/?page_id=2317"},"modified":"2024-07-21T18:29:53","modified_gmt":"2024-07-21T16:29:53","slug":"preisliste-2023","status":"publish","type":"page","link":"https:\/\/www.hotelgabriella.net\/de\/preisliste-2023\/","title":{"rendered":"Preisliste"},"content":{"rendered":"<p>Sie lieben Urlaub in v\u00f6lliger Freiheit und m\u00f6chten sich Ihren Alltag einmal anders vorstellen?<\/p>\n<p>Sie m\u00f6chten lieber im Hotel ankommen und an nichts mehr denken?<\/p>\n<p>Das Hotel Gabriella bietet viele verschiedene L\u00f6sungen!<\/p>\n<ul>\n<li>B&amp;B (\u00dcbernachtung und reichhaltiges Fr\u00fchst\u00fccksbuffet)<\/li>\n<li>B&amp;B + Mittagessen (Fr\u00fchst\u00fcck, Mittagessen, Wasser und alkoholfreie Getr\u00e4nke zu den Mahlzeiten)<\/li>\n<li>B&amp;B + Abendessen (Fr\u00fchst\u00fcck, Abendessen, Wasser und alkoholfreie Getr\u00e4nke zu den Mahlzeiten)<\/li>\n<li>Vollpension (Fr\u00fchst\u00fcck, Mittagessen, Abendessen, Mineralwasser, Erfrischungsgetr\u00e4nke zu den Mahlzeiten<\/li>\n<\/ul>\n<p>Zu jeder dieser L\u00f6sungen kann ein Strandservice hinzugef\u00fcgt werden: 1 Sonnenschirm und 2 Sonnenliegen.<\/p>\n<p>All-Inclusive-Behandlung (Fr\u00fchst\u00fcck, Mittagessen, Abendessen, Flaschenwein aus der Region, Mineralwasser, alkoholfreie Getr\u00e4nke zu den Mahlzeiten und Strandservice)<\/p>\n<p>Es sind zus\u00e4tzliche Dienste verf\u00fcgbar, die zu jeder von Ihnen gew\u00e4hlten L\u00f6sung hinzugef\u00fcgt werden k\u00f6nnen.<\/p>\n<ul>\n<li>Garage<\/li>\n<li>Whirlpool im Pool<\/li>\n<li>Entspannende Massagen<\/li>\n<\/ul>\n<p>Zimmertypologie:<\/p>\n<table style=\"width: 100.75373134328358%;height: 590px\" width=\"538\">\n<tbody>\n<tr>\n<td><strong>CLASSIC\u00a0<\/strong><\/td>\n<td>Zimmer mit eigenem Bad, Klimaanlage, K\u00fchlschrank, Telefon, Haartrockner, Wi-Fi-Verbindung, Flachbildfernseher mit LED-Technologie, Safe, Direktwahltelefon, Balkon, Flaschenw\u00e4rmer, Seitengitter und Babyphone auf Anfrage.<\/td>\n<td>Das Hotel wurde nach einem unkonventionellen architektonischen Design geboren und die Zimmer k\u00f6nnen sich daher in Form, Farbe und interner Struktur erheblich unterscheiden.<\/td>\n<\/tr>\n<tr style=\"height: 111px\">\n<td style=\"height: 111px\" width=\"92\"><strong>SUPERIOR<\/strong><\/p>\n<p>&nbsp;<\/td>\n<td style=\"height: 111px\" width=\"328\">Sehr helles Zimmer mit Balkon aufs Meer.. einem sehr sch\u00f6nen Bad, eigenem WC, Aircondition, K\u00fchlschrank, Telefon mit direkter Leitung, Haartrockner, Wi-Fi, Zimmersafe und Balkon. Auf Wunsch f\u00fcr die Kleinsten Fl\u00e4schchenw\u00e4rmer. In allen Zimmern neue Fernseher mit Flachschirm und LED-TV-Sat mit\u00a0<strong>Deutsche Programme<\/strong><\/td>\n<td style=\"height: 111px\" width=\"119\"><\/td>\n<\/tr>\n<tr style=\"height: 109px\">\n<td style=\"height: 109px\" width=\"92\"><strong>FAMILY SUITE<\/strong><\/p>\n<p>&nbsp;<\/td>\n<td style=\"height: 109px\" width=\"328\">Zwei kommunizierende Zimmer mit:2 Zimmer mit interner Verbindungst\u00fcr, 2 Balkonen mit Blick aufs Meer, Aircondition, gro\u00dfem Bad mit Duschbox, 2 Klimaanlagen, 2 Led-Sat-TVs mit<strong>\u00a0Deutsche Programme<\/strong>, Haartrockner, Zimmersafe, Wi-Fi, Telefon, 2\u00a0K\u00fchlschr\u00e4nke\u00a0(Bad und Einrichtung komplett neu).<\/td>\n<td style=\"height: 109px\" width=\"119\"><\/td>\n<\/tr>\n<tr style=\"height: 100px\">\n<td style=\"height: 100px\" width=\"92\"><strong>FAMILY ROOM<\/strong><\/p>\n<p>&nbsp;<\/td>\n<td style=\"height: 100px\" width=\"328\">Zwei Zimmer, mit:2 kommunizierenden Zimmern mit eigenem Eingang und zentraler Eingangst\u00fcr wie bei einem Apartment, 2 Balkonen, 2 B\u00e4dern mit Duschbox, 2 Klimaanlagen, 2 Led-Sat-TVs mit<strong>\u00a0Deutsche Programme<\/strong>, 2 Haartrocknern, 2 Safes, Wi-Fi, 2\u00a0K\u00fchlschr\u00e4nke<\/td>\n<td style=\"height: 100px\" width=\"119\"><\/td>\n<\/tr>\n<tr style=\"height: 107px\">\n<td style=\"height: 107px\" width=\"92\"><strong>JUNIOR SUITE<\/strong><\/p>\n<p>&nbsp;<\/td>\n<td style=\"height: 107px\" width=\"328\">. Zimmer mit kommunizierendem Wohnraum, mit:2 Balkonen mit Blick aufs Meer, gro\u00dfem Bad mit Duschbox, 2 Klimaanlagen, 2 Led-Sat-TVs mit<strong>\u00a0Deutsche Programme<\/strong>, Haartrockner, Zimmersafe, Wi-Fi, Telefon, 2\u00a0K\u00fchlschr\u00e4nke (Bad und Einrichtung komplett neu).<\/td>\n<td style=\"height: 107px\" width=\"119\"><\/td>\n<\/tr>\n<tr style=\"height: 163px\">\n<td style=\"height: 163px\" width=\"92\"><strong>ATTICO<\/strong><\/p>\n<p>&nbsp;<\/td>\n<td style=\"height: 163px\" width=\"328\">Herrliches Zimmer, nur mit Ehebett, mit allem Komfort:gro\u00dfes Bad mit Duschbox, Aircondition, eigener, ca. 35 m<sup>2<\/sup> gro\u00dfer Balkon mit Meersblick, Led-Sat-TV mit<strong>\u00a0Deutsche Programme<\/strong>, Wi-Fi, Haartrockner, Zimmersafe, Telefon, K\u00fchlschrank.<\/td>\n<td style=\"height: 163px\" width=\"119\"><\/td>\n<\/tr>\n<tr>\n<td><strong>ZIMMER MIT VERBINDUNG<\/strong><\/td>\n<td>Zwei Zimmer mit Verbindungst\u00fcr, jedes unabh\u00e4ngig. Jedes mit Bad, Duschkabine, Klimaanlage, K\u00fchlschrank, Led-TV, Wi-Fi, Haartrockner, Safe, Balkon<\/td>\n<td><strong>\u00a0<\/strong><\/td>\n<\/tr>\n<\/tbody>\n<\/table>\n<p>F\u00fcr die endg\u00fcltige Best\u00e4tigung der Reservierung ist eine Anzahlung erforderlich.<\/p>\n<p>Kostenlose Stornierung bis 7 Tage vor Anreise.<\/p>\n<p><strong>\u00a0Bankverbindung f\u00fcr die \u00dcberweisung der <a href=\"https:\/\/www.hotelgabriella.net\/de\/anzahlung\/\">Anzahlung<\/a>.<\/strong><\/p>\n<p><img loading=\"lazy\" decoding=\"async\" class=\"alignnone wp-image-453 size-full\" src=\"https:\/\/www.hotelgabriella.net\/wp-content\/uploads\/2016\/04\/credit-cards-1.png\" alt=\"\" width=\"223\" height=\"45\" \/><\/p>\n<p><strong>KURTAXE:<\/strong> Es betraegt Euro 2,50 Euro pro Person f\u00fcr maximal 7 Tage aus. Kinder bis 14 Jahren sind frei.<\/p>\n","protected":false},"excerpt":{"rendered":"<p>Sie lieben Urlaub in v\u00f6lliger Freiheit und m\u00f6chten sich Ihren Alltag einmal anders vorstellen? Sie m\u00f6chten lieber im Hotel ankommen und an nichts mehr denken? Das Hotel Gabriella bietet viele verschiedene L\u00f6sungen! B&amp;B (\u00dcbernachtung und reichhaltiges Fr\u00fchst\u00fccksbuffet) B&amp;B + Mittagessen (Fr\u00fchst\u00fcck, Mittagessen, Wasser und alkoholfreie Getr\u00e4nke zu den Mahlzeiten) B&amp;B + Abendessen (Fr\u00fchst\u00fcck, Abendessen, Wasser [&hellip;]<\/p>\n","protected":false},"author":6,"featured_media":0,"parent":0,"menu_order":0,"comment_status":"closed","ping_status":"closed","template":"","meta":{"_acf_changed":false},"class_list":["post-2317","page","type-page","status-publish","hentry"],"acf":[],"yoast_head":"<!-- This site is optimized with the Yoast SEO plugin v27.0 - https:\/\/yoast.com\/product\/yoast-seo-wordpress\/ -->\n<title>Preisliste | Hotel Gabriella Rimini<\/title>\n<meta name=\"robots\" content=\"index, follow, max-snippet:-1, max-image-preview:large, max-video-preview:-1\" \/>\n<link rel=\"canonical\" href=\"https:\/\/www.hotelgabriella.net\/de\/preisliste-2023\/\" \/>\n<meta property=\"og:locale\" content=\"de_DE\" \/>\n<meta property=\"og:type\" content=\"article\" \/>\n<meta property=\"og:title\" content=\"Preisliste | Hotel Gabriella Rimini\" \/>\n<meta property=\"og:description\" content=\"Sie lieben Urlaub in v\u00f6lliger Freiheit und m\u00f6chten sich Ihren Alltag einmal anders vorstellen? Sie m\u00f6chten lieber im Hotel ankommen und an nichts mehr denken? Das Hotel Gabriella bietet viele verschiedene L\u00f6sungen! B&amp;B (\u00dcbernachtung und reichhaltiges Fr\u00fchst\u00fccksbuffet) B&amp;B + Mittagessen (Fr\u00fchst\u00fcck, Mittagessen, Wasser und alkoholfreie Getr\u00e4nke zu den Mahlzeiten) B&amp;B + Abendessen (Fr\u00fchst\u00fcck, Abendessen, Wasser [&hellip;]\" \/>\n<meta property=\"og:url\" content=\"https:\/\/www.hotelgabriella.net\/de\/preisliste-2023\/\" \/>\n<meta property=\"og:site_name\" content=\"Hotel Gabriella Rimini\" \/>\n<meta property=\"article:modified_time\" content=\"2024-07-21T16:29:53+00:00\" \/>\n<meta property=\"og:image\" content=\"https:\/\/www.hotelgabriella.net\/wp-content\/uploads\/2016\/04\/credit-cards-1.png\" \/>\n<meta name=\"twitter:card\" content=\"summary_large_image\" \/>\n<meta name=\"twitter:label1\" content=\"Gesch\u00e4tzte Lesezeit\" \/>\n\t<meta name=\"twitter:data1\" content=\"3\u00a0Minuten\" \/>\n<script type=\"application\/ld+json\" class=\"yoast-schema-graph\">{\"@context\":\"https:\/\/schema.org\",\"@graph\":[{\"@type\":\"WebPage\",\"@id\":\"https:\/\/www.hotelgabriella.net\/de\/preisliste-2023\/\",\"url\":\"https:\/\/www.hotelgabriella.net\/de\/preisliste-2023\/\",\"name\":\"Preisliste | Hotel Gabriella Rimini\",\"isPartOf\":{\"@id\":\"https:\/\/www.hotelgabriella.net\/#website\"},\"primaryImageOfPage\":{\"@id\":\"https:\/\/www.hotelgabriella.net\/de\/preisliste-2023\/#primaryimage\"},\"image\":{\"@id\":\"https:\/\/www.hotelgabriella.net\/de\/preisliste-2023\/#primaryimage\"},\"thumbnailUrl\":\"https:\/\/www.hotelgabriella.net\/wp-content\/uploads\/2016\/04\/credit-cards-1.png\",\"datePublished\":\"2022-12-12T10:21:15+00:00\",\"dateModified\":\"2024-07-21T16:29:53+00:00\",\"breadcrumb\":{\"@id\":\"https:\/\/www.hotelgabriella.net\/de\/preisliste-2023\/#breadcrumb\"},\"inLanguage\":\"de\",\"potentialAction\":[{\"@type\":\"ReadAction\",\"target\":[\"https:\/\/www.hotelgabriella.net\/de\/preisliste-2023\/\"]}]},{\"@type\":\"ImageObject\",\"inLanguage\":\"de\",\"@id\":\"https:\/\/www.hotelgabriella.net\/de\/preisliste-2023\/#primaryimage\",\"url\":\"https:\/\/www.hotelgabriella.net\/wp-content\/uploads\/2016\/04\/credit-cards-1.png\",\"contentUrl\":\"https:\/\/www.hotelgabriella.net\/wp-content\/uploads\/2016\/04\/credit-cards-1.png\"},{\"@type\":\"BreadcrumbList\",\"@id\":\"https:\/\/www.hotelgabriella.net\/de\/preisliste-2023\/#breadcrumb\",\"itemListElement\":[{\"@type\":\"ListItem\",\"position\":1,\"name\":\"Home\",\"item\":\"https:\/\/www.hotelgabriella.net\/de\/\"},{\"@type\":\"ListItem\",\"position\":2,\"name\":\"Preisliste\"}]},{\"@type\":\"WebSite\",\"@id\":\"https:\/\/www.hotelgabriella.net\/#website\",\"url\":\"https:\/\/www.hotelgabriella.net\/\",\"name\":\"Hotel Gabriella Rimini\",\"description\":\"\",\"potentialAction\":[{\"@type\":\"SearchAction\",\"target\":{\"@type\":\"EntryPoint\",\"urlTemplate\":\"https:\/\/www.hotelgabriella.net\/?s={search_term_string}\"},\"query-input\":{\"@type\":\"PropertyValueSpecification\",\"valueRequired\":true,\"valueName\":\"search_term_string\"}}],\"inLanguage\":\"de\"}]}<\/script>\n<!-- \/ Yoast SEO plugin. -->","yoast_head_json":{"title":"Preisliste | Hotel Gabriella Rimini","robots":{"index":"index","follow":"follow","max-snippet":"max-snippet:-1","max-image-preview":"max-image-preview:large","max-video-preview":"max-video-preview:-1"},"canonical":"https:\/\/www.hotelgabriella.net\/de\/preisliste-2023\/","og_locale":"de_DE","og_type":"article","og_title":"Preisliste | Hotel Gabriella Rimini","og_description":"Sie lieben Urlaub in v\u00f6lliger Freiheit und m\u00f6chten sich Ihren Alltag einmal anders vorstellen? Sie m\u00f6chten lieber im Hotel ankommen und an nichts mehr denken? Das Hotel Gabriella bietet viele verschiedene L\u00f6sungen! B&amp;B (\u00dcbernachtung und reichhaltiges Fr\u00fchst\u00fccksbuffet) B&amp;B + Mittagessen (Fr\u00fchst\u00fcck, Mittagessen, Wasser und alkoholfreie Getr\u00e4nke zu den Mahlzeiten) B&amp;B + Abendessen (Fr\u00fchst\u00fcck, Abendessen, Wasser [&hellip;]","og_url":"https:\/\/www.hotelgabriella.net\/de\/preisliste-2023\/","og_site_name":"Hotel Gabriella Rimini","article_modified_time":"2024-07-21T16:29:53+00:00","og_image":[{"url":"https:\/\/www.hotelgabriella.net\/wp-content\/uploads\/2016\/04\/credit-cards-1.png","type":"","width":"","height":""}],"twitter_card":"summary_large_image","twitter_misc":{"Gesch\u00e4tzte Lesezeit":"3\u00a0Minuten"},"schema":{"@context":"https:\/\/schema.org","@graph":[{"@type":"WebPage","@id":"https:\/\/www.hotelgabriella.net\/de\/preisliste-2023\/","url":"https:\/\/www.hotelgabriella.net\/de\/preisliste-2023\/","name":"Preisliste | Hotel Gabriella Rimini","isPartOf":{"@id":"https:\/\/www.hotelgabriella.net\/#website"},"primaryImageOfPage":{"@id":"https:\/\/www.hotelgabriella.net\/de\/preisliste-2023\/#primaryimage"},"image":{"@id":"https:\/\/www.hotelgabriella.net\/de\/preisliste-2023\/#primaryimage"},"thumbnailUrl":"https:\/\/www.hotelgabriella.net\/wp-content\/uploads\/2016\/04\/credit-cards-1.png","datePublished":"2022-12-12T10:21:15+00:00","dateModified":"2024-07-21T16:29:53+00:00","breadcrumb":{"@id":"https:\/\/www.hotelgabriella.net\/de\/preisliste-2023\/#breadcrumb"},"inLanguage":"de","potentialAction":[{"@type":"ReadAction","target":["https:\/\/www.hotelgabriella.net\/de\/preisliste-2023\/"]}]},{"@type":"ImageObject","inLanguage":"de","@id":"https:\/\/www.hotelgabriella.net\/de\/preisliste-2023\/#primaryimage","url":"https:\/\/www.hotelgabriella.net\/wp-content\/uploads\/2016\/04\/credit-cards-1.png","contentUrl":"https:\/\/www.hotelgabriella.net\/wp-content\/uploads\/2016\/04\/credit-cards-1.png"},{"@type":"BreadcrumbList","@id":"https:\/\/www.hotelgabriella.net\/de\/preisliste-2023\/#breadcrumb","itemListElement":[{"@type":"ListItem","position":1,"name":"Home","item":"https:\/\/www.hotelgabriella.net\/de\/"},{"@type":"ListItem","position":2,"name":"Preisliste"}]},{"@type":"WebSite","@id":"https:\/\/www.hotelgabriella.net\/#website","url":"https:\/\/www.hotelgabriella.net\/","name":"Hotel Gabriella Rimini","description":"","potentialAction":[{"@type":"SearchAction","target":{"@type":"EntryPoint","urlTemplate":"https:\/\/www.hotelgabriella.net\/?s={search_term_string}"},"query-input":{"@type":"PropertyValueSpecification","valueRequired":true,"valueName":"search_term_string"}}],"inLanguage":"de"}]}},"_links":{"self":[{"href":"https:\/\/www.hotelgabriella.net\/de\/wp-json\/wp\/v2\/pages\/2317","targetHints":{"allow":["GET"]}}],"collection":[{"href":"https:\/\/www.hotelgabriella.net\/de\/wp-json\/wp\/v2\/pages"}],"about":[{"href":"https:\/\/www.hotelgabriella.net\/de\/wp-json\/wp\/v2\/types\/page"}],"author":[{"embeddable":true,"href":"https:\/\/www.hotelgabriella.net\/de\/wp-json\/wp\/v2\/users\/6"}],"replies":[{"embeddable":true,"href":"https:\/\/www.hotelgabriella.net\/de\/wp-json\/wp\/v2\/comments?post=2317"}],"version-history":[{"count":0,"href":"https:\/\/www.hotelgabriella.net\/de\/wp-json\/wp\/v2\/pages\/2317\/revisions"}],"wp:attachment":[{"href":"https:\/\/www.hotelgabriella.net\/de\/wp-json\/wp\/v2\/media?parent=2317"}],"curies":[{"name":"wp","href":"https:\/\/api.w.org\/{rel}","templated":true}]}}