{"id":2371,"date":"2024-07-08T14:52:33","date_gmt":"2024-07-08T12:52:33","guid":{"rendered":"https:\/\/www.hotelgabriella.net\/?page_id=2371"},"modified":"2024-07-08T14:52:33","modified_gmt":"2024-07-08T12:52:33","slug":"neu-elektroladegeraet-direkt-im-hotel","status":"publish","type":"page","link":"https:\/\/www.hotelgabriella.net\/de\/neu-elektroladegeraet-direkt-im-hotel\/","title":{"rendered":"Neu &#8211; Elektroladeger\u00e4t direkt im Hotel"},"content":{"rendered":"<p>Das Hotel Gabriella freut sich, seinen G\u00e4sten ab diesem Jahr die M\u00f6glichkeit bieten zu k\u00f6nnen, Elektrofahrzeuge auf dem Grundst\u00fcck aufzuladen!<\/p>\n<p>Wir wissen, wie wichtig es f\u00fcr viele unserer Kunden ist, sich umweltfreundlich fortzubewegen, und diese Innovation (eingef\u00fchrt in der Saison 2024) stellt einen wichtigen Mehrwert dar, um einen innovativen und konkreten Service anzubieten, der die ethischen Entscheidungen unserer Art unterst\u00fctzt G\u00e4ste.<\/p>\n<p>Mit dem SGR Dazebox C-Ger\u00e4t k\u00f6nnen Sie Ihre Autos w\u00e4hrend Ihres Aufenthalts aufladen und so das t\u00e4gliche Aufladen erleichtern.<\/p>\n<p>Wir sind sicher, dass der Komfort, das Auto direkt im Hotel aufladen zu k\u00f6nnen, dazu beitr\u00e4gt, Ihren Aufenthalt angenehmer und erholsamer zu gestalten.<\/p>\n<ul>\n<li>Ladeleistung: Bis zu 6 kW, erm\u00f6glicht schnelles und komfortables Laden von Elektrofahrzeugen<\/li>\n<li>Erweiterte Konnektivit\u00e4t: Bietet Wi-Fi- und Bluetooth-Konnektivit\u00e4t f\u00fcr die Fern\u00fcberwachung und -steuerung des Ladevorgangs<\/li>\n<li>Sicherheit: Ausgestattet mit modernsten Sicherheitssystemen, um maximalen Schutz w\u00e4hrend des Ladevorgangs zu gew\u00e4hrleisten<img loading=\"lazy\" decoding=\"async\" class=\"aligncenter size-full wp-image-2368\" src=\"https:\/\/www.hotelgabriella.net\/wp-content\/uploads\/2024\/07\/SGR.jpg\" alt=\"\" width=\"800\" height=\"600\" data-big-size=\"800x600\" \/><\/li>\n<\/ul>\n","protected":false},"excerpt":{"rendered":"<p>Das Hotel Gabriella freut sich, seinen G\u00e4sten ab diesem Jahr die M\u00f6glichkeit bieten zu k\u00f6nnen, Elektrofahrzeuge auf dem Grundst\u00fcck aufzuladen! Wir wissen, wie wichtig es f\u00fcr viele unserer Kunden ist, sich umweltfreundlich fortzubewegen, und diese Innovation (eingef\u00fchrt in der Saison 2024) stellt einen wichtigen Mehrwert dar, um einen innovativen und konkreten Service anzubieten, der die [&hellip;]<\/p>\n","protected":false},"author":6,"featured_media":0,"parent":0,"menu_order":0,"comment_status":"closed","ping_status":"closed","template":"","meta":{"_acf_changed":false},"class_list":["post-2371","page","type-page","status-publish","hentry"],"acf":[],"yoast_head":"<!-- This site is optimized with the Yoast SEO plugin v27.4 - https:\/\/yoast.com\/product\/yoast-seo-wordpress\/ -->\n<title>Neu - Elektroladeger\u00e4t direkt im Hotel | Hotel Gabriella Rimini<\/title>\n<meta name=\"robots\" content=\"index, follow, max-snippet:-1, max-image-preview:large, max-video-preview:-1\" \/>\n<link rel=\"canonical\" href=\"https:\/\/www.hotelgabriella.net\/de\/neu-elektroladegeraet-direkt-im-hotel\/\" \/>\n<meta property=\"og:locale\" content=\"de_DE\" \/>\n<meta property=\"og:type\" content=\"article\" \/>\n<meta property=\"og:title\" content=\"Neu - Elektroladeger\u00e4t direkt im Hotel | Hotel Gabriella Rimini\" \/>\n<meta property=\"og:description\" content=\"Das Hotel Gabriella freut sich, seinen G\u00e4sten ab diesem Jahr die M\u00f6glichkeit bieten zu k\u00f6nnen, Elektrofahrzeuge auf dem Grundst\u00fcck aufzuladen! Wir wissen, wie wichtig es f\u00fcr viele unserer Kunden ist, sich umweltfreundlich fortzubewegen, und diese Innovation (eingef\u00fchrt in der Saison 2024) stellt einen wichtigen Mehrwert dar, um einen innovativen und konkreten Service anzubieten, der die [&hellip;]\" \/>\n<meta property=\"og:url\" content=\"https:\/\/www.hotelgabriella.net\/de\/neu-elektroladegeraet-direkt-im-hotel\/\" \/>\n<meta property=\"og:site_name\" content=\"Hotel Gabriella Rimini\" \/>\n<meta property=\"og:image\" content=\"https:\/\/www.hotelgabriella.net\/wp-content\/uploads\/2024\/07\/SGR.jpg\" \/>\n<meta name=\"twitter:card\" content=\"summary_large_image\" \/>\n<meta name=\"twitter:label1\" content=\"Gesch\u00e4tzte Lesezeit\" \/>\n\t<meta name=\"twitter:data1\" content=\"1\u00a0Minute\" \/>\n<script type=\"application\/ld+json\" class=\"yoast-schema-graph\">{\"@context\":\"https:\\\/\\\/schema.org\",\"@graph\":[{\"@type\":\"WebPage\",\"@id\":\"https:\\\/\\\/www.hotelgabriella.net\\\/de\\\/neu-elektroladegeraet-direkt-im-hotel\\\/\",\"url\":\"https:\\\/\\\/www.hotelgabriella.net\\\/de\\\/neu-elektroladegeraet-direkt-im-hotel\\\/\",\"name\":\"Neu - Elektroladeger\u00e4t direkt im Hotel | Hotel Gabriella Rimini\",\"isPartOf\":{\"@id\":\"https:\\\/\\\/www.hotelgabriella.net\\\/#website\"},\"primaryImageOfPage\":{\"@id\":\"https:\\\/\\\/www.hotelgabriella.net\\\/de\\\/neu-elektroladegeraet-direkt-im-hotel\\\/#primaryimage\"},\"image\":{\"@id\":\"https:\\\/\\\/www.hotelgabriella.net\\\/de\\\/neu-elektroladegeraet-direkt-im-hotel\\\/#primaryimage\"},\"thumbnailUrl\":\"https:\\\/\\\/www.hotelgabriella.net\\\/wp-content\\\/uploads\\\/2024\\\/07\\\/SGR.jpg\",\"datePublished\":\"2024-07-08T12:52:33+00:00\",\"breadcrumb\":{\"@id\":\"https:\\\/\\\/www.hotelgabriella.net\\\/de\\\/neu-elektroladegeraet-direkt-im-hotel\\\/#breadcrumb\"},\"inLanguage\":\"de\",\"potentialAction\":[{\"@type\":\"ReadAction\",\"target\":[\"https:\\\/\\\/www.hotelgabriella.net\\\/de\\\/neu-elektroladegeraet-direkt-im-hotel\\\/\"]}]},{\"@type\":\"ImageObject\",\"inLanguage\":\"de\",\"@id\":\"https:\\\/\\\/www.hotelgabriella.net\\\/de\\\/neu-elektroladegeraet-direkt-im-hotel\\\/#primaryimage\",\"url\":\"https:\\\/\\\/www.hotelgabriella.net\\\/wp-content\\\/uploads\\\/2024\\\/07\\\/SGR.jpg\",\"contentUrl\":\"https:\\\/\\\/www.hotelgabriella.net\\\/wp-content\\\/uploads\\\/2024\\\/07\\\/SGR.jpg\"},{\"@type\":\"BreadcrumbList\",\"@id\":\"https:\\\/\\\/www.hotelgabriella.net\\\/de\\\/neu-elektroladegeraet-direkt-im-hotel\\\/#breadcrumb\",\"itemListElement\":[{\"@type\":\"ListItem\",\"position\":1,\"name\":\"Home\",\"item\":\"https:\\\/\\\/www.hotelgabriella.net\\\/de\\\/\"},{\"@type\":\"ListItem\",\"position\":2,\"name\":\"Neu &#8211; Elektroladeger\u00e4t direkt im Hotel\"}]},{\"@type\":\"WebSite\",\"@id\":\"https:\\\/\\\/www.hotelgabriella.net\\\/#website\",\"url\":\"https:\\\/\\\/www.hotelgabriella.net\\\/\",\"name\":\"Hotel Gabriella Rimini\",\"description\":\"\",\"potentialAction\":[{\"@type\":\"SearchAction\",\"target\":{\"@type\":\"EntryPoint\",\"urlTemplate\":\"https:\\\/\\\/www.hotelgabriella.net\\\/?s={search_term_string}\"},\"query-input\":{\"@type\":\"PropertyValueSpecification\",\"valueRequired\":true,\"valueName\":\"search_term_string\"}}],\"inLanguage\":\"de\"}]}<\/script>\n<!-- \/ Yoast SEO plugin. -->","yoast_head_json":{"title":"Neu - Elektroladeger\u00e4t direkt im Hotel | Hotel Gabriella Rimini","robots":{"index":"index","follow":"follow","max-snippet":"max-snippet:-1","max-image-preview":"max-image-preview:large","max-video-preview":"max-video-preview:-1"},"canonical":"https:\/\/www.hotelgabriella.net\/de\/neu-elektroladegeraet-direkt-im-hotel\/","og_locale":"de_DE","og_type":"article","og_title":"Neu - Elektroladeger\u00e4t direkt im Hotel | Hotel Gabriella Rimini","og_description":"Das Hotel Gabriella freut sich, seinen G\u00e4sten ab diesem Jahr die M\u00f6glichkeit bieten zu k\u00f6nnen, Elektrofahrzeuge auf dem Grundst\u00fcck aufzuladen! Wir wissen, wie wichtig es f\u00fcr viele unserer Kunden ist, sich umweltfreundlich fortzubewegen, und diese Innovation (eingef\u00fchrt in der Saison 2024) stellt einen wichtigen Mehrwert dar, um einen innovativen und konkreten Service anzubieten, der die [&hellip;]","og_url":"https:\/\/www.hotelgabriella.net\/de\/neu-elektroladegeraet-direkt-im-hotel\/","og_site_name":"Hotel Gabriella Rimini","og_image":[{"url":"https:\/\/www.hotelgabriella.net\/wp-content\/uploads\/2024\/07\/SGR.jpg","type":"","width":"","height":""}],"twitter_card":"summary_large_image","twitter_misc":{"Gesch\u00e4tzte Lesezeit":"1\u00a0Minute"},"schema":{"@context":"https:\/\/schema.org","@graph":[{"@type":"WebPage","@id":"https:\/\/www.hotelgabriella.net\/de\/neu-elektroladegeraet-direkt-im-hotel\/","url":"https:\/\/www.hotelgabriella.net\/de\/neu-elektroladegeraet-direkt-im-hotel\/","name":"Neu - Elektroladeger\u00e4t direkt im Hotel | Hotel Gabriella Rimini","isPartOf":{"@id":"https:\/\/www.hotelgabriella.net\/#website"},"primaryImageOfPage":{"@id":"https:\/\/www.hotelgabriella.net\/de\/neu-elektroladegeraet-direkt-im-hotel\/#primaryimage"},"image":{"@id":"https:\/\/www.hotelgabriella.net\/de\/neu-elektroladegeraet-direkt-im-hotel\/#primaryimage"},"thumbnailUrl":"https:\/\/www.hotelgabriella.net\/wp-content\/uploads\/2024\/07\/SGR.jpg","datePublished":"2024-07-08T12:52:33+00:00","breadcrumb":{"@id":"https:\/\/www.hotelgabriella.net\/de\/neu-elektroladegeraet-direkt-im-hotel\/#breadcrumb"},"inLanguage":"de","potentialAction":[{"@type":"ReadAction","target":["https:\/\/www.hotelgabriella.net\/de\/neu-elektroladegeraet-direkt-im-hotel\/"]}]},{"@type":"ImageObject","inLanguage":"de","@id":"https:\/\/www.hotelgabriella.net\/de\/neu-elektroladegeraet-direkt-im-hotel\/#primaryimage","url":"https:\/\/www.hotelgabriella.net\/wp-content\/uploads\/2024\/07\/SGR.jpg","contentUrl":"https:\/\/www.hotelgabriella.net\/wp-content\/uploads\/2024\/07\/SGR.jpg"},{"@type":"BreadcrumbList","@id":"https:\/\/www.hotelgabriella.net\/de\/neu-elektroladegeraet-direkt-im-hotel\/#breadcrumb","itemListElement":[{"@type":"ListItem","position":1,"name":"Home","item":"https:\/\/www.hotelgabriella.net\/de\/"},{"@type":"ListItem","position":2,"name":"Neu &#8211; Elektroladeger\u00e4t direkt im Hotel"}]},{"@type":"WebSite","@id":"https:\/\/www.hotelgabriella.net\/#website","url":"https:\/\/www.hotelgabriella.net\/","name":"Hotel Gabriella Rimini","description":"","potentialAction":[{"@type":"SearchAction","target":{"@type":"EntryPoint","urlTemplate":"https:\/\/www.hotelgabriella.net\/?s={search_term_string}"},"query-input":{"@type":"PropertyValueSpecification","valueRequired":true,"valueName":"search_term_string"}}],"inLanguage":"de"}]}},"_links":{"self":[{"href":"https:\/\/www.hotelgabriella.net\/de\/wp-json\/wp\/v2\/pages\/2371","targetHints":{"allow":["GET"]}}],"collection":[{"href":"https:\/\/www.hotelgabriella.net\/de\/wp-json\/wp\/v2\/pages"}],"about":[{"href":"https:\/\/www.hotelgabriella.net\/de\/wp-json\/wp\/v2\/types\/page"}],"author":[{"embeddable":true,"href":"https:\/\/www.hotelgabriella.net\/de\/wp-json\/wp\/v2\/users\/6"}],"replies":[{"embeddable":true,"href":"https:\/\/www.hotelgabriella.net\/de\/wp-json\/wp\/v2\/comments?post=2371"}],"version-history":[{"count":0,"href":"https:\/\/www.hotelgabriella.net\/de\/wp-json\/wp\/v2\/pages\/2371\/revisions"}],"wp:attachment":[{"href":"https:\/\/www.hotelgabriella.net\/de\/wp-json\/wp\/v2\/media?parent=2371"}],"curies":[{"name":"wp","href":"https:\/\/api.w.org\/{rel}","templated":true}]}}