{"id":2389,"date":"2024-11-29T09:09:43","date_gmt":"2024-11-29T08:09:43","guid":{"rendered":"https:\/\/www.hotelgabriella.net\/?page_id=2389"},"modified":"2026-02-26T11:45:15","modified_gmt":"2026-02-26T10:45:15","slug":"anreise-hotel-gabriella-rimini","status":"publish","type":"page","link":"https:\/\/www.hotelgabriella.net\/de\/anreise-hotel-gabriella-rimini\/","title":{"rendered":"ANREISE mit dem ZUG \/ FLUG"},"content":{"rendered":"<p><span style=\"font-size: 14pt\"><strong>T\u00e4glich ab dem 02. April<\/strong><\/span> startet die Zugverbindung zwischen M\u00fcnchen und der romagnolischen Riviera der Deutschen DB und der \u00d6sterreichischen \u00d6BB.<\/p>\n<p>Die Verbindung wird <span style=\"font-size: 14pt\"><strong>bis zum 04. Oktober<\/strong><\/span> bestehen bleiben<\/p>\n<p>Bei den eingesetzten Z\u00fcgen handelt es sich um RailJets der neuen Generation von Siemens mit WLAN-Anschluss an Bord, einer Kapazit\u00e4t von 532 Sitzpl\u00e4tzen und einer H\u00f6chstgeschwindigkeit von 230 Kilometern pro Stunde. Jeder Zug verf\u00fcgt \u00fcber 430 Sitzpl\u00e4tze in der Economy Class, 86 in der First Class und 16 in der Business Class. Im Multifunktionswagen gibt es drei Rollstuhlpl\u00e4tze f\u00fcr Behinderte mit Niederflureinstiegen, sechs Fahrradst\u00e4nder und Platz f\u00fcr Ski und Snowboards. Schlie\u00dflich stehen an Bord ein Restaurant und drei Snackbereiche mit Verkaufsautomaten zur Verf\u00fcgung.<\/p>\n<p>Was den Fahrplan betrifft, so f\u00e4hrt<span style=\"font-size: 14pt\"><strong> der erste<\/strong><strong>RJ 83-Zug um 9.34 Uhr von M\u00fcnchen ab und kommt um 17.30 Uhr in Rimini an<\/strong><\/span>.<\/p>\n<p><a href=\"https:\/\/www.bahn.de\/?lang=de\" target=\"_blank\" rel=\"noopener\">Weitere Informationen finden Sie auf der Website<\/a><\/p>\n<p><img loading=\"lazy\" decoding=\"async\" class=\"alignnone wp-image-2601\" src=\"https:\/\/www.hotelgabriella.net\/wp-content\/uploads\/2025\/12\/treno-sito-2026.jpg\" alt=\"\" width=\"800\" height=\"1132\" data-big-size=\"1131x1600\" srcset=\"https:\/\/www.hotelgabriella.net\/wp-content\/uploads\/2025\/12\/treno-sito-2026.jpg 1131w, https:\/\/www.hotelgabriella.net\/wp-content\/uploads\/2025\/12\/treno-sito-2026-1086x1536.jpg 1086w\" sizes=\"auto, (max-width: 800px) 100vw, 800px\" \/><\/p>\n<p><span style=\"font-size: 14pt\"><strong>Reisen Sie mit dem Flugzeug?<\/strong><\/span><\/p>\n<p><span style=\"font-size: 14pt\"><strong><br \/>\n<\/strong><strong style=\"font-size: 18.6667px\">Nach Rimini Neu ab 2026:\u00a0<\/strong><\/span><\/p>\n<p><span style=\"font-size: 14pt\"><strong>&#x2708;&#xfe0f; Neue Direktverbindung: <\/strong><\/span><\/p>\n<p><span style=\"font-size: 14pt\"><strong>K\u00f6ln &#x2194; Rimini!<\/strong><\/span><\/p>\n<p><span style=\"font-size: 14pt\"><strong>Ryanair macht es m\u00f6glich: Ab 1. Juni 2026 fliegt ihr direkt von K\u00f6ln an die sonnige Adriak\u00fcste nach Rimini \u2013 3x pro Woche (Montag, Donnerstag &amp; Samstag)! &#x1f30a;&#x2600;&#xfe0f;<br \/>\n<\/strong><\/span><\/p>\n<p><span style=\"font-size: 14pt\"><strong>Die Riviera romagnola wartet auf euch: goldene Str\u00e4nde, k\u00f6stliche K\u00fcche und das Dolce Vita pur \u2013 nur einen kurzen Flug entfernt.<br \/>\n&#x1f5d3;&#xfe0f; Verf\u00fcgbar bis 24. Oktober 2026 &#x1f39f;&#xfe0f;<br \/>\n#Ryanair #K\u00f6lnRimini #NeueFlugroute #Rimini #RivieraRomagnola #Sommer2026 #Urlaub #Fliegen #hotelgabriella<br \/>\n17 h<\/strong><\/span><\/p>\n<p><span style=\"font-size: 14pt\"><strong style=\"font-size: 18.6667px\">Nach Rimini: <\/strong>Ab d<\/span><span style=\"font-size: 14pt\">iesem Jahr ko\u0308nnen Sie von folgenden Flugha\u0308fen fliegen:<\/span><\/p>\n<p><span style=\"font-size: 14pt\"><strong><span style=\"color: #3366ff\">Basel &#8211; Luxenburg &#8211; Wien,<\/span> <span style=\"color: #3366ff\">K\u00f6ln <\/span>und wir kommen um Euch abzuholen<\/strong><\/span><\/p>\n<p><img loading=\"lazy\" decoding=\"async\" class=\"alignnone size-full wp-image-2605\" src=\"https:\/\/www.hotelgabriella.net\/wp-content\/uploads\/2025\/12\/Schermata-2025-12-16-alle-08.43.44.png\" alt=\"\" width=\"1167\" height=\"320\" data-big-size=\"1167x320\" \/><\/p>\n<p><img loading=\"lazy\" decoding=\"async\" class=\"alignnone size-full wp-image-2609\" src=\"https:\/\/www.hotelgabriella.net\/wp-content\/uploads\/2025\/12\/Schermata-2025-12-16-alle-08.43.57.png\" alt=\"\" width=\"1151\" height=\"697\" data-big-size=\"1151x697\" \/><\/p>\n<p>Fl\u00fcge sind unter <a href=\"https:\/\/flyuniversalair.com\/de\/\" target=\"_blank\" rel=\"noopener\">www.flyuniversalair.com<\/a> erh\u00e4ltlich<\/p>\n<p><strong><span style=\"font-size: 14pt\"><strong style=\"font-size: 18.6667px\">F\u00fcr Fl\u00fcge, die in Bologna ankommen, gibt es einen <\/strong><\/span><\/strong><strong><span style=\"font-size: 14pt\">Shuttle: <\/span><\/strong><\/p>\n<p><strong><span style=\"font-size: 14pt\">Bologna &#8211; Rimini \/<\/span> <span style=\"font-size: 14pt\">Rimini &#8211; Bologna<\/span><\/strong><\/p>\n<p>Verbindungdienst mit dem Bus vom Flughafen Guglielmo Marconi in Bologna nach Rimini. G\u00fcltig das ganze Jahr, mit 10 t\u00e4glichen Fahrten (hin und zur\u00fcck).<\/p>\n<p>Die Endstation des Shuttles findet in der N\u00e4he des Bahnhofs in Rimini statt und es gibt auch eine Haltestelle in der Annibale Fada Stra\u00dfe.<\/p>\n<p>Strecke: Bologna \u2013 Rimini<br \/>\nStrecke: Rimini \u2013 Bologna<\/p>\n<p>Infos und Kontakte:<a href=\"https:\/\/www.shuttleitalyairport.it\/en\/\" target=\"_blank\" rel=\"noopener\"> https:\/\/www.shuttleitalyairport.it\/en\/<\/a><\/p>\n<p>&nbsp;<\/p>\n<p>&nbsp;<\/p>\n","protected":false},"excerpt":{"rendered":"<p>T\u00e4glich ab dem 02. April startet die Zugverbindung zwischen M\u00fcnchen und der romagnolischen Riviera der Deutschen DB und der \u00d6sterreichischen \u00d6BB. Die Verbindung wird bis zum 04. Oktober bestehen bleiben Bei den eingesetzten Z\u00fcgen handelt es sich um RailJets der neuen Generation von Siemens mit WLAN-Anschluss an Bord, einer Kapazit\u00e4t von 532 Sitzpl\u00e4tzen und einer [&hellip;]<\/p>\n","protected":false},"author":6,"featured_media":0,"parent":0,"menu_order":0,"comment_status":"closed","ping_status":"closed","template":"","meta":{"_acf_changed":false},"class_list":["post-2389","page","type-page","status-publish","hentry"],"acf":[],"yoast_head":"<!-- This site is optimized with the Yoast SEO plugin v27.4 - https:\/\/yoast.com\/product\/yoast-seo-wordpress\/ -->\n<title>ANREISE mit dem ZUG \/ FLUG | Hotel Gabriella Rimini<\/title>\n<meta name=\"description\" content=\"Erreichen Sie das Hotel Gabriella in Rimini bequem mit Zug oder Flug. Alle Informationen zur Anreise an die Adriak\u00fcste auf einen Blick\" \/>\n<meta name=\"robots\" content=\"index, follow, max-snippet:-1, max-image-preview:large, max-video-preview:-1\" \/>\n<link rel=\"canonical\" href=\"https:\/\/www.hotelgabriella.net\/de\/anreise-hotel-gabriella-rimini\/\" \/>\n<meta property=\"og:locale\" content=\"de_DE\" \/>\n<meta property=\"og:type\" content=\"article\" \/>\n<meta property=\"og:title\" content=\"ANREISE mit dem ZUG \/ FLUG | Hotel Gabriella Rimini\" \/>\n<meta property=\"og:description\" content=\"Erreichen Sie das Hotel Gabriella in Rimini bequem mit Zug oder Flug. Alle Informationen zur Anreise an die Adriak\u00fcste auf einen Blick\" \/>\n<meta property=\"og:url\" content=\"https:\/\/www.hotelgabriella.net\/de\/anreise-hotel-gabriella-rimini\/\" \/>\n<meta property=\"og:site_name\" content=\"Hotel Gabriella Rimini\" \/>\n<meta property=\"article:modified_time\" content=\"2026-02-26T10:45:15+00:00\" \/>\n<meta property=\"og:image\" content=\"https:\/\/www.hotelgabriella.net\/wp-content\/uploads\/2025\/12\/treno-sito-2026.jpg\" \/>\n\t<meta property=\"og:image:width\" content=\"1131\" \/>\n\t<meta property=\"og:image:height\" content=\"1600\" \/>\n\t<meta property=\"og:image:type\" content=\"image\/jpeg\" \/>\n<meta name=\"twitter:card\" content=\"summary_large_image\" \/>\n<meta name=\"twitter:label1\" content=\"Gesch\u00e4tzte Lesezeit\" \/>\n\t<meta name=\"twitter:data1\" content=\"3\u00a0Minuten\" \/>\n<script type=\"application\/ld+json\" class=\"yoast-schema-graph\">{\"@context\":\"https:\\\/\\\/schema.org\",\"@graph\":[{\"@type\":\"WebPage\",\"@id\":\"https:\\\/\\\/www.hotelgabriella.net\\\/de\\\/anreise-hotel-gabriella-rimini\\\/\",\"url\":\"https:\\\/\\\/www.hotelgabriella.net\\\/de\\\/anreise-hotel-gabriella-rimini\\\/\",\"name\":\"ANREISE mit dem ZUG \\\/ FLUG | Hotel Gabriella Rimini\",\"isPartOf\":{\"@id\":\"https:\\\/\\\/www.hotelgabriella.net\\\/#website\"},\"primaryImageOfPage\":{\"@id\":\"https:\\\/\\\/www.hotelgabriella.net\\\/de\\\/anreise-hotel-gabriella-rimini\\\/#primaryimage\"},\"image\":{\"@id\":\"https:\\\/\\\/www.hotelgabriella.net\\\/de\\\/anreise-hotel-gabriella-rimini\\\/#primaryimage\"},\"thumbnailUrl\":\"https:\\\/\\\/www.hotelgabriella.net\\\/wp-content\\\/uploads\\\/2025\\\/12\\\/treno-sito-2026.jpg\",\"datePublished\":\"2024-11-29T08:09:43+00:00\",\"dateModified\":\"2026-02-26T10:45:15+00:00\",\"description\":\"Erreichen Sie das Hotel Gabriella in Rimini bequem mit Zug oder Flug. Alle Informationen zur Anreise an die Adriak\u00fcste auf einen Blick\",\"breadcrumb\":{\"@id\":\"https:\\\/\\\/www.hotelgabriella.net\\\/de\\\/anreise-hotel-gabriella-rimini\\\/#breadcrumb\"},\"inLanguage\":\"de\",\"potentialAction\":[{\"@type\":\"ReadAction\",\"target\":[\"https:\\\/\\\/www.hotelgabriella.net\\\/de\\\/anreise-hotel-gabriella-rimini\\\/\"]}]},{\"@type\":\"ImageObject\",\"inLanguage\":\"de\",\"@id\":\"https:\\\/\\\/www.hotelgabriella.net\\\/de\\\/anreise-hotel-gabriella-rimini\\\/#primaryimage\",\"url\":\"https:\\\/\\\/www.hotelgabriella.net\\\/wp-content\\\/uploads\\\/2025\\\/12\\\/treno-sito-2026.jpg\",\"contentUrl\":\"https:\\\/\\\/www.hotelgabriella.net\\\/wp-content\\\/uploads\\\/2025\\\/12\\\/treno-sito-2026.jpg\"},{\"@type\":\"BreadcrumbList\",\"@id\":\"https:\\\/\\\/www.hotelgabriella.net\\\/de\\\/anreise-hotel-gabriella-rimini\\\/#breadcrumb\",\"itemListElement\":[{\"@type\":\"ListItem\",\"position\":1,\"name\":\"Home\",\"item\":\"https:\\\/\\\/www.hotelgabriella.net\\\/de\\\/\"},{\"@type\":\"ListItem\",\"position\":2,\"name\":\"ANREISE mit dem ZUG \\\/ FLUG\"}]},{\"@type\":\"WebSite\",\"@id\":\"https:\\\/\\\/www.hotelgabriella.net\\\/#website\",\"url\":\"https:\\\/\\\/www.hotelgabriella.net\\\/\",\"name\":\"Hotel Gabriella Rimini\",\"description\":\"\",\"potentialAction\":[{\"@type\":\"SearchAction\",\"target\":{\"@type\":\"EntryPoint\",\"urlTemplate\":\"https:\\\/\\\/www.hotelgabriella.net\\\/?s={search_term_string}\"},\"query-input\":{\"@type\":\"PropertyValueSpecification\",\"valueRequired\":true,\"valueName\":\"search_term_string\"}}],\"inLanguage\":\"de\"}]}<\/script>\n<!-- \/ Yoast SEO plugin. -->","yoast_head_json":{"title":"ANREISE mit dem ZUG \/ FLUG | Hotel Gabriella Rimini","description":"Erreichen Sie das Hotel Gabriella in Rimini bequem mit Zug oder Flug. Alle Informationen zur Anreise an die Adriak\u00fcste auf einen Blick","robots":{"index":"index","follow":"follow","max-snippet":"max-snippet:-1","max-image-preview":"max-image-preview:large","max-video-preview":"max-video-preview:-1"},"canonical":"https:\/\/www.hotelgabriella.net\/de\/anreise-hotel-gabriella-rimini\/","og_locale":"de_DE","og_type":"article","og_title":"ANREISE mit dem ZUG \/ FLUG | Hotel Gabriella Rimini","og_description":"Erreichen Sie das Hotel Gabriella in Rimini bequem mit Zug oder Flug. Alle Informationen zur Anreise an die Adriak\u00fcste auf einen Blick","og_url":"https:\/\/www.hotelgabriella.net\/de\/anreise-hotel-gabriella-rimini\/","og_site_name":"Hotel Gabriella Rimini","article_modified_time":"2026-02-26T10:45:15+00:00","og_image":[{"width":1131,"height":1600,"url":"https:\/\/www.hotelgabriella.net\/wp-content\/uploads\/2025\/12\/treno-sito-2026.jpg","type":"image\/jpeg"}],"twitter_card":"summary_large_image","twitter_misc":{"Gesch\u00e4tzte Lesezeit":"3\u00a0Minuten"},"schema":{"@context":"https:\/\/schema.org","@graph":[{"@type":"WebPage","@id":"https:\/\/www.hotelgabriella.net\/de\/anreise-hotel-gabriella-rimini\/","url":"https:\/\/www.hotelgabriella.net\/de\/anreise-hotel-gabriella-rimini\/","name":"ANREISE mit dem ZUG \/ FLUG | Hotel Gabriella Rimini","isPartOf":{"@id":"https:\/\/www.hotelgabriella.net\/#website"},"primaryImageOfPage":{"@id":"https:\/\/www.hotelgabriella.net\/de\/anreise-hotel-gabriella-rimini\/#primaryimage"},"image":{"@id":"https:\/\/www.hotelgabriella.net\/de\/anreise-hotel-gabriella-rimini\/#primaryimage"},"thumbnailUrl":"https:\/\/www.hotelgabriella.net\/wp-content\/uploads\/2025\/12\/treno-sito-2026.jpg","datePublished":"2024-11-29T08:09:43+00:00","dateModified":"2026-02-26T10:45:15+00:00","description":"Erreichen Sie das Hotel Gabriella in Rimini bequem mit Zug oder Flug. Alle Informationen zur Anreise an die Adriak\u00fcste auf einen Blick","breadcrumb":{"@id":"https:\/\/www.hotelgabriella.net\/de\/anreise-hotel-gabriella-rimini\/#breadcrumb"},"inLanguage":"de","potentialAction":[{"@type":"ReadAction","target":["https:\/\/www.hotelgabriella.net\/de\/anreise-hotel-gabriella-rimini\/"]}]},{"@type":"ImageObject","inLanguage":"de","@id":"https:\/\/www.hotelgabriella.net\/de\/anreise-hotel-gabriella-rimini\/#primaryimage","url":"https:\/\/www.hotelgabriella.net\/wp-content\/uploads\/2025\/12\/treno-sito-2026.jpg","contentUrl":"https:\/\/www.hotelgabriella.net\/wp-content\/uploads\/2025\/12\/treno-sito-2026.jpg"},{"@type":"BreadcrumbList","@id":"https:\/\/www.hotelgabriella.net\/de\/anreise-hotel-gabriella-rimini\/#breadcrumb","itemListElement":[{"@type":"ListItem","position":1,"name":"Home","item":"https:\/\/www.hotelgabriella.net\/de\/"},{"@type":"ListItem","position":2,"name":"ANREISE mit dem ZUG \/ FLUG"}]},{"@type":"WebSite","@id":"https:\/\/www.hotelgabriella.net\/#website","url":"https:\/\/www.hotelgabriella.net\/","name":"Hotel Gabriella Rimini","description":"","potentialAction":[{"@type":"SearchAction","target":{"@type":"EntryPoint","urlTemplate":"https:\/\/www.hotelgabriella.net\/?s={search_term_string}"},"query-input":{"@type":"PropertyValueSpecification","valueRequired":true,"valueName":"search_term_string"}}],"inLanguage":"de"}]}},"_links":{"self":[{"href":"https:\/\/www.hotelgabriella.net\/de\/wp-json\/wp\/v2\/pages\/2389","targetHints":{"allow":["GET"]}}],"collection":[{"href":"https:\/\/www.hotelgabriella.net\/de\/wp-json\/wp\/v2\/pages"}],"about":[{"href":"https:\/\/www.hotelgabriella.net\/de\/wp-json\/wp\/v2\/types\/page"}],"author":[{"embeddable":true,"href":"https:\/\/www.hotelgabriella.net\/de\/wp-json\/wp\/v2\/users\/6"}],"replies":[{"embeddable":true,"href":"https:\/\/www.hotelgabriella.net\/de\/wp-json\/wp\/v2\/comments?post=2389"}],"version-history":[{"count":0,"href":"https:\/\/www.hotelgabriella.net\/de\/wp-json\/wp\/v2\/pages\/2389\/revisions"}],"wp:attachment":[{"href":"https:\/\/www.hotelgabriella.net\/de\/wp-json\/wp\/v2\/media?parent=2389"}],"curies":[{"name":"wp","href":"https:\/\/api.w.org\/{rel}","templated":true}]}}