{"id":659,"date":"2026-03-18T12:43:04","date_gmt":"2026-03-18T11:43:04","guid":{"rendered":"https:\/\/www.hotelgabriella.net\/de\/hotel-con-ristorante-rimini\/"},"modified":"2026-03-18T16:18:24","modified_gmt":"2026-03-18T15:18:24","slug":"das-restaurant-hotel-rimini-romagna-kueche","status":"publish","type":"page","link":"https:\/\/www.hotelgabriella.net\/de\/das-restaurant-hotel-rimini-romagna-kueche\/","title":{"rendered":"Das Restaurant"},"content":{"rendered":"<p><strong>&#x1f377; Genuss pur im Hotel Gabriella \u2013 Torre Pedrera, Rimini<\/strong><\/p>\n<p>Willkommen in der K\u00fcche der Romagna! Im <strong>Hotel Gabriella<\/strong> kocht die Inhaberin pers\u00f6nlich \u2013 mit Leidenschaft, frischen Zutaten und den besten Rezepten der Region. Fleisch, Fisch, hausgemachte Pasta und k\u00f6stliche Desserts warten t\u00e4glich auf Sie.<\/p>\n<p>Dazu bieten wir eine <strong>gro\u00dfz\u00fcgige Auswahl an Weinen<\/strong> aus ganz Italien sowie eine <strong>vielf\u00e4ltige Bierkarte<\/strong> \u2013 f\u00fcr jeden Geschmack das Richtige.<\/p>\n<p>Sonne, Meer und ein gedeckter Tisch voller Gen\u00fcsse<\/p>\n","protected":false},"excerpt":{"rendered":"<p>&#x1f377; Genuss pur im Hotel Gabriella \u2013 Torre Pedrera, Rimini Willkommen in der K\u00fcche der Romagna! Im Hotel Gabriella kocht die Inhaberin pers\u00f6nlich \u2013 mit Leidenschaft, frischen Zutaten und den besten Rezepten der Region. Fleisch, Fisch, hausgemachte Pasta und k\u00f6stliche Desserts warten t\u00e4glich auf Sie. Dazu bieten wir eine gro\u00dfz\u00fcgige Auswahl an Weinen aus ganz [&hellip;]<\/p>\n","protected":false},"author":5,"featured_media":0,"parent":0,"menu_order":0,"comment_status":"closed","ping_status":"closed","template":"","meta":{"_acf_changed":false},"class_list":["post-659","page","type-page","status-publish","hentry"],"acf":[],"yoast_head":"<!-- This site is optimized with the Yoast SEO plugin v27.4 - https:\/\/yoast.com\/product\/yoast-seo-wordpress\/ -->\n<title>Das Restaurant | Hotel Gabriella Rimini<\/title>\n<meta name=\"description\" content=\"Hotel mit gutem Restaurant in Rimini&quot;&quot;Typische italienische K\u00fcche Rimini f\u00fcr Deutsche&quot;&quot;Hotel Rimini mit Weinauswahl&quot;\" \/>\n<meta name=\"robots\" content=\"index, follow, max-snippet:-1, max-image-preview:large, max-video-preview:-1\" \/>\n<link rel=\"canonical\" href=\"https:\/\/www.hotelgabriella.net\/de\/das-restaurant-hotel-rimini-romagna-kueche\/\" \/>\n<meta property=\"og:locale\" content=\"de_DE\" \/>\n<meta property=\"og:type\" content=\"article\" \/>\n<meta property=\"og:title\" content=\"Das Restaurant | Hotel Gabriella Rimini\" \/>\n<meta property=\"og:description\" content=\"Hotel mit gutem Restaurant in Rimini&quot;&quot;Typische italienische K\u00fcche Rimini f\u00fcr Deutsche&quot;&quot;Hotel Rimini mit Weinauswahl&quot;\" \/>\n<meta property=\"og:url\" content=\"https:\/\/www.hotelgabriella.net\/de\/das-restaurant-hotel-rimini-romagna-kueche\/\" \/>\n<meta property=\"og:site_name\" content=\"Hotel Gabriella Rimini\" \/>\n<meta property=\"article:modified_time\" content=\"2026-03-18T15:18:24+00:00\" \/>\n<meta name=\"twitter:card\" content=\"summary_large_image\" \/>\n<meta name=\"twitter:label1\" content=\"Gesch\u00e4tzte Lesezeit\" \/>\n\t<meta name=\"twitter:data1\" content=\"1\u00a0Minute\" \/>\n<script type=\"application\/ld+json\" class=\"yoast-schema-graph\">{\"@context\":\"https:\\\/\\\/schema.org\",\"@graph\":[{\"@type\":\"WebPage\",\"@id\":\"https:\\\/\\\/www.hotelgabriella.net\\\/de\\\/das-restaurant-hotel-rimini-romagna-kueche\\\/\",\"url\":\"https:\\\/\\\/www.hotelgabriella.net\\\/de\\\/das-restaurant-hotel-rimini-romagna-kueche\\\/\",\"name\":\"Das Restaurant | Hotel Gabriella Rimini\",\"isPartOf\":{\"@id\":\"https:\\\/\\\/www.hotelgabriella.net\\\/#website\"},\"datePublished\":\"2026-03-18T11:43:04+00:00\",\"dateModified\":\"2026-03-18T15:18:24+00:00\",\"description\":\"Hotel mit gutem Restaurant in Rimini\\\"\\\"Typische italienische K\u00fcche Rimini f\u00fcr Deutsche\\\"\\\"Hotel Rimini mit Weinauswahl\\\"\",\"breadcrumb\":{\"@id\":\"https:\\\/\\\/www.hotelgabriella.net\\\/de\\\/das-restaurant-hotel-rimini-romagna-kueche\\\/#breadcrumb\"},\"inLanguage\":\"de\",\"potentialAction\":[{\"@type\":\"ReadAction\",\"target\":[\"https:\\\/\\\/www.hotelgabriella.net\\\/de\\\/das-restaurant-hotel-rimini-romagna-kueche\\\/\"]}]},{\"@type\":\"BreadcrumbList\",\"@id\":\"https:\\\/\\\/www.hotelgabriella.net\\\/de\\\/das-restaurant-hotel-rimini-romagna-kueche\\\/#breadcrumb\",\"itemListElement\":[{\"@type\":\"ListItem\",\"position\":1,\"name\":\"Home\",\"item\":\"https:\\\/\\\/www.hotelgabriella.net\\\/de\\\/\"},{\"@type\":\"ListItem\",\"position\":2,\"name\":\"Das Restaurant\"}]},{\"@type\":\"WebSite\",\"@id\":\"https:\\\/\\\/www.hotelgabriella.net\\\/#website\",\"url\":\"https:\\\/\\\/www.hotelgabriella.net\\\/\",\"name\":\"Hotel Gabriella Rimini\",\"description\":\"\",\"potentialAction\":[{\"@type\":\"SearchAction\",\"target\":{\"@type\":\"EntryPoint\",\"urlTemplate\":\"https:\\\/\\\/www.hotelgabriella.net\\\/?s={search_term_string}\"},\"query-input\":{\"@type\":\"PropertyValueSpecification\",\"valueRequired\":true,\"valueName\":\"search_term_string\"}}],\"inLanguage\":\"de\"}]}<\/script>\n<!-- \/ Yoast SEO plugin. -->","yoast_head_json":{"title":"Das Restaurant | Hotel Gabriella Rimini","description":"Hotel mit gutem Restaurant in Rimini\"\"Typische italienische K\u00fcche Rimini f\u00fcr Deutsche\"\"Hotel Rimini mit Weinauswahl\"","robots":{"index":"index","follow":"follow","max-snippet":"max-snippet:-1","max-image-preview":"max-image-preview:large","max-video-preview":"max-video-preview:-1"},"canonical":"https:\/\/www.hotelgabriella.net\/de\/das-restaurant-hotel-rimini-romagna-kueche\/","og_locale":"de_DE","og_type":"article","og_title":"Das Restaurant | Hotel Gabriella Rimini","og_description":"Hotel mit gutem Restaurant in Rimini\"\"Typische italienische K\u00fcche Rimini f\u00fcr Deutsche\"\"Hotel Rimini mit Weinauswahl\"","og_url":"https:\/\/www.hotelgabriella.net\/de\/das-restaurant-hotel-rimini-romagna-kueche\/","og_site_name":"Hotel Gabriella Rimini","article_modified_time":"2026-03-18T15:18:24+00:00","twitter_card":"summary_large_image","twitter_misc":{"Gesch\u00e4tzte Lesezeit":"1\u00a0Minute"},"schema":{"@context":"https:\/\/schema.org","@graph":[{"@type":"WebPage","@id":"https:\/\/www.hotelgabriella.net\/de\/das-restaurant-hotel-rimini-romagna-kueche\/","url":"https:\/\/www.hotelgabriella.net\/de\/das-restaurant-hotel-rimini-romagna-kueche\/","name":"Das Restaurant | Hotel Gabriella Rimini","isPartOf":{"@id":"https:\/\/www.hotelgabriella.net\/#website"},"datePublished":"2026-03-18T11:43:04+00:00","dateModified":"2026-03-18T15:18:24+00:00","description":"Hotel mit gutem Restaurant in Rimini\"\"Typische italienische K\u00fcche Rimini f\u00fcr Deutsche\"\"Hotel Rimini mit Weinauswahl\"","breadcrumb":{"@id":"https:\/\/www.hotelgabriella.net\/de\/das-restaurant-hotel-rimini-romagna-kueche\/#breadcrumb"},"inLanguage":"de","potentialAction":[{"@type":"ReadAction","target":["https:\/\/www.hotelgabriella.net\/de\/das-restaurant-hotel-rimini-romagna-kueche\/"]}]},{"@type":"BreadcrumbList","@id":"https:\/\/www.hotelgabriella.net\/de\/das-restaurant-hotel-rimini-romagna-kueche\/#breadcrumb","itemListElement":[{"@type":"ListItem","position":1,"name":"Home","item":"https:\/\/www.hotelgabriella.net\/de\/"},{"@type":"ListItem","position":2,"name":"Das Restaurant"}]},{"@type":"WebSite","@id":"https:\/\/www.hotelgabriella.net\/#website","url":"https:\/\/www.hotelgabriella.net\/","name":"Hotel Gabriella Rimini","description":"","potentialAction":[{"@type":"SearchAction","target":{"@type":"EntryPoint","urlTemplate":"https:\/\/www.hotelgabriella.net\/?s={search_term_string}"},"query-input":{"@type":"PropertyValueSpecification","valueRequired":true,"valueName":"search_term_string"}}],"inLanguage":"de"}]}},"_links":{"self":[{"href":"https:\/\/www.hotelgabriella.net\/de\/wp-json\/wp\/v2\/pages\/659","targetHints":{"allow":["GET"]}}],"collection":[{"href":"https:\/\/www.hotelgabriella.net\/de\/wp-json\/wp\/v2\/pages"}],"about":[{"href":"https:\/\/www.hotelgabriella.net\/de\/wp-json\/wp\/v2\/types\/page"}],"author":[{"embeddable":true,"href":"https:\/\/www.hotelgabriella.net\/de\/wp-json\/wp\/v2\/users\/5"}],"replies":[{"embeddable":true,"href":"https:\/\/www.hotelgabriella.net\/de\/wp-json\/wp\/v2\/comments?post=659"}],"version-history":[{"count":0,"href":"https:\/\/www.hotelgabriella.net\/de\/wp-json\/wp\/v2\/pages\/659\/revisions"}],"wp:attachment":[{"href":"https:\/\/www.hotelgabriella.net\/de\/wp-json\/wp\/v2\/media?parent=659"}],"curies":[{"name":"wp","href":"https:\/\/api.w.org\/{rel}","templated":true}]}}