{"id":667,"date":"2026-03-18T11:33:33","date_gmt":"2026-03-18T10:33:33","guid":{"rendered":"https:\/\/www.hotelgabriella.net\/de\/relax-in-hotel\/"},"modified":"2026-03-18T16:32:46","modified_gmt":"2026-03-18T15:32:46","slug":"entspannen-im-hotel","status":"publish","type":"page","link":"https:\/\/www.hotelgabriella.net\/de\/entspannen-im-hotel\/","title":{"rendered":"Nichts ist nach der R\u00fcckkehr vom Strand entspannender als eine herrliche Massage&#8230;"},"content":{"rendered":"<p class=\"font-claude-response-body break-words whitespace-normal leading-[1.7]\"><strong>Wellness &amp; Fitness im Hotel Gabriella \u2013 Ihre Gesundheit in besten H\u00e4nden<\/strong><\/p>\n<p class=\"font-claude-response-body break-words whitespace-normal leading-[1.7]\">Vertrauen Sie Ihrer Gesundheit nur den Besten: Im Hotel Gabriella verw\u00f6hnen Sie ausgebildete Physiotherapeuten und diplomierte Masseure mit gezielten Behandlungen, die nicht nur entspannen, sondern auch Ihrem Wohlbefinden nachhaltig zugutekommen. Sprechen Sie einfach an der Rezeption vor \u2013 wir beraten Sie gerne und reservieren Ihre pers\u00f6nliche Wohlf\u00fchlbehandlung.<\/p>\n<p class=\"font-claude-response-body break-words whitespace-normal leading-[1.7]\">Wer auch im Urlaub in Bewegung bleiben m\u00f6chte, findet in unserem modern ausgestatteten Fitnessbereich direkt am Pool die idealen Bedingungen daf\u00fcr. Erholen Sie sich anschlie\u00dfend im Whirlpool mit wohltuenden Massaged\u00fcsen, oder tauchen Sie in unserem gro\u00dfen Pool mit Seitend\u00fcsen und einer erfrischenden Regendusche in pure Entspannung ein.<\/p>\n","protected":false},"excerpt":{"rendered":"<p>Wellness &amp; Fitness im Hotel Gabriella \u2013 Ihre Gesundheit in besten H\u00e4nden Vertrauen Sie Ihrer Gesundheit nur den Besten: Im Hotel Gabriella verw\u00f6hnen Sie ausgebildete Physiotherapeuten und diplomierte Masseure mit gezielten Behandlungen, die nicht nur entspannen, sondern auch Ihrem Wohlbefinden nachhaltig zugutekommen. Sprechen Sie einfach an der Rezeption vor \u2013 wir beraten Sie gerne und [&hellip;]<\/p>\n","protected":false},"author":5,"featured_media":0,"parent":0,"menu_order":0,"comment_status":"closed","ping_status":"closed","template":"","meta":{"_acf_changed":false},"class_list":["post-667","page","type-page","status-publish","hentry"],"acf":[],"yoast_head":"<!-- This site is optimized with the Yoast SEO plugin v27.4 - https:\/\/yoast.com\/product\/yoast-seo-wordpress\/ -->\n<title>Entspannen im Hotel | Hotel Gabriella<\/title>\n<meta name=\"description\" content=\"Wellness, Massage &amp; Fitness im Hotel Gabriella: Professionelle Physiotherapeuten, Whirlpool und Pool mit Massaged\u00fcsen \u2013 Ihr Wohlbefinden steht bei uns an erster Stelle.\" \/>\n<meta name=\"robots\" content=\"index, follow, max-snippet:-1, max-image-preview:large, max-video-preview:-1\" \/>\n<link rel=\"canonical\" href=\"https:\/\/www.hotelgabriella.net\/de\/entspannen-im-hotel\/\" \/>\n<meta property=\"og:locale\" content=\"de_DE\" \/>\n<meta property=\"og:type\" content=\"article\" \/>\n<meta property=\"og:title\" content=\"Entspannen im Hotel | Hotel Gabriella\" \/>\n<meta property=\"og:description\" content=\"Wellness, Massage &amp; Fitness im Hotel Gabriella: Professionelle Physiotherapeuten, Whirlpool und Pool mit Massaged\u00fcsen \u2013 Ihr Wohlbefinden steht bei uns an erster Stelle.\" \/>\n<meta property=\"og:url\" content=\"https:\/\/www.hotelgabriella.net\/de\/entspannen-im-hotel\/\" \/>\n<meta property=\"og:site_name\" content=\"Hotel Gabriella Rimini\" \/>\n<meta property=\"article:modified_time\" content=\"2026-03-18T15:32:46+00:00\" \/>\n<meta name=\"twitter:card\" content=\"summary_large_image\" \/>\n<meta name=\"twitter:label1\" content=\"Gesch\u00e4tzte Lesezeit\" \/>\n\t<meta name=\"twitter:data1\" content=\"1\u00a0Minute\" \/>\n<script type=\"application\/ld+json\" class=\"yoast-schema-graph\">{\"@context\":\"https:\\\/\\\/schema.org\",\"@graph\":[{\"@type\":\"WebPage\",\"@id\":\"https:\\\/\\\/www.hotelgabriella.net\\\/de\\\/entspannen-im-hotel\\\/\",\"url\":\"https:\\\/\\\/www.hotelgabriella.net\\\/de\\\/entspannen-im-hotel\\\/\",\"name\":\"Entspannen im Hotel | Hotel Gabriella\",\"isPartOf\":{\"@id\":\"https:\\\/\\\/www.hotelgabriella.net\\\/#website\"},\"datePublished\":\"2026-03-18T10:33:33+00:00\",\"dateModified\":\"2026-03-18T15:32:46+00:00\",\"description\":\"Wellness, Massage & Fitness im Hotel Gabriella: Professionelle Physiotherapeuten, Whirlpool und Pool mit Massaged\u00fcsen \u2013 Ihr Wohlbefinden steht bei uns an erster Stelle.\",\"breadcrumb\":{\"@id\":\"https:\\\/\\\/www.hotelgabriella.net\\\/de\\\/entspannen-im-hotel\\\/#breadcrumb\"},\"inLanguage\":\"de\",\"potentialAction\":[{\"@type\":\"ReadAction\",\"target\":[\"https:\\\/\\\/www.hotelgabriella.net\\\/de\\\/entspannen-im-hotel\\\/\"]}]},{\"@type\":\"BreadcrumbList\",\"@id\":\"https:\\\/\\\/www.hotelgabriella.net\\\/de\\\/entspannen-im-hotel\\\/#breadcrumb\",\"itemListElement\":[{\"@type\":\"ListItem\",\"position\":1,\"name\":\"Home\",\"item\":\"https:\\\/\\\/www.hotelgabriella.net\\\/de\\\/\"},{\"@type\":\"ListItem\",\"position\":2,\"name\":\"Nichts ist nach der R\u00fcckkehr vom Strand entspannender als eine herrliche Massage&#8230;\"}]},{\"@type\":\"WebSite\",\"@id\":\"https:\\\/\\\/www.hotelgabriella.net\\\/#website\",\"url\":\"https:\\\/\\\/www.hotelgabriella.net\\\/\",\"name\":\"Hotel Gabriella Rimini\",\"description\":\"\",\"potentialAction\":[{\"@type\":\"SearchAction\",\"target\":{\"@type\":\"EntryPoint\",\"urlTemplate\":\"https:\\\/\\\/www.hotelgabriella.net\\\/?s={search_term_string}\"},\"query-input\":{\"@type\":\"PropertyValueSpecification\",\"valueRequired\":true,\"valueName\":\"search_term_string\"}}],\"inLanguage\":\"de\"}]}<\/script>\n<!-- \/ Yoast SEO plugin. -->","yoast_head_json":{"title":"Entspannen im Hotel | Hotel Gabriella","description":"Wellness, Massage & Fitness im Hotel Gabriella: Professionelle Physiotherapeuten, Whirlpool und Pool mit Massaged\u00fcsen \u2013 Ihr Wohlbefinden steht bei uns an erster Stelle.","robots":{"index":"index","follow":"follow","max-snippet":"max-snippet:-1","max-image-preview":"max-image-preview:large","max-video-preview":"max-video-preview:-1"},"canonical":"https:\/\/www.hotelgabriella.net\/de\/entspannen-im-hotel\/","og_locale":"de_DE","og_type":"article","og_title":"Entspannen im Hotel | Hotel Gabriella","og_description":"Wellness, Massage & Fitness im Hotel Gabriella: Professionelle Physiotherapeuten, Whirlpool und Pool mit Massaged\u00fcsen \u2013 Ihr Wohlbefinden steht bei uns an erster Stelle.","og_url":"https:\/\/www.hotelgabriella.net\/de\/entspannen-im-hotel\/","og_site_name":"Hotel Gabriella Rimini","article_modified_time":"2026-03-18T15:32:46+00:00","twitter_card":"summary_large_image","twitter_misc":{"Gesch\u00e4tzte Lesezeit":"1\u00a0Minute"},"schema":{"@context":"https:\/\/schema.org","@graph":[{"@type":"WebPage","@id":"https:\/\/www.hotelgabriella.net\/de\/entspannen-im-hotel\/","url":"https:\/\/www.hotelgabriella.net\/de\/entspannen-im-hotel\/","name":"Entspannen im Hotel | Hotel Gabriella","isPartOf":{"@id":"https:\/\/www.hotelgabriella.net\/#website"},"datePublished":"2026-03-18T10:33:33+00:00","dateModified":"2026-03-18T15:32:46+00:00","description":"Wellness, Massage & Fitness im Hotel Gabriella: Professionelle Physiotherapeuten, Whirlpool und Pool mit Massaged\u00fcsen \u2013 Ihr Wohlbefinden steht bei uns an erster Stelle.","breadcrumb":{"@id":"https:\/\/www.hotelgabriella.net\/de\/entspannen-im-hotel\/#breadcrumb"},"inLanguage":"de","potentialAction":[{"@type":"ReadAction","target":["https:\/\/www.hotelgabriella.net\/de\/entspannen-im-hotel\/"]}]},{"@type":"BreadcrumbList","@id":"https:\/\/www.hotelgabriella.net\/de\/entspannen-im-hotel\/#breadcrumb","itemListElement":[{"@type":"ListItem","position":1,"name":"Home","item":"https:\/\/www.hotelgabriella.net\/de\/"},{"@type":"ListItem","position":2,"name":"Nichts ist nach der R\u00fcckkehr vom Strand entspannender als eine herrliche Massage&#8230;"}]},{"@type":"WebSite","@id":"https:\/\/www.hotelgabriella.net\/#website","url":"https:\/\/www.hotelgabriella.net\/","name":"Hotel Gabriella Rimini","description":"","potentialAction":[{"@type":"SearchAction","target":{"@type":"EntryPoint","urlTemplate":"https:\/\/www.hotelgabriella.net\/?s={search_term_string}"},"query-input":{"@type":"PropertyValueSpecification","valueRequired":true,"valueName":"search_term_string"}}],"inLanguage":"de"}]}},"_links":{"self":[{"href":"https:\/\/www.hotelgabriella.net\/de\/wp-json\/wp\/v2\/pages\/667","targetHints":{"allow":["GET"]}}],"collection":[{"href":"https:\/\/www.hotelgabriella.net\/de\/wp-json\/wp\/v2\/pages"}],"about":[{"href":"https:\/\/www.hotelgabriella.net\/de\/wp-json\/wp\/v2\/types\/page"}],"author":[{"embeddable":true,"href":"https:\/\/www.hotelgabriella.net\/de\/wp-json\/wp\/v2\/users\/5"}],"replies":[{"embeddable":true,"href":"https:\/\/www.hotelgabriella.net\/de\/wp-json\/wp\/v2\/comments?post=667"}],"version-history":[{"count":0,"href":"https:\/\/www.hotelgabriella.net\/de\/wp-json\/wp\/v2\/pages\/667\/revisions"}],"wp:attachment":[{"href":"https:\/\/www.hotelgabriella.net\/de\/wp-json\/wp\/v2\/media?parent=667"}],"curies":[{"name":"wp","href":"https:\/\/api.w.org\/{rel}","templated":true}]}}