{"id":733,"date":"2016-03-21T16:41:17","date_gmt":"2016-03-21T15:41:17","guid":{"rendered":"https:\/\/www.hotelgabriella.net\/de\/storia\/"},"modified":"2022-11-30T16:28:21","modified_gmt":"2022-11-30T15:28:21","slug":"unsere-geschichte","status":"publish","type":"page","link":"https:\/\/www.hotelgabriella.net\/de\/unsere-geschichte\/","title":{"rendered":"unsere Geschichte"},"content":{"rendered":"<p class=\"p1\"><strong>Von 1957 bis heute ..<\/strong><\/p>\n<p class=\"p1\">Die Familie Rossi hei\u00dft seit fast sechzig Jahren Touristen und Freunde aus ganz Italien und dem gr\u00f6\u00dften Teil Europas im Hotel Gabriella willkommen.<\/p>\n<p class=\"p1\">Es wird von Generation zu Generation weitergegeben\u00a0einer Leidenschaft f\u00fcr Gastfreundschaft, Catering und die typische Romagna-W\u00e4rme, die unsere Region auszeichnet.<\/p>\n<p><span style=\"color: #1fc2c2\">Wir sind so geboren und &#8230; aufgewachsen<\/span><\/p>\n<p><img loading=\"lazy\" decoding=\"async\" class=\"alignnone size-full wp-image-362\" src=\"https:\/\/www.hotelgabriella.net\/wp-content\/uploads\/2016\/03\/img-storia.jpg\" alt=\"img-storia\" width=\"973\" height=\"374\" data-big-size=\"973x374\" \/><\/p>\n<p><strong>Torre Pedrera<\/strong><\/p>\n<p class=\"p1\">Torre Pedrera, ein besonderer Name f\u00fcr eine kleine Stadt an der K\u00fcste, einige Kilometer n\u00f6rdlich von Rimini. Der Name leitet sich vom alten Turm (noch vorhanden) der Stadt ab und wurde 1672 erbaut, um sarazenische Piraten zu entdecken.<\/p>\n<p class=\"p1\">Der Begriff &#8222;Pedrera&#8220; hat einen etwas ungewisseren Ursprung und scheint von einem nahe gelegenen steinigen Boden zu stammen.<\/p>\n<p class=\"p1\">Torre Pedrera lebt wie viele kleine St\u00e4dte an der Romagna ein &#8222;Doppelleben&#8220;: als ob das Jahr in zwei Teile geteilt w\u00e4re.<\/p>\n<p class=\"p1\">Der Winter ist langsam und nachdenklich, der Familie und den Aktivit\u00e4ten gewidmet, die jede kleine Provinzstadt beleben.<\/p>\n<p class=\"p1\">Im Fr\u00fchjahr beginnt sich jedoch alles zu \u00e4ndern, man sp\u00fcrt die fieberhafte kreative Aktivit\u00e4t und die Leidenschaft vieler Menschen, die sich darauf vorbereiten, Touristen aus ganz Europa willkommen zu hei\u00dfen.<\/p>\n<p class=\"p1\">Die Str\u00e4nde &#8222;wachen auf&#8220;, die Lichter gehen an, viele Realit\u00e4ten, die f\u00fcr die Wiederer\u00f6ffnung des Winters in den (scheinbaren) Winterschlaf geraten sind, und die Stadt ver\u00e4ndern Form, Aussehen und Farben.<\/p>\n<p class=\"p1\">Im Sommer erreicht Torre Pedrera mit Partys, Unterhaltung, M\u00e4rkten, Musik, Lichtern und Farben den H\u00f6hepunkt seiner Energie.<\/p>\n<p class=\"p1\">Monate voller Freude, L\u00e4cheln und Spa\u00df, Leidenschaft f\u00fcr die Sonne, das Meer und das &#8222;Romagna-Leben&#8220;.<\/p>\n<p class=\"p1\">Torre Pedrera hat immer voller Angst auf die vielen Touristen gewartet, die im Laufe der Jahre oft echte Freunde werden.<\/p>\n<p class=\"p1\">Wie in jedem Dorf mit Selbstachtung gibt es typische Gesch\u00e4fte: B\u00e4cker, Baumarkt, Lebensmittelgesch\u00e4fte, Schuhgesch\u00e4fte, Boutiquen, Tabakl\u00e4den, Friseure, Kosmetikerinnen, die von Fotografen, Souvenirl\u00e4den, Bars, Eisdielen, Restaurants, Pizzerien und unvermeidlichen Piadinerien flankiert werden .<\/p>\n<p class=\"p1\">Vergessen wir nicht die Kirche, den Platz und ihren Brunnen &#8230; und ohne welches Dorf w\u00e4re es?<\/p>\n<p class=\"p1\">Hinter jeder dieser Aktivit\u00e4ten stehen Namen, Menschen, Familien, Leben, Geschichten, Anekdoten, aber vor allem der gro\u00dfe Wunsch, \u00fcber sich selbst zu erz\u00e4hlen und die Gastfreundschaft der Romagna zu erleben &#8230;<\/p>\n<p class=\"p1\">Und Sie werden sicherlich Charaktere aus Fellinis Filmen aus der wahrsten und authentischsten Romagna treffen!<\/p>\n","protected":false},"excerpt":{"rendered":"<p>Von 1957 bis heute .. Die Familie Rossi hei\u00dft seit fast sechzig Jahren Touristen und Freunde aus ganz Italien und dem gr\u00f6\u00dften Teil Europas im Hotel Gabriella willkommen. Es wird von Generation zu Generation weitergegeben\u00a0einer Leidenschaft f\u00fcr Gastfreundschaft, Catering und die typische Romagna-W\u00e4rme, die unsere Region auszeichnet. Wir sind so geboren und &#8230; aufgewachsen Torre [&hellip;]<\/p>\n","protected":false},"author":5,"featured_media":0,"parent":0,"menu_order":0,"comment_status":"closed","ping_status":"closed","template":"","meta":{"_acf_changed":false},"class_list":["post-733","page","type-page","status-publish","hentry"],"acf":[],"yoast_head":"<!-- This site is optimized with the Yoast SEO plugin v27.4 - https:\/\/yoast.com\/product\/yoast-seo-wordpress\/ -->\n<title>unsere Geschichte | Hotel Gabriella Rimini<\/title>\n<meta name=\"robots\" content=\"index, follow, max-snippet:-1, max-image-preview:large, max-video-preview:-1\" \/>\n<link rel=\"canonical\" href=\"https:\/\/www.hotelgabriella.net\/de\/unsere-geschichte\/\" \/>\n<meta property=\"og:locale\" content=\"de_DE\" \/>\n<meta property=\"og:type\" content=\"article\" \/>\n<meta property=\"og:title\" content=\"unsere Geschichte | Hotel Gabriella Rimini\" \/>\n<meta property=\"og:description\" content=\"Von 1957 bis heute .. Die Familie Rossi hei\u00dft seit fast sechzig Jahren Touristen und Freunde aus ganz Italien und dem gr\u00f6\u00dften Teil Europas im Hotel Gabriella willkommen. Es wird von Generation zu Generation weitergegeben\u00a0einer Leidenschaft f\u00fcr Gastfreundschaft, Catering und die typische Romagna-W\u00e4rme, die unsere Region auszeichnet. Wir sind so geboren und &#8230; aufgewachsen Torre [&hellip;]\" \/>\n<meta property=\"og:url\" content=\"https:\/\/www.hotelgabriella.net\/de\/unsere-geschichte\/\" \/>\n<meta property=\"og:site_name\" content=\"Hotel Gabriella Rimini\" \/>\n<meta property=\"article:modified_time\" content=\"2022-11-30T15:28:21+00:00\" \/>\n<meta property=\"og:image\" content=\"https:\/\/www.hotelgabriella.net\/wp-content\/uploads\/2016\/03\/img-storia.jpg\" \/>\n<meta name=\"twitter:card\" content=\"summary_large_image\" \/>\n<meta name=\"twitter:label1\" content=\"Gesch\u00e4tzte Lesezeit\" \/>\n\t<meta name=\"twitter:data1\" content=\"3\u00a0Minuten\" \/>\n<script type=\"application\/ld+json\" class=\"yoast-schema-graph\">{\"@context\":\"https:\\\/\\\/schema.org\",\"@graph\":[{\"@type\":\"WebPage\",\"@id\":\"https:\\\/\\\/www.hotelgabriella.net\\\/de\\\/unsere-geschichte\\\/\",\"url\":\"https:\\\/\\\/www.hotelgabriella.net\\\/de\\\/unsere-geschichte\\\/\",\"name\":\"unsere Geschichte | Hotel Gabriella Rimini\",\"isPartOf\":{\"@id\":\"https:\\\/\\\/www.hotelgabriella.net\\\/#website\"},\"primaryImageOfPage\":{\"@id\":\"https:\\\/\\\/www.hotelgabriella.net\\\/de\\\/unsere-geschichte\\\/#primaryimage\"},\"image\":{\"@id\":\"https:\\\/\\\/www.hotelgabriella.net\\\/de\\\/unsere-geschichte\\\/#primaryimage\"},\"thumbnailUrl\":\"https:\\\/\\\/www.hotelgabriella.net\\\/wp-content\\\/uploads\\\/2016\\\/03\\\/img-storia.jpg\",\"datePublished\":\"2016-03-21T15:41:17+00:00\",\"dateModified\":\"2022-11-30T15:28:21+00:00\",\"breadcrumb\":{\"@id\":\"https:\\\/\\\/www.hotelgabriella.net\\\/de\\\/unsere-geschichte\\\/#breadcrumb\"},\"inLanguage\":\"de\",\"potentialAction\":[{\"@type\":\"ReadAction\",\"target\":[\"https:\\\/\\\/www.hotelgabriella.net\\\/de\\\/unsere-geschichte\\\/\"]}]},{\"@type\":\"ImageObject\",\"inLanguage\":\"de\",\"@id\":\"https:\\\/\\\/www.hotelgabriella.net\\\/de\\\/unsere-geschichte\\\/#primaryimage\",\"url\":\"https:\\\/\\\/www.hotelgabriella.net\\\/wp-content\\\/uploads\\\/2016\\\/03\\\/img-storia.jpg\",\"contentUrl\":\"https:\\\/\\\/www.hotelgabriella.net\\\/wp-content\\\/uploads\\\/2016\\\/03\\\/img-storia.jpg\"},{\"@type\":\"BreadcrumbList\",\"@id\":\"https:\\\/\\\/www.hotelgabriella.net\\\/de\\\/unsere-geschichte\\\/#breadcrumb\",\"itemListElement\":[{\"@type\":\"ListItem\",\"position\":1,\"name\":\"Home\",\"item\":\"https:\\\/\\\/www.hotelgabriella.net\\\/de\\\/\"},{\"@type\":\"ListItem\",\"position\":2,\"name\":\"unsere Geschichte\"}]},{\"@type\":\"WebSite\",\"@id\":\"https:\\\/\\\/www.hotelgabriella.net\\\/#website\",\"url\":\"https:\\\/\\\/www.hotelgabriella.net\\\/\",\"name\":\"Hotel Gabriella Rimini\",\"description\":\"\",\"potentialAction\":[{\"@type\":\"SearchAction\",\"target\":{\"@type\":\"EntryPoint\",\"urlTemplate\":\"https:\\\/\\\/www.hotelgabriella.net\\\/?s={search_term_string}\"},\"query-input\":{\"@type\":\"PropertyValueSpecification\",\"valueRequired\":true,\"valueName\":\"search_term_string\"}}],\"inLanguage\":\"de\"}]}<\/script>\n<!-- \/ Yoast SEO plugin. -->","yoast_head_json":{"title":"unsere Geschichte | Hotel Gabriella Rimini","robots":{"index":"index","follow":"follow","max-snippet":"max-snippet:-1","max-image-preview":"max-image-preview:large","max-video-preview":"max-video-preview:-1"},"canonical":"https:\/\/www.hotelgabriella.net\/de\/unsere-geschichte\/","og_locale":"de_DE","og_type":"article","og_title":"unsere Geschichte | Hotel Gabriella Rimini","og_description":"Von 1957 bis heute .. Die Familie Rossi hei\u00dft seit fast sechzig Jahren Touristen und Freunde aus ganz Italien und dem gr\u00f6\u00dften Teil Europas im Hotel Gabriella willkommen. Es wird von Generation zu Generation weitergegeben\u00a0einer Leidenschaft f\u00fcr Gastfreundschaft, Catering und die typische Romagna-W\u00e4rme, die unsere Region auszeichnet. Wir sind so geboren und &#8230; aufgewachsen Torre [&hellip;]","og_url":"https:\/\/www.hotelgabriella.net\/de\/unsere-geschichte\/","og_site_name":"Hotel Gabriella Rimini","article_modified_time":"2022-11-30T15:28:21+00:00","og_image":[{"url":"https:\/\/www.hotelgabriella.net\/wp-content\/uploads\/2016\/03\/img-storia.jpg","type":"","width":"","height":""}],"twitter_card":"summary_large_image","twitter_misc":{"Gesch\u00e4tzte Lesezeit":"3\u00a0Minuten"},"schema":{"@context":"https:\/\/schema.org","@graph":[{"@type":"WebPage","@id":"https:\/\/www.hotelgabriella.net\/de\/unsere-geschichte\/","url":"https:\/\/www.hotelgabriella.net\/de\/unsere-geschichte\/","name":"unsere Geschichte | Hotel Gabriella Rimini","isPartOf":{"@id":"https:\/\/www.hotelgabriella.net\/#website"},"primaryImageOfPage":{"@id":"https:\/\/www.hotelgabriella.net\/de\/unsere-geschichte\/#primaryimage"},"image":{"@id":"https:\/\/www.hotelgabriella.net\/de\/unsere-geschichte\/#primaryimage"},"thumbnailUrl":"https:\/\/www.hotelgabriella.net\/wp-content\/uploads\/2016\/03\/img-storia.jpg","datePublished":"2016-03-21T15:41:17+00:00","dateModified":"2022-11-30T15:28:21+00:00","breadcrumb":{"@id":"https:\/\/www.hotelgabriella.net\/de\/unsere-geschichte\/#breadcrumb"},"inLanguage":"de","potentialAction":[{"@type":"ReadAction","target":["https:\/\/www.hotelgabriella.net\/de\/unsere-geschichte\/"]}]},{"@type":"ImageObject","inLanguage":"de","@id":"https:\/\/www.hotelgabriella.net\/de\/unsere-geschichte\/#primaryimage","url":"https:\/\/www.hotelgabriella.net\/wp-content\/uploads\/2016\/03\/img-storia.jpg","contentUrl":"https:\/\/www.hotelgabriella.net\/wp-content\/uploads\/2016\/03\/img-storia.jpg"},{"@type":"BreadcrumbList","@id":"https:\/\/www.hotelgabriella.net\/de\/unsere-geschichte\/#breadcrumb","itemListElement":[{"@type":"ListItem","position":1,"name":"Home","item":"https:\/\/www.hotelgabriella.net\/de\/"},{"@type":"ListItem","position":2,"name":"unsere Geschichte"}]},{"@type":"WebSite","@id":"https:\/\/www.hotelgabriella.net\/#website","url":"https:\/\/www.hotelgabriella.net\/","name":"Hotel Gabriella Rimini","description":"","potentialAction":[{"@type":"SearchAction","target":{"@type":"EntryPoint","urlTemplate":"https:\/\/www.hotelgabriella.net\/?s={search_term_string}"},"query-input":{"@type":"PropertyValueSpecification","valueRequired":true,"valueName":"search_term_string"}}],"inLanguage":"de"}]}},"_links":{"self":[{"href":"https:\/\/www.hotelgabriella.net\/de\/wp-json\/wp\/v2\/pages\/733","targetHints":{"allow":["GET"]}}],"collection":[{"href":"https:\/\/www.hotelgabriella.net\/de\/wp-json\/wp\/v2\/pages"}],"about":[{"href":"https:\/\/www.hotelgabriella.net\/de\/wp-json\/wp\/v2\/types\/page"}],"author":[{"embeddable":true,"href":"https:\/\/www.hotelgabriella.net\/de\/wp-json\/wp\/v2\/users\/5"}],"replies":[{"embeddable":true,"href":"https:\/\/www.hotelgabriella.net\/de\/wp-json\/wp\/v2\/comments?post=733"}],"version-history":[{"count":0,"href":"https:\/\/www.hotelgabriella.net\/de\/wp-json\/wp\/v2\/pages\/733\/revisions"}],"wp:attachment":[{"href":"https:\/\/www.hotelgabriella.net\/de\/wp-json\/wp\/v2\/media?parent=733"}],"curies":[{"name":"wp","href":"https:\/\/api.w.org\/{rel}","templated":true}]}}