{"id":2202,"date":"2022-04-01T10:18:48","date_gmt":"2022-04-01T08:18:48","guid":{"rendered":"https:\/\/www.hotelgabriella.net\/?page_id=2202"},"modified":"2022-11-30T16:16:43","modified_gmt":"2022-11-30T15:16:43","slug":"reservation-dexperiences-excursions","status":"publish","type":"page","link":"https:\/\/www.hotelgabriella.net\/fr\/reservation-dexperiences-excursions\/","title":{"rendered":"R\u00c9SERVATION D&rsquo;EXP\u00c9RIENCES \/ EXCURSIONS"},"content":{"rendered":"<h3>Si vous souhaitez enrichir vos vacances de moments privil\u00e9gi\u00e9s \u00e0 la recherche de lieux et d&rsquo;exp\u00e9riences typiquement locales, le choix est vraiment tr\u00e8s large !<\/h3>\n","protected":false},"excerpt":{"rendered":"<p>Si vous souhaitez enrichir vos vacances de moments privil\u00e9gi\u00e9s \u00e0 la recherche de lieux et d&rsquo;exp\u00e9riences typiquement locales, le choix est vraiment tr\u00e8s large !<\/p>\n","protected":false},"author":6,"featured_media":0,"parent":0,"menu_order":0,"comment_status":"closed","ping_status":"closed","template":"","meta":{"_acf_changed":false},"class_list":["post-2202","page","type-page","status-publish","hentry"],"acf":[],"yoast_head":"<!-- This site is optimized with the Yoast SEO plugin v27.0 - https:\/\/yoast.com\/product\/yoast-seo-wordpress\/ -->\n<title>R\u00c9SERVATION D&#039;EXP\u00c9RIENCES \/ EXCURSIONS | Hotel Gabriella Rimini<\/title>\n<meta name=\"robots\" content=\"index, follow, max-snippet:-1, max-image-preview:large, max-video-preview:-1\" \/>\n<link rel=\"canonical\" href=\"https:\/\/www.hotelgabriella.net\/fr\/reservation-dexperiences-excursions\/\" \/>\n<meta property=\"og:locale\" content=\"fr_FR\" \/>\n<meta property=\"og:type\" content=\"article\" \/>\n<meta property=\"og:title\" content=\"R\u00c9SERVATION D&#039;EXP\u00c9RIENCES \/ EXCURSIONS | Hotel Gabriella Rimini\" \/>\n<meta property=\"og:description\" content=\"Si vous souhaitez enrichir vos vacances de moments privil\u00e9gi\u00e9s \u00e0 la recherche de lieux et d&rsquo;exp\u00e9riences typiquement locales, le choix est vraiment tr\u00e8s large !\" \/>\n<meta property=\"og:url\" content=\"https:\/\/www.hotelgabriella.net\/fr\/reservation-dexperiences-excursions\/\" \/>\n<meta property=\"og:site_name\" content=\"Hotel Gabriella Rimini\" \/>\n<meta property=\"article:modified_time\" content=\"2022-11-30T15:16:43+00:00\" \/>\n<meta name=\"twitter:card\" content=\"summary_large_image\" \/>\n<meta name=\"twitter:label1\" content=\"Dur\u00e9e de lecture estim\u00e9e\" \/>\n\t<meta name=\"twitter:data1\" content=\"1 minute\" \/>\n<script type=\"application\/ld+json\" class=\"yoast-schema-graph\">{\"@context\":\"https:\/\/schema.org\",\"@graph\":[{\"@type\":\"WebPage\",\"@id\":\"https:\/\/www.hotelgabriella.net\/fr\/reservation-dexperiences-excursions\/\",\"url\":\"https:\/\/www.hotelgabriella.net\/fr\/reservation-dexperiences-excursions\/\",\"name\":\"R\u00c9SERVATION D'EXP\u00c9RIENCES \/ EXCURSIONS | Hotel Gabriella Rimini\",\"isPartOf\":{\"@id\":\"https:\/\/www.hotelgabriella.net\/#website\"},\"datePublished\":\"2022-04-01T08:18:48+00:00\",\"dateModified\":\"2022-11-30T15:16:43+00:00\",\"breadcrumb\":{\"@id\":\"https:\/\/www.hotelgabriella.net\/fr\/reservation-dexperiences-excursions\/#breadcrumb\"},\"inLanguage\":\"fr-FR\",\"potentialAction\":[{\"@type\":\"ReadAction\",\"target\":[\"https:\/\/www.hotelgabriella.net\/fr\/reservation-dexperiences-excursions\/\"]}]},{\"@type\":\"BreadcrumbList\",\"@id\":\"https:\/\/www.hotelgabriella.net\/fr\/reservation-dexperiences-excursions\/#breadcrumb\",\"itemListElement\":[{\"@type\":\"ListItem\",\"position\":1,\"name\":\"Home\",\"item\":\"https:\/\/www.hotelgabriella.net\/fr\/\"},{\"@type\":\"ListItem\",\"position\":2,\"name\":\"R\u00c9SERVATION D&#8217;EXP\u00c9RIENCES \/ EXCURSIONS\"}]},{\"@type\":\"WebSite\",\"@id\":\"https:\/\/www.hotelgabriella.net\/#website\",\"url\":\"https:\/\/www.hotelgabriella.net\/\",\"name\":\"Hotel Gabriella Rimini\",\"description\":\"\",\"potentialAction\":[{\"@type\":\"SearchAction\",\"target\":{\"@type\":\"EntryPoint\",\"urlTemplate\":\"https:\/\/www.hotelgabriella.net\/?s={search_term_string}\"},\"query-input\":{\"@type\":\"PropertyValueSpecification\",\"valueRequired\":true,\"valueName\":\"search_term_string\"}}],\"inLanguage\":\"fr-FR\"}]}<\/script>\n<!-- \/ Yoast SEO plugin. -->","yoast_head_json":{"title":"R\u00c9SERVATION D'EXP\u00c9RIENCES \/ EXCURSIONS | Hotel Gabriella Rimini","robots":{"index":"index","follow":"follow","max-snippet":"max-snippet:-1","max-image-preview":"max-image-preview:large","max-video-preview":"max-video-preview:-1"},"canonical":"https:\/\/www.hotelgabriella.net\/fr\/reservation-dexperiences-excursions\/","og_locale":"fr_FR","og_type":"article","og_title":"R\u00c9SERVATION D'EXP\u00c9RIENCES \/ EXCURSIONS | Hotel Gabriella Rimini","og_description":"Si vous souhaitez enrichir vos vacances de moments privil\u00e9gi\u00e9s \u00e0 la recherche de lieux et d&rsquo;exp\u00e9riences typiquement locales, le choix est vraiment tr\u00e8s large !","og_url":"https:\/\/www.hotelgabriella.net\/fr\/reservation-dexperiences-excursions\/","og_site_name":"Hotel Gabriella Rimini","article_modified_time":"2022-11-30T15:16:43+00:00","twitter_card":"summary_large_image","twitter_misc":{"Dur\u00e9e de lecture estim\u00e9e":"1 minute"},"schema":{"@context":"https:\/\/schema.org","@graph":[{"@type":"WebPage","@id":"https:\/\/www.hotelgabriella.net\/fr\/reservation-dexperiences-excursions\/","url":"https:\/\/www.hotelgabriella.net\/fr\/reservation-dexperiences-excursions\/","name":"R\u00c9SERVATION D'EXP\u00c9RIENCES \/ EXCURSIONS | Hotel Gabriella Rimini","isPartOf":{"@id":"https:\/\/www.hotelgabriella.net\/#website"},"datePublished":"2022-04-01T08:18:48+00:00","dateModified":"2022-11-30T15:16:43+00:00","breadcrumb":{"@id":"https:\/\/www.hotelgabriella.net\/fr\/reservation-dexperiences-excursions\/#breadcrumb"},"inLanguage":"fr-FR","potentialAction":[{"@type":"ReadAction","target":["https:\/\/www.hotelgabriella.net\/fr\/reservation-dexperiences-excursions\/"]}]},{"@type":"BreadcrumbList","@id":"https:\/\/www.hotelgabriella.net\/fr\/reservation-dexperiences-excursions\/#breadcrumb","itemListElement":[{"@type":"ListItem","position":1,"name":"Home","item":"https:\/\/www.hotelgabriella.net\/fr\/"},{"@type":"ListItem","position":2,"name":"R\u00c9SERVATION D&#8217;EXP\u00c9RIENCES \/ EXCURSIONS"}]},{"@type":"WebSite","@id":"https:\/\/www.hotelgabriella.net\/#website","url":"https:\/\/www.hotelgabriella.net\/","name":"Hotel Gabriella Rimini","description":"","potentialAction":[{"@type":"SearchAction","target":{"@type":"EntryPoint","urlTemplate":"https:\/\/www.hotelgabriella.net\/?s={search_term_string}"},"query-input":{"@type":"PropertyValueSpecification","valueRequired":true,"valueName":"search_term_string"}}],"inLanguage":"fr-FR"}]}},"_links":{"self":[{"href":"https:\/\/www.hotelgabriella.net\/fr\/wp-json\/wp\/v2\/pages\/2202","targetHints":{"allow":["GET"]}}],"collection":[{"href":"https:\/\/www.hotelgabriella.net\/fr\/wp-json\/wp\/v2\/pages"}],"about":[{"href":"https:\/\/www.hotelgabriella.net\/fr\/wp-json\/wp\/v2\/types\/page"}],"author":[{"embeddable":true,"href":"https:\/\/www.hotelgabriella.net\/fr\/wp-json\/wp\/v2\/users\/6"}],"replies":[{"embeddable":true,"href":"https:\/\/www.hotelgabriella.net\/fr\/wp-json\/wp\/v2\/comments?post=2202"}],"version-history":[{"count":0,"href":"https:\/\/www.hotelgabriella.net\/fr\/wp-json\/wp\/v2\/pages\/2202\/revisions"}],"wp:attachment":[{"href":"https:\/\/www.hotelgabriella.net\/fr\/wp-json\/wp\/v2\/media?parent=2202"}],"curies":[{"name":"wp","href":"https:\/\/api.w.org\/{rel}","templated":true}]}}