{"id":2319,"date":"2022-12-12T11:29:04","date_gmt":"2022-12-12T10:29:04","guid":{"rendered":"https:\/\/www.hotelgabriella.net\/?page_id=2319"},"modified":"2024-07-21T18:30:30","modified_gmt":"2024-07-21T16:30:30","slug":"list-de-prix-2023","status":"publish","type":"page","link":"https:\/\/www.hotelgabriella.net\/fr\/list-de-prix-2023\/","title":{"rendered":"List de Prix"},"content":{"rendered":"<p>Vous aimez les vacances en toute libert\u00e9 et vous aimeriez imaginer votre quotidien d&rsquo;une mani\u00e8re diff\u00e9rente ?<\/p>\n<p>Vous pr\u00e9f\u00e9rez plut\u00f4t arriver \u00e0 l&rsquo;h\u00f4tel et ne plus avoir \u00e0 penser \u00e0 rien ?<\/p>\n<p>L&rsquo;h\u00f4tel Gabriella propose une large gamme de solutions !<\/p>\n<ul>\n<li>B&amp;B (nuit\u00e9e et copieux petit-d\u00e9jeuner buffet)<\/li>\n<li>B&amp;B + d\u00e9jeuner (petit-d\u00e9jeuner, d\u00e9jeuner, eau et boissons non alcoolis\u00e9es aux repas)<\/li>\n<li>B&amp;B + d\u00eener (petit-d\u00e9jeuner, d\u00eener, eau et boissons non alcoolis\u00e9es aux repas)<\/li>\n<li>Pension compl\u00e8te (petit-d\u00e9jeuner, d\u00e9jeuner, d\u00eener, eau min\u00e9rale, boissons non alcoolis\u00e9es aux repas)<\/li>\n<\/ul>\n<p>\u00c0 chacune de ces solutions, il est possible d&rsquo;ajouter un service de plage qui comprend 1 parasol et 2 transats.<\/p>\n<p>Traitement tout compris (petit-d\u00e9jeuner, d\u00e9jeuner, d\u00eener, vin local en bouteille, eau min\u00e9rale, boissons non alcoolis\u00e9es aux repas et service de plage)<\/p>\n<p>Des services suppl\u00e9mentaires sont disponibles et peuvent \u00eatre ajout\u00e9s \u00e0 toute solution que vous avez choisie.<\/p>\n<ul>\n<li>Garage<\/li>\n<li>Jacuzzi dans la piscine<\/li>\n<li>Massages relaxants<\/li>\n<\/ul>\n<p>Typologie des chambres\u00a0:<\/p>\n<table>\n<tbody>\n<tr>\n<td style=\"width: 17.3288%\"><strong>CHAMBRE CLASSIQUE<\/strong><\/td>\n<td style=\"width: 59.6788%\">Chambres \u00e9quip\u00e9es de salle de bain priv\u00e9e, climatisation, r\u00e9frig\u00e9rateur, t\u00e9l\u00e9phone, s\u00e8che-cheveux, connexion wi-fi, TV \u00e9cran plat avec technologie LED, coffres-forts, t\u00e9l\u00e9phone direct, balcon, chauffe-biberon, barri\u00e8res lat\u00e9rales et babyphone sur demande.<\/td>\n<td style=\"width: 22.1471%\">L&rsquo;h\u00f4tel est n\u00e9 sur une conception architecturale non conventionnelle et les chambres peuvent donc diff\u00e9rer consid\u00e9rablement en forme, couleur et structure interne.<\/td>\n<\/tr>\n<tr style=\"height: 111px\">\n<td style=\"height: 111px;width: 17.32882502113271%\" width=\"92\"><strong>SUPERIOR<\/strong><\/p>\n<p>&nbsp;<\/td>\n<td style=\"height: 111px;width: 59.678782755705825%\" width=\"328\">Chambre tr\u00e8s lumineuse avec balcon vue mer..\u00a0tr\u00e8s belle salle de bains, climatisation, r\u00e9frig\u00e9rateur, t\u00e9l\u00e9phone, s\u00e8che-cheveux, connexion wi-fi, coffre-fort, t\u00e9l\u00e9phone \u00e0 ligne directe. Sur demande chauffe-biberons pour les tout-petits. Toutes les chambres sont \u00e9quip\u00e9es de nouveaux appareils de t\u00e9l\u00e9vision \u00e0 \u00e9cran plat avec technologie LED et diff\u00e9rentes possibilit\u00e9s de connexion dont l\u2019USB 2.0<\/td>\n<td style=\"height: 111px;width: 22.147083685545223%\" width=\"119\"><\/td>\n<\/tr>\n<tr style=\"height: 109px\">\n<td style=\"height: 109px;width: 17.32882502113271%\" width=\"92\"><strong>FAMILY SUITE<\/strong><\/p>\n<p>&nbsp;<\/td>\n<td style=\"height: 109px;width: 59.678782755705825%\" width=\"328\">Double communicante avec:\u00a02 chambres avec porte int\u00e9rieure communicante, 2 balcons avec vue mer, climatisation, une grande salle de bains avec cabine de douche, 2 TV led sat, Wi-Fi, 2 r\u00e9frig\u00e9rateurs. (salle de bains et ameublement des chambres enti\u00e8rement r\u00e9nov\u00e9s).<\/td>\n<td style=\"height: 109px;width: 22.147083685545223%\" width=\"119\"><\/td>\n<\/tr>\n<tr style=\"height: 100px\">\n<td style=\"height: 100px;width: 17.32882502113271%\" width=\"92\"><strong>FAMILY ROOM<\/strong><\/p>\n<p>&nbsp;<\/td>\n<td style=\"height: 100px;width: 59.678782755705825%\" width=\"328\">Chambre double dot\u00e9e de:\u00a02 chambres communicantes, avec porte d\u2019acc\u00e8s ind\u00e9pendante et porte d\u2019entr\u00e9e centrale, type appartement, 2 balcons, 2 salles de bains avec cabine de douche, 2 dispositifs de climatisation, 2 TV led sat, 2 s\u00e8che-cheveux, 2 coffres-forts, Wi-Fi, 2 r\u00e9frig\u00e9rateurs.<\/td>\n<td style=\"height: 100px;width: 22.147083685545223%\" width=\"119\"><\/td>\n<\/tr>\n<tr style=\"height: 107px\">\n<td style=\"height: 107px;width: 17.32882502113271%\" width=\"92\"><strong>JUNIOR SUITE<\/strong><\/p>\n<p>&nbsp;<\/td>\n<td style=\"height: 107px;width: 59.678782755705825%\" width=\"328\"><span style=\"font-family: inherit;font-size: inherit\">Chambre avec salon communicant dot\u00e9e de:\u00a0<\/span><span style=\"font-family: inherit;font-size: inherit\">2 balcons avec vue mer, salle de bains spacieuse avec cabine de douche, climatisation, 2 TV led sat, s\u00e8che-cheveux, coffre-fort, Wi-Fi, t\u00e9l\u00e9phone, 2 r\u00e9frig\u00e9rateurs (salle de bains et ameublement compl\u00e8tement r\u00e9nov\u00e9s).<\/span><\/td>\n<td style=\"height: 107px;width: 22.147083685545223%\" width=\"119\"><\/td>\n<\/tr>\n<tr style=\"height: 163px\">\n<td style=\"height: 163px;width: 17.32882502113271%\" width=\"92\"><strong>ATTICO<\/strong><\/p>\n<p>&nbsp;<\/td>\n<td style=\"height: 163px;width: 59.678782755705825%\" width=\"328\">Chambre magnifique, uniquement avec lit pour deux personnes, dot\u00e9e de tous les conforts:\u00a0salle de bains spacieuse avec cabine de douche, climatisation, balcon priv\u00e9 d\u2019environ 35 m<sup>2<\/sup> avec vue sur la mer, TV led sat, Wi-Fi, s\u00e8che-cheveux, coffre-fort, t\u00e9l\u00e9phone, r\u00e9frig\u00e9rateur.<\/td>\n<td style=\"height: 163px;width: 22.147083685545223%\" width=\"119\"><\/td>\n<\/tr>\n<tr>\n<td style=\"width: 17.3288%\"><strong>CHAMBRES COMMUNIQUANTES<\/strong><\/td>\n<td style=\"width: 59.6788%\">Deux chambres avec porte communicante, chacune ind\u00e9pendante. Chacune avec salle de bain, cabine de douche, climatisation, r\u00e9frig\u00e9rateur, TV Led, Wi-Fi, s\u00e8che-cheveux, coffre-fort, balcon<\/td>\n<td style=\"width: 22.1471%\"><strong>\u00a0<\/strong><\/td>\n<\/tr>\n<\/tbody>\n<\/table>\n<p>&nbsp;<\/p>\n<p>Pour la confirmation d\u00e9finitive de la r\u00e9servation, un acompte est demand\u00e9.<\/p>\n<p>Annulation gratuite jusqu&rsquo;\u00e0 7 jours avant l&rsquo;arriv\u00e9e.<\/p>\n<p><strong>Pour la r\u00e9s\u00e9rvation nous Vous prions de envojer un <a href=\"https:\/\/www.hotelgabriella.net\/fr\/acompt\/\">acompte<\/a>.<\/strong><\/p>\n<p><img loading=\"lazy\" decoding=\"async\" class=\"alignnone wp-image-453 size-full\" src=\"https:\/\/www.hotelgabriella.net\/wp-content\/uploads\/2016\/04\/credit-cards-1.png\" alt=\"\" width=\"223\" height=\"45\" \/><\/p>\n<p><strong>TAXE DE S\u00c9JOUR: <\/strong>s\u2019\u00e9l\u00e8ve \u00e0 2,50 Euros par personne, pour un maximum de 7 jours, mais pas pur les enfants jusqu\u2019\u00e0 14 ans.<\/p>\n","protected":false},"excerpt":{"rendered":"<p>Vous aimez les vacances en toute libert\u00e9 et vous aimeriez imaginer votre quotidien d&rsquo;une mani\u00e8re diff\u00e9rente ? Vous pr\u00e9f\u00e9rez plut\u00f4t arriver \u00e0 l&rsquo;h\u00f4tel et ne plus avoir \u00e0 penser \u00e0 rien ? L&rsquo;h\u00f4tel Gabriella propose une large gamme de solutions ! B&amp;B (nuit\u00e9e et copieux petit-d\u00e9jeuner buffet) B&amp;B + d\u00e9jeuner (petit-d\u00e9jeuner, d\u00e9jeuner, eau et boissons [&hellip;]<\/p>\n","protected":false},"author":6,"featured_media":0,"parent":0,"menu_order":0,"comment_status":"closed","ping_status":"closed","template":"","meta":{"_acf_changed":false},"class_list":["post-2319","page","type-page","status-publish","hentry"],"acf":[],"yoast_head":"<!-- This site is optimized with the Yoast SEO plugin v27.0 - https:\/\/yoast.com\/product\/yoast-seo-wordpress\/ -->\n<title>List de Prix | Hotel Gabriella Rimini<\/title>\n<meta name=\"robots\" content=\"index, follow, max-snippet:-1, max-image-preview:large, max-video-preview:-1\" \/>\n<link rel=\"canonical\" href=\"https:\/\/www.hotelgabriella.net\/fr\/list-de-prix-2023\/\" \/>\n<meta property=\"og:locale\" content=\"fr_FR\" \/>\n<meta property=\"og:type\" content=\"article\" \/>\n<meta property=\"og:title\" content=\"List de Prix | Hotel Gabriella Rimini\" \/>\n<meta property=\"og:description\" content=\"Vous aimez les vacances en toute libert\u00e9 et vous aimeriez imaginer votre quotidien d&rsquo;une mani\u00e8re diff\u00e9rente ? Vous pr\u00e9f\u00e9rez plut\u00f4t arriver \u00e0 l&rsquo;h\u00f4tel et ne plus avoir \u00e0 penser \u00e0 rien ? L&rsquo;h\u00f4tel Gabriella propose une large gamme de solutions ! B&amp;B (nuit\u00e9e et copieux petit-d\u00e9jeuner buffet) B&amp;B + d\u00e9jeuner (petit-d\u00e9jeuner, d\u00e9jeuner, eau et boissons [&hellip;]\" \/>\n<meta property=\"og:url\" content=\"https:\/\/www.hotelgabriella.net\/fr\/list-de-prix-2023\/\" \/>\n<meta property=\"og:site_name\" content=\"Hotel Gabriella Rimini\" \/>\n<meta property=\"article:modified_time\" content=\"2024-07-21T16:30:30+00:00\" \/>\n<meta property=\"og:image\" content=\"https:\/\/www.hotelgabriella.net\/wp-content\/uploads\/2016\/04\/credit-cards-1.png\" \/>\n<meta name=\"twitter:card\" content=\"summary_large_image\" \/>\n<meta name=\"twitter:label1\" content=\"Dur\u00e9e de lecture estim\u00e9e\" \/>\n\t<meta name=\"twitter:data1\" content=\"3 minutes\" \/>\n<script type=\"application\/ld+json\" class=\"yoast-schema-graph\">{\"@context\":\"https:\/\/schema.org\",\"@graph\":[{\"@type\":\"WebPage\",\"@id\":\"https:\/\/www.hotelgabriella.net\/fr\/list-de-prix-2023\/\",\"url\":\"https:\/\/www.hotelgabriella.net\/fr\/list-de-prix-2023\/\",\"name\":\"List de Prix | Hotel Gabriella Rimini\",\"isPartOf\":{\"@id\":\"https:\/\/www.hotelgabriella.net\/#website\"},\"primaryImageOfPage\":{\"@id\":\"https:\/\/www.hotelgabriella.net\/fr\/list-de-prix-2023\/#primaryimage\"},\"image\":{\"@id\":\"https:\/\/www.hotelgabriella.net\/fr\/list-de-prix-2023\/#primaryimage\"},\"thumbnailUrl\":\"https:\/\/www.hotelgabriella.net\/wp-content\/uploads\/2016\/04\/credit-cards-1.png\",\"datePublished\":\"2022-12-12T10:29:04+00:00\",\"dateModified\":\"2024-07-21T16:30:30+00:00\",\"breadcrumb\":{\"@id\":\"https:\/\/www.hotelgabriella.net\/fr\/list-de-prix-2023\/#breadcrumb\"},\"inLanguage\":\"fr-FR\",\"potentialAction\":[{\"@type\":\"ReadAction\",\"target\":[\"https:\/\/www.hotelgabriella.net\/fr\/list-de-prix-2023\/\"]}]},{\"@type\":\"ImageObject\",\"inLanguage\":\"fr-FR\",\"@id\":\"https:\/\/www.hotelgabriella.net\/fr\/list-de-prix-2023\/#primaryimage\",\"url\":\"https:\/\/www.hotelgabriella.net\/wp-content\/uploads\/2016\/04\/credit-cards-1.png\",\"contentUrl\":\"https:\/\/www.hotelgabriella.net\/wp-content\/uploads\/2016\/04\/credit-cards-1.png\"},{\"@type\":\"BreadcrumbList\",\"@id\":\"https:\/\/www.hotelgabriella.net\/fr\/list-de-prix-2023\/#breadcrumb\",\"itemListElement\":[{\"@type\":\"ListItem\",\"position\":1,\"name\":\"Home\",\"item\":\"https:\/\/www.hotelgabriella.net\/fr\/\"},{\"@type\":\"ListItem\",\"position\":2,\"name\":\"List de Prix\"}]},{\"@type\":\"WebSite\",\"@id\":\"https:\/\/www.hotelgabriella.net\/#website\",\"url\":\"https:\/\/www.hotelgabriella.net\/\",\"name\":\"Hotel Gabriella Rimini\",\"description\":\"\",\"potentialAction\":[{\"@type\":\"SearchAction\",\"target\":{\"@type\":\"EntryPoint\",\"urlTemplate\":\"https:\/\/www.hotelgabriella.net\/?s={search_term_string}\"},\"query-input\":{\"@type\":\"PropertyValueSpecification\",\"valueRequired\":true,\"valueName\":\"search_term_string\"}}],\"inLanguage\":\"fr-FR\"}]}<\/script>\n<!-- \/ Yoast SEO plugin. -->","yoast_head_json":{"title":"List de Prix | Hotel Gabriella Rimini","robots":{"index":"index","follow":"follow","max-snippet":"max-snippet:-1","max-image-preview":"max-image-preview:large","max-video-preview":"max-video-preview:-1"},"canonical":"https:\/\/www.hotelgabriella.net\/fr\/list-de-prix-2023\/","og_locale":"fr_FR","og_type":"article","og_title":"List de Prix | Hotel Gabriella Rimini","og_description":"Vous aimez les vacances en toute libert\u00e9 et vous aimeriez imaginer votre quotidien d&rsquo;une mani\u00e8re diff\u00e9rente ? Vous pr\u00e9f\u00e9rez plut\u00f4t arriver \u00e0 l&rsquo;h\u00f4tel et ne plus avoir \u00e0 penser \u00e0 rien ? L&rsquo;h\u00f4tel Gabriella propose une large gamme de solutions ! B&amp;B (nuit\u00e9e et copieux petit-d\u00e9jeuner buffet) B&amp;B + d\u00e9jeuner (petit-d\u00e9jeuner, d\u00e9jeuner, eau et boissons [&hellip;]","og_url":"https:\/\/www.hotelgabriella.net\/fr\/list-de-prix-2023\/","og_site_name":"Hotel Gabriella Rimini","article_modified_time":"2024-07-21T16:30:30+00:00","og_image":[{"url":"https:\/\/www.hotelgabriella.net\/wp-content\/uploads\/2016\/04\/credit-cards-1.png","type":"","width":"","height":""}],"twitter_card":"summary_large_image","twitter_misc":{"Dur\u00e9e de lecture estim\u00e9e":"3 minutes"},"schema":{"@context":"https:\/\/schema.org","@graph":[{"@type":"WebPage","@id":"https:\/\/www.hotelgabriella.net\/fr\/list-de-prix-2023\/","url":"https:\/\/www.hotelgabriella.net\/fr\/list-de-prix-2023\/","name":"List de Prix | Hotel Gabriella Rimini","isPartOf":{"@id":"https:\/\/www.hotelgabriella.net\/#website"},"primaryImageOfPage":{"@id":"https:\/\/www.hotelgabriella.net\/fr\/list-de-prix-2023\/#primaryimage"},"image":{"@id":"https:\/\/www.hotelgabriella.net\/fr\/list-de-prix-2023\/#primaryimage"},"thumbnailUrl":"https:\/\/www.hotelgabriella.net\/wp-content\/uploads\/2016\/04\/credit-cards-1.png","datePublished":"2022-12-12T10:29:04+00:00","dateModified":"2024-07-21T16:30:30+00:00","breadcrumb":{"@id":"https:\/\/www.hotelgabriella.net\/fr\/list-de-prix-2023\/#breadcrumb"},"inLanguage":"fr-FR","potentialAction":[{"@type":"ReadAction","target":["https:\/\/www.hotelgabriella.net\/fr\/list-de-prix-2023\/"]}]},{"@type":"ImageObject","inLanguage":"fr-FR","@id":"https:\/\/www.hotelgabriella.net\/fr\/list-de-prix-2023\/#primaryimage","url":"https:\/\/www.hotelgabriella.net\/wp-content\/uploads\/2016\/04\/credit-cards-1.png","contentUrl":"https:\/\/www.hotelgabriella.net\/wp-content\/uploads\/2016\/04\/credit-cards-1.png"},{"@type":"BreadcrumbList","@id":"https:\/\/www.hotelgabriella.net\/fr\/list-de-prix-2023\/#breadcrumb","itemListElement":[{"@type":"ListItem","position":1,"name":"Home","item":"https:\/\/www.hotelgabriella.net\/fr\/"},{"@type":"ListItem","position":2,"name":"List de Prix"}]},{"@type":"WebSite","@id":"https:\/\/www.hotelgabriella.net\/#website","url":"https:\/\/www.hotelgabriella.net\/","name":"Hotel Gabriella Rimini","description":"","potentialAction":[{"@type":"SearchAction","target":{"@type":"EntryPoint","urlTemplate":"https:\/\/www.hotelgabriella.net\/?s={search_term_string}"},"query-input":{"@type":"PropertyValueSpecification","valueRequired":true,"valueName":"search_term_string"}}],"inLanguage":"fr-FR"}]}},"_links":{"self":[{"href":"https:\/\/www.hotelgabriella.net\/fr\/wp-json\/wp\/v2\/pages\/2319","targetHints":{"allow":["GET"]}}],"collection":[{"href":"https:\/\/www.hotelgabriella.net\/fr\/wp-json\/wp\/v2\/pages"}],"about":[{"href":"https:\/\/www.hotelgabriella.net\/fr\/wp-json\/wp\/v2\/types\/page"}],"author":[{"embeddable":true,"href":"https:\/\/www.hotelgabriella.net\/fr\/wp-json\/wp\/v2\/users\/6"}],"replies":[{"embeddable":true,"href":"https:\/\/www.hotelgabriella.net\/fr\/wp-json\/wp\/v2\/comments?post=2319"}],"version-history":[{"count":0,"href":"https:\/\/www.hotelgabriella.net\/fr\/wp-json\/wp\/v2\/pages\/2319\/revisions"}],"wp:attachment":[{"href":"https:\/\/www.hotelgabriella.net\/fr\/wp-json\/wp\/v2\/media?parent=2319"}],"curies":[{"name":"wp","href":"https:\/\/api.w.org\/{rel}","templated":true}]}}