{"id":2410,"date":"2024-12-15T19:28:36","date_gmt":"2024-12-15T18:28:36","guid":{"rendered":"https:\/\/www.hotelgabriella.net\/?page_id=2410"},"modified":"2024-12-16T18:03:59","modified_gmt":"2024-12-16T17:03:59","slug":"vous-voyagez-en-avion","status":"publish","type":"page","link":"https:\/\/www.hotelgabriella.net\/fr\/vous-voyagez-en-avion\/","title":{"rendered":"VOUS VOYAGEZ EN AVION ?"},"content":{"rendered":"<h2><span style=\"color: #999999\">Nouveaut\u00e9<\/span><\/h2>\n<h2><span style=\"color: #999999\">\u00c0 partir de l\u2019\u00e9t\u00e9 2025, vols directs vers Rimini depuis :<\/span><\/h2>\n<h2><span style=\"color: #999999\">B\u00e2le &#8211; Luxembourg &#8211; Bruxelles<\/span><\/h2>\n<p><strong>Transfer de l&rsquo;a\u00e9roport Rimini \u00e0 l&rsquo;h\u00f4tel et retour gratuit!<\/strong><\/p>\n<h3><span style=\"color: #999999\">Il existe une navette pour les vols arrivant \u00e0 Bologne :<\/span><\/h3>\n<p>Bologne &#8211; Rimini \/ Rimini &#8211; Bologne<\/p>\n<p>Service de correspondance en bus de l&rsquo;a\u00e9roport Guglielmo Marconi de Bologne \u00e0 Rimini. Valable toute l&rsquo;ann\u00e9e, avec 10 trajets quotidiens (aller-retour).<\/p>\n<p>Le dernier arr\u00eat de la navette se trouve \u00e0 proximit\u00e9 de la gare de Rimini,<strong> transfer gratuit \u00e0 l&rsquo;h\u00f4tel<\/strong>.<\/p>\n<p>Itin\u00e9raire: Bologne \u2013 Rimini<br \/>\nItin\u00e9raire: Rimini \u2013 Bologne<\/p>\n<p>Informations et contacts : <a href=\"https:\/\/www.shuttleitalyairport.it\/en\/\" target=\"_blank\" rel=\"noopener\">https:\/\/www.shuttleitalyairport.it\/en\/<\/a><\/p>\n","protected":false},"excerpt":{"rendered":"<p>Nouveaut\u00e9 \u00c0 partir de l\u2019\u00e9t\u00e9 2025, vols directs vers Rimini depuis : B\u00e2le &#8211; Luxembourg &#8211; Bruxelles Transfer de l&rsquo;a\u00e9roport Rimini \u00e0 l&rsquo;h\u00f4tel et retour gratuit! Il existe une navette pour les vols arrivant \u00e0 Bologne : Bologne &#8211; Rimini \/ Rimini &#8211; Bologne Service de correspondance en bus de l&rsquo;a\u00e9roport Guglielmo Marconi de Bologne [&hellip;]<\/p>\n","protected":false},"author":6,"featured_media":0,"parent":0,"menu_order":0,"comment_status":"closed","ping_status":"closed","template":"","meta":{"_acf_changed":false},"class_list":["post-2410","page","type-page","status-publish","hentry"],"acf":[],"yoast_head":"<!-- This site is optimized with the Yoast SEO plugin v27.4 - https:\/\/yoast.com\/product\/yoast-seo-wordpress\/ -->\n<title>VOUS VOYAGEZ EN AVION ? | Hotel Gabriella Rimini<\/title>\n<meta name=\"robots\" content=\"index, follow, max-snippet:-1, max-image-preview:large, max-video-preview:-1\" \/>\n<link rel=\"canonical\" href=\"https:\/\/www.hotelgabriella.net\/fr\/vous-voyagez-en-avion\/\" \/>\n<meta property=\"og:locale\" content=\"fr_FR\" \/>\n<meta property=\"og:type\" content=\"article\" \/>\n<meta property=\"og:title\" content=\"VOUS VOYAGEZ EN AVION ? | Hotel Gabriella Rimini\" \/>\n<meta property=\"og:description\" content=\"Nouveaut\u00e9 \u00c0 partir de l\u2019\u00e9t\u00e9 2025, vols directs vers Rimini depuis : B\u00e2le &#8211; Luxembourg &#8211; Bruxelles Transfer de l&rsquo;a\u00e9roport Rimini \u00e0 l&rsquo;h\u00f4tel et retour gratuit! Il existe une navette pour les vols arrivant \u00e0 Bologne : Bologne &#8211; Rimini \/ Rimini &#8211; Bologne Service de correspondance en bus de l&rsquo;a\u00e9roport Guglielmo Marconi de Bologne [&hellip;]\" \/>\n<meta property=\"og:url\" content=\"https:\/\/www.hotelgabriella.net\/fr\/vous-voyagez-en-avion\/\" \/>\n<meta property=\"og:site_name\" content=\"Hotel Gabriella Rimini\" \/>\n<meta property=\"article:modified_time\" content=\"2024-12-16T17:03:59+00:00\" \/>\n<meta name=\"twitter:card\" content=\"summary_large_image\" \/>\n<meta name=\"twitter:label1\" content=\"Dur\u00e9e de lecture estim\u00e9e\" \/>\n\t<meta name=\"twitter:data1\" content=\"1 minute\" \/>\n<script type=\"application\/ld+json\" class=\"yoast-schema-graph\">{\"@context\":\"https:\\\/\\\/schema.org\",\"@graph\":[{\"@type\":\"WebPage\",\"@id\":\"https:\\\/\\\/www.hotelgabriella.net\\\/fr\\\/vous-voyagez-en-avion\\\/\",\"url\":\"https:\\\/\\\/www.hotelgabriella.net\\\/fr\\\/vous-voyagez-en-avion\\\/\",\"name\":\"VOUS VOYAGEZ EN AVION ? | Hotel Gabriella Rimini\",\"isPartOf\":{\"@id\":\"https:\\\/\\\/www.hotelgabriella.net\\\/#website\"},\"datePublished\":\"2024-12-15T18:28:36+00:00\",\"dateModified\":\"2024-12-16T17:03:59+00:00\",\"breadcrumb\":{\"@id\":\"https:\\\/\\\/www.hotelgabriella.net\\\/fr\\\/vous-voyagez-en-avion\\\/#breadcrumb\"},\"inLanguage\":\"fr-FR\",\"potentialAction\":[{\"@type\":\"ReadAction\",\"target\":[\"https:\\\/\\\/www.hotelgabriella.net\\\/fr\\\/vous-voyagez-en-avion\\\/\"]}]},{\"@type\":\"BreadcrumbList\",\"@id\":\"https:\\\/\\\/www.hotelgabriella.net\\\/fr\\\/vous-voyagez-en-avion\\\/#breadcrumb\",\"itemListElement\":[{\"@type\":\"ListItem\",\"position\":1,\"name\":\"Home\",\"item\":\"https:\\\/\\\/www.hotelgabriella.net\\\/fr\\\/\"},{\"@type\":\"ListItem\",\"position\":2,\"name\":\"VOUS VOYAGEZ EN AVION ?\"}]},{\"@type\":\"WebSite\",\"@id\":\"https:\\\/\\\/www.hotelgabriella.net\\\/#website\",\"url\":\"https:\\\/\\\/www.hotelgabriella.net\\\/\",\"name\":\"Hotel Gabriella Rimini\",\"description\":\"\",\"potentialAction\":[{\"@type\":\"SearchAction\",\"target\":{\"@type\":\"EntryPoint\",\"urlTemplate\":\"https:\\\/\\\/www.hotelgabriella.net\\\/?s={search_term_string}\"},\"query-input\":{\"@type\":\"PropertyValueSpecification\",\"valueRequired\":true,\"valueName\":\"search_term_string\"}}],\"inLanguage\":\"fr-FR\"}]}<\/script>\n<!-- \/ Yoast SEO plugin. -->","yoast_head_json":{"title":"VOUS VOYAGEZ EN AVION ? | Hotel Gabriella Rimini","robots":{"index":"index","follow":"follow","max-snippet":"max-snippet:-1","max-image-preview":"max-image-preview:large","max-video-preview":"max-video-preview:-1"},"canonical":"https:\/\/www.hotelgabriella.net\/fr\/vous-voyagez-en-avion\/","og_locale":"fr_FR","og_type":"article","og_title":"VOUS VOYAGEZ EN AVION ? | Hotel Gabriella Rimini","og_description":"Nouveaut\u00e9 \u00c0 partir de l\u2019\u00e9t\u00e9 2025, vols directs vers Rimini depuis : B\u00e2le &#8211; Luxembourg &#8211; Bruxelles Transfer de l&rsquo;a\u00e9roport Rimini \u00e0 l&rsquo;h\u00f4tel et retour gratuit! Il existe une navette pour les vols arrivant \u00e0 Bologne : Bologne &#8211; Rimini \/ Rimini &#8211; Bologne Service de correspondance en bus de l&rsquo;a\u00e9roport Guglielmo Marconi de Bologne [&hellip;]","og_url":"https:\/\/www.hotelgabriella.net\/fr\/vous-voyagez-en-avion\/","og_site_name":"Hotel Gabriella Rimini","article_modified_time":"2024-12-16T17:03:59+00:00","twitter_card":"summary_large_image","twitter_misc":{"Dur\u00e9e de lecture estim\u00e9e":"1 minute"},"schema":{"@context":"https:\/\/schema.org","@graph":[{"@type":"WebPage","@id":"https:\/\/www.hotelgabriella.net\/fr\/vous-voyagez-en-avion\/","url":"https:\/\/www.hotelgabriella.net\/fr\/vous-voyagez-en-avion\/","name":"VOUS VOYAGEZ EN AVION ? | Hotel Gabriella Rimini","isPartOf":{"@id":"https:\/\/www.hotelgabriella.net\/#website"},"datePublished":"2024-12-15T18:28:36+00:00","dateModified":"2024-12-16T17:03:59+00:00","breadcrumb":{"@id":"https:\/\/www.hotelgabriella.net\/fr\/vous-voyagez-en-avion\/#breadcrumb"},"inLanguage":"fr-FR","potentialAction":[{"@type":"ReadAction","target":["https:\/\/www.hotelgabriella.net\/fr\/vous-voyagez-en-avion\/"]}]},{"@type":"BreadcrumbList","@id":"https:\/\/www.hotelgabriella.net\/fr\/vous-voyagez-en-avion\/#breadcrumb","itemListElement":[{"@type":"ListItem","position":1,"name":"Home","item":"https:\/\/www.hotelgabriella.net\/fr\/"},{"@type":"ListItem","position":2,"name":"VOUS VOYAGEZ EN AVION ?"}]},{"@type":"WebSite","@id":"https:\/\/www.hotelgabriella.net\/#website","url":"https:\/\/www.hotelgabriella.net\/","name":"Hotel Gabriella Rimini","description":"","potentialAction":[{"@type":"SearchAction","target":{"@type":"EntryPoint","urlTemplate":"https:\/\/www.hotelgabriella.net\/?s={search_term_string}"},"query-input":{"@type":"PropertyValueSpecification","valueRequired":true,"valueName":"search_term_string"}}],"inLanguage":"fr-FR"}]}},"_links":{"self":[{"href":"https:\/\/www.hotelgabriella.net\/fr\/wp-json\/wp\/v2\/pages\/2410","targetHints":{"allow":["GET"]}}],"collection":[{"href":"https:\/\/www.hotelgabriella.net\/fr\/wp-json\/wp\/v2\/pages"}],"about":[{"href":"https:\/\/www.hotelgabriella.net\/fr\/wp-json\/wp\/v2\/types\/page"}],"author":[{"embeddable":true,"href":"https:\/\/www.hotelgabriella.net\/fr\/wp-json\/wp\/v2\/users\/6"}],"replies":[{"embeddable":true,"href":"https:\/\/www.hotelgabriella.net\/fr\/wp-json\/wp\/v2\/comments?post=2410"}],"version-history":[{"count":0,"href":"https:\/\/www.hotelgabriella.net\/fr\/wp-json\/wp\/v2\/pages\/2410\/revisions"}],"wp:attachment":[{"href":"https:\/\/www.hotelgabriella.net\/fr\/wp-json\/wp\/v2\/media?parent=2410"}],"curies":[{"name":"wp","href":"https:\/\/api.w.org\/{rel}","templated":true}]}}