{"id":560,"date":"2013-07-09T12:41:08","date_gmt":"2013-07-09T12:41:08","guid":{"rendered":"https:\/\/www.hotelgabriella.net\/fr\/home\/"},"modified":"2024-07-08T14:58:47","modified_gmt":"2024-07-08T12:58:47","slug":"home","status":"publish","type":"page","link":"https:\/\/www.hotelgabriella.net\/fr\/","title":{"rendered":"L&rsquo;hospitalit\u00e9 authentique de la Romagne"},"content":{"rendered":"<h2><span id=\"result_box\" class=\"short_text\" lang=\"fr\">H\u00f4tels 3 \u00e9toiles \u00e0 Torre Pedrera di <span class=\"\">Rimini<\/span><\/span><\/h2>\n<p>L&rsquo;H\u00f4tel Gabriella se suite au nord de Rimini, dans la centre de la localit\u00e9 touristique de Torre Pedrera; il occupe une position tranquille, tout pr\u00e8s du <a href=\"https:\/\/www.hotelgabriella.net\/fr\/la-plage\/\">bord de mer.<\/a>\u00a0Facilement accessible \u00e0 seulement quelques minutes de la sortie d&rsquo;autoroute Rimini Nord.<\/p>\n<p>Toutes les chambres sont \u00e9quip\u00e9es de douche et toilette priv\u00e9es, beaux balcons spaciaux, s\u00e8che-cheveux, coffre fort, t\u00e9l\u00e9phone \u00e0 ligne directe avec service de r\u00e9veil automatique, t\u00e9l\u00e9vision satellite avec\u00a0 programme en fran\u00e7ais: TFI, \u00b04,\u00b02 direct, France 24, TV 5 Monde), Internet Wireless, Frigo.<br \/>\n<strong>Toutes les chambres sont climatis\u00e9ese.<\/strong><\/p>\n<p>Bar interne, salle de restaurant, salle de s\u00e9jour et un espace de jeu pour les enfants.<\/p>\n<p>Grande terrasse panoramique, parking priv\u00e9 et <a href=\"https:\/\/www.hotelgabriella.net\/fr\/services\/\">garage souterrain<\/a>,<\/p>\n<p>La <a href=\"https:\/\/www.hotelgabriella.net\/fr\/la-piscine\/\">piscine <\/a>chauff\u00e9e, ensoleill\u00e9e et tranquille, est \u00e9quip\u00e9e de petits lits de plage et de parasols.\u2028\u2028 <strong>Baignoire avec Jacuzzi. Salle de musculation. Bar.<\/strong><\/p>\n<p><a href=\"https:\/\/www.hotelgabriella.net\/fr\/nouveau-borne-de-recharge-electrique-directement-dans-lhotel\/\">NOUVEAU \u2013 BORNE DE RECHARGE \u00c9LECTRIQUE DIRECTEMENT DANS L\u2019H\u00d4TEL<\/a><\/p>\n<p>&nbsp;<\/p>\n<p>&nbsp;<\/p>\n","protected":false},"excerpt":{"rendered":"<p>H\u00f4tels 3 \u00e9toiles \u00e0 Torre Pedrera di Rimini L&rsquo;H\u00f4tel Gabriella se suite au nord de Rimini, dans la centre de la localit\u00e9 touristique de Torre Pedrera; il occupe une position tranquille, tout pr\u00e8s du bord de mer.\u00a0Facilement accessible \u00e0 seulement quelques minutes de la sortie d&rsquo;autoroute Rimini Nord. Toutes les chambres sont \u00e9quip\u00e9es de douche [&hellip;]<\/p>\n","protected":false},"author":5,"featured_media":0,"parent":0,"menu_order":3,"comment_status":"closed","ping_status":"closed","template":"","meta":{"_acf_changed":false},"class_list":["post-560","page","type-page","status-publish","hentry"],"acf":[],"yoast_head":"<!-- This site is optimized with the Yoast SEO plugin v27.0 - https:\/\/yoast.com\/product\/yoast-seo-wordpress\/ -->\n<title>L&#039;hospitalit\u00e9 authentique de la Romagne | Hotel Gabriella Rimini<\/title>\n<meta name=\"robots\" content=\"index, follow, max-snippet:-1, max-image-preview:large, max-video-preview:-1\" \/>\n<link rel=\"canonical\" href=\"https:\/\/www.hotelgabriella.net\/fr\/\" \/>\n<meta property=\"og:locale\" content=\"fr_FR\" \/>\n<meta property=\"og:type\" content=\"article\" \/>\n<meta property=\"og:title\" content=\"L&#039;hospitalit\u00e9 authentique de la Romagne | Hotel Gabriella Rimini\" \/>\n<meta property=\"og:description\" content=\"H\u00f4tels 3 \u00e9toiles \u00e0 Torre Pedrera di Rimini L&rsquo;H\u00f4tel Gabriella se suite au nord de Rimini, dans la centre de la localit\u00e9 touristique de Torre Pedrera; il occupe une position tranquille, tout pr\u00e8s du bord de mer.\u00a0Facilement accessible \u00e0 seulement quelques minutes de la sortie d&rsquo;autoroute Rimini Nord. Toutes les chambres sont \u00e9quip\u00e9es de douche [&hellip;]\" \/>\n<meta property=\"og:url\" content=\"https:\/\/www.hotelgabriella.net\/fr\/\" \/>\n<meta property=\"og:site_name\" content=\"Hotel Gabriella Rimini\" \/>\n<meta property=\"article:modified_time\" content=\"2024-07-08T12:58:47+00:00\" \/>\n<meta name=\"twitter:card\" content=\"summary_large_image\" \/>\n<meta name=\"twitter:label1\" content=\"Dur\u00e9e de lecture estim\u00e9e\" \/>\n\t<meta name=\"twitter:data1\" content=\"1 minute\" \/>\n<script type=\"application\/ld+json\" class=\"yoast-schema-graph\">{\"@context\":\"https:\/\/schema.org\",\"@graph\":[{\"@type\":\"WebPage\",\"@id\":\"https:\/\/www.hotelgabriella.net\/fr\/\",\"url\":\"https:\/\/www.hotelgabriella.net\/fr\/\",\"name\":\"L'hospitalit\u00e9 authentique de la Romagne | Hotel Gabriella Rimini\",\"isPartOf\":{\"@id\":\"https:\/\/www.hotelgabriella.net\/#website\"},\"datePublished\":\"2013-07-09T12:41:08+00:00\",\"dateModified\":\"2024-07-08T12:58:47+00:00\",\"breadcrumb\":{\"@id\":\"https:\/\/www.hotelgabriella.net\/fr\/#breadcrumb\"},\"inLanguage\":\"fr-FR\",\"potentialAction\":[{\"@type\":\"ReadAction\",\"target\":[\"https:\/\/www.hotelgabriella.net\/fr\/\"]}]},{\"@type\":\"BreadcrumbList\",\"@id\":\"https:\/\/www.hotelgabriella.net\/fr\/#breadcrumb\",\"itemListElement\":[{\"@type\":\"ListItem\",\"position\":1,\"name\":\"Home\",\"item\":\"https:\/\/www.hotelgabriella.net\/fr\/\"},{\"@type\":\"ListItem\",\"position\":2,\"name\":\"L&#8217;hospitalit\u00e9 authentique de la Romagne\"}]},{\"@type\":\"WebSite\",\"@id\":\"https:\/\/www.hotelgabriella.net\/#website\",\"url\":\"https:\/\/www.hotelgabriella.net\/\",\"name\":\"Hotel Gabriella Rimini\",\"description\":\"\",\"potentialAction\":[{\"@type\":\"SearchAction\",\"target\":{\"@type\":\"EntryPoint\",\"urlTemplate\":\"https:\/\/www.hotelgabriella.net\/?s={search_term_string}\"},\"query-input\":{\"@type\":\"PropertyValueSpecification\",\"valueRequired\":true,\"valueName\":\"search_term_string\"}}],\"inLanguage\":\"fr-FR\"}]}<\/script>\n<!-- \/ Yoast SEO plugin. -->","yoast_head_json":{"title":"L'hospitalit\u00e9 authentique de la Romagne | Hotel Gabriella Rimini","robots":{"index":"index","follow":"follow","max-snippet":"max-snippet:-1","max-image-preview":"max-image-preview:large","max-video-preview":"max-video-preview:-1"},"canonical":"https:\/\/www.hotelgabriella.net\/fr\/","og_locale":"fr_FR","og_type":"article","og_title":"L'hospitalit\u00e9 authentique de la Romagne | Hotel Gabriella Rimini","og_description":"H\u00f4tels 3 \u00e9toiles \u00e0 Torre Pedrera di Rimini L&rsquo;H\u00f4tel Gabriella se suite au nord de Rimini, dans la centre de la localit\u00e9 touristique de Torre Pedrera; il occupe une position tranquille, tout pr\u00e8s du bord de mer.\u00a0Facilement accessible \u00e0 seulement quelques minutes de la sortie d&rsquo;autoroute Rimini Nord. Toutes les chambres sont \u00e9quip\u00e9es de douche [&hellip;]","og_url":"https:\/\/www.hotelgabriella.net\/fr\/","og_site_name":"Hotel Gabriella Rimini","article_modified_time":"2024-07-08T12:58:47+00:00","twitter_card":"summary_large_image","twitter_misc":{"Dur\u00e9e de lecture estim\u00e9e":"1 minute"},"schema":{"@context":"https:\/\/schema.org","@graph":[{"@type":"WebPage","@id":"https:\/\/www.hotelgabriella.net\/fr\/","url":"https:\/\/www.hotelgabriella.net\/fr\/","name":"L'hospitalit\u00e9 authentique de la Romagne | Hotel Gabriella Rimini","isPartOf":{"@id":"https:\/\/www.hotelgabriella.net\/#website"},"datePublished":"2013-07-09T12:41:08+00:00","dateModified":"2024-07-08T12:58:47+00:00","breadcrumb":{"@id":"https:\/\/www.hotelgabriella.net\/fr\/#breadcrumb"},"inLanguage":"fr-FR","potentialAction":[{"@type":"ReadAction","target":["https:\/\/www.hotelgabriella.net\/fr\/"]}]},{"@type":"BreadcrumbList","@id":"https:\/\/www.hotelgabriella.net\/fr\/#breadcrumb","itemListElement":[{"@type":"ListItem","position":1,"name":"Home","item":"https:\/\/www.hotelgabriella.net\/fr\/"},{"@type":"ListItem","position":2,"name":"L&#8217;hospitalit\u00e9 authentique de la Romagne"}]},{"@type":"WebSite","@id":"https:\/\/www.hotelgabriella.net\/#website","url":"https:\/\/www.hotelgabriella.net\/","name":"Hotel Gabriella Rimini","description":"","potentialAction":[{"@type":"SearchAction","target":{"@type":"EntryPoint","urlTemplate":"https:\/\/www.hotelgabriella.net\/?s={search_term_string}"},"query-input":{"@type":"PropertyValueSpecification","valueRequired":true,"valueName":"search_term_string"}}],"inLanguage":"fr-FR"}]}},"_links":{"self":[{"href":"https:\/\/www.hotelgabriella.net\/fr\/wp-json\/wp\/v2\/pages\/560","targetHints":{"allow":["GET"]}}],"collection":[{"href":"https:\/\/www.hotelgabriella.net\/fr\/wp-json\/wp\/v2\/pages"}],"about":[{"href":"https:\/\/www.hotelgabriella.net\/fr\/wp-json\/wp\/v2\/types\/page"}],"author":[{"embeddable":true,"href":"https:\/\/www.hotelgabriella.net\/fr\/wp-json\/wp\/v2\/users\/5"}],"replies":[{"embeddable":true,"href":"https:\/\/www.hotelgabriella.net\/fr\/wp-json\/wp\/v2\/comments?post=560"}],"version-history":[{"count":0,"href":"https:\/\/www.hotelgabriella.net\/fr\/wp-json\/wp\/v2\/pages\/560\/revisions"}],"wp:attachment":[{"href":"https:\/\/www.hotelgabriella.net\/fr\/wp-json\/wp\/v2\/media?parent=560"}],"curies":[{"name":"wp","href":"https:\/\/api.w.org\/{rel}","templated":true}]}}