{"id":661,"date":"2016-03-16T12:45:42","date_gmt":"2016-03-16T11:45:42","guid":{"rendered":"https:\/\/www.hotelgabriella.net\/fr\/hotel-con-piscina-rimini\/"},"modified":"2025-01-13T12:12:45","modified_gmt":"2025-01-13T11:12:45","slug":"la-piscine","status":"publish","type":"page","link":"https:\/\/www.hotelgabriella.net\/fr\/la-piscine\/","title":{"rendered":"H\u00f4tels avec piscine \u00e0 Rimini pour le plaisir des petits et grands"},"content":{"rendered":"<h2>L\u2019espace de la piscine, \u00e9galement dot\u00e9 d\u2019un Bar, vous offrira une ambiance agr\u00e9able et relaxante.<\/h2>\n<p>Il dispose de transats, parasol, d\u2019une zone pour les jeunes enfants dans l\u2019eau, est \u00e9quip\u00e9e d\u2019un banc submerg\u00e9 \u00e0 jets tonifi ants et de cascade massante, vasque hidromassage Jacuzzi avec eau \u00e0 34\u00b0 C. Salle Fitness \u00e8quip\u00e9e. Ping pong.<\/p>\n","protected":false},"excerpt":{"rendered":"<p>L\u2019espace de la piscine, \u00e9galement dot\u00e9 d\u2019un Bar, vous offrira une ambiance agr\u00e9able et relaxante. Il dispose de transats, parasol, d\u2019une zone pour les jeunes enfants dans l\u2019eau, est \u00e9quip\u00e9e d\u2019un banc submerg\u00e9 \u00e0 jets tonifi ants et de cascade massante, vasque hidromassage Jacuzzi avec eau \u00e0 34\u00b0 C. Salle Fitness \u00e8quip\u00e9e. Ping pong.<\/p>\n","protected":false},"author":5,"featured_media":0,"parent":0,"menu_order":0,"comment_status":"closed","ping_status":"closed","template":"","meta":{"_acf_changed":false},"class_list":["post-661","page","type-page","status-publish","hentry"],"acf":[],"yoast_head":"<!-- This site is optimized with the Yoast SEO plugin v27.4 - https:\/\/yoast.com\/product\/yoast-seo-wordpress\/ -->\n<title>H\u00f4tels avec piscine \u00e0 Rimini pour le plaisir des petits et grands | Hotel Gabriella Rimini<\/title>\n<meta name=\"robots\" content=\"index, follow, max-snippet:-1, max-image-preview:large, max-video-preview:-1\" \/>\n<link rel=\"canonical\" href=\"https:\/\/www.hotelgabriella.net\/fr\/la-piscine\/\" \/>\n<meta property=\"og:locale\" content=\"fr_FR\" \/>\n<meta property=\"og:type\" content=\"article\" \/>\n<meta property=\"og:title\" content=\"H\u00f4tels avec piscine \u00e0 Rimini pour le plaisir des petits et grands | Hotel Gabriella Rimini\" \/>\n<meta property=\"og:description\" content=\"L\u2019espace de la piscine, \u00e9galement dot\u00e9 d\u2019un Bar, vous offrira une ambiance agr\u00e9able et relaxante. Il dispose de transats, parasol, d\u2019une zone pour les jeunes enfants dans l\u2019eau, est \u00e9quip\u00e9e d\u2019un banc submerg\u00e9 \u00e0 jets tonifi ants et de cascade massante, vasque hidromassage Jacuzzi avec eau \u00e0 34\u00b0 C. Salle Fitness \u00e8quip\u00e9e. Ping pong.\" \/>\n<meta property=\"og:url\" content=\"https:\/\/www.hotelgabriella.net\/fr\/la-piscine\/\" \/>\n<meta property=\"og:site_name\" content=\"Hotel Gabriella Rimini\" \/>\n<meta property=\"article:modified_time\" content=\"2025-01-13T11:12:45+00:00\" \/>\n<meta name=\"twitter:card\" content=\"summary_large_image\" \/>\n<script type=\"application\/ld+json\" class=\"yoast-schema-graph\">{\"@context\":\"https:\\\/\\\/schema.org\",\"@graph\":[{\"@type\":\"WebPage\",\"@id\":\"https:\\\/\\\/www.hotelgabriella.net\\\/fr\\\/la-piscine\\\/\",\"url\":\"https:\\\/\\\/www.hotelgabriella.net\\\/fr\\\/la-piscine\\\/\",\"name\":\"H\u00f4tels avec piscine \u00e0 Rimini pour le plaisir des petits et grands | Hotel Gabriella Rimini\",\"isPartOf\":{\"@id\":\"https:\\\/\\\/www.hotelgabriella.net\\\/#website\"},\"datePublished\":\"2016-03-16T11:45:42+00:00\",\"dateModified\":\"2025-01-13T11:12:45+00:00\",\"breadcrumb\":{\"@id\":\"https:\\\/\\\/www.hotelgabriella.net\\\/fr\\\/la-piscine\\\/#breadcrumb\"},\"inLanguage\":\"fr-FR\",\"potentialAction\":[{\"@type\":\"ReadAction\",\"target\":[\"https:\\\/\\\/www.hotelgabriella.net\\\/fr\\\/la-piscine\\\/\"]}]},{\"@type\":\"BreadcrumbList\",\"@id\":\"https:\\\/\\\/www.hotelgabriella.net\\\/fr\\\/la-piscine\\\/#breadcrumb\",\"itemListElement\":[{\"@type\":\"ListItem\",\"position\":1,\"name\":\"Home\",\"item\":\"https:\\\/\\\/www.hotelgabriella.net\\\/fr\\\/\"},{\"@type\":\"ListItem\",\"position\":2,\"name\":\"H\u00f4tels avec piscine \u00e0 Rimini pour le plaisir des petits et grands\"}]},{\"@type\":\"WebSite\",\"@id\":\"https:\\\/\\\/www.hotelgabriella.net\\\/#website\",\"url\":\"https:\\\/\\\/www.hotelgabriella.net\\\/\",\"name\":\"Hotel Gabriella Rimini\",\"description\":\"\",\"potentialAction\":[{\"@type\":\"SearchAction\",\"target\":{\"@type\":\"EntryPoint\",\"urlTemplate\":\"https:\\\/\\\/www.hotelgabriella.net\\\/?s={search_term_string}\"},\"query-input\":{\"@type\":\"PropertyValueSpecification\",\"valueRequired\":true,\"valueName\":\"search_term_string\"}}],\"inLanguage\":\"fr-FR\"}]}<\/script>\n<!-- \/ Yoast SEO plugin. -->","yoast_head_json":{"title":"H\u00f4tels avec piscine \u00e0 Rimini pour le plaisir des petits et grands | Hotel Gabriella Rimini","robots":{"index":"index","follow":"follow","max-snippet":"max-snippet:-1","max-image-preview":"max-image-preview:large","max-video-preview":"max-video-preview:-1"},"canonical":"https:\/\/www.hotelgabriella.net\/fr\/la-piscine\/","og_locale":"fr_FR","og_type":"article","og_title":"H\u00f4tels avec piscine \u00e0 Rimini pour le plaisir des petits et grands | Hotel Gabriella Rimini","og_description":"L\u2019espace de la piscine, \u00e9galement dot\u00e9 d\u2019un Bar, vous offrira une ambiance agr\u00e9able et relaxante. Il dispose de transats, parasol, d\u2019une zone pour les jeunes enfants dans l\u2019eau, est \u00e9quip\u00e9e d\u2019un banc submerg\u00e9 \u00e0 jets tonifi ants et de cascade massante, vasque hidromassage Jacuzzi avec eau \u00e0 34\u00b0 C. Salle Fitness \u00e8quip\u00e9e. Ping pong.","og_url":"https:\/\/www.hotelgabriella.net\/fr\/la-piscine\/","og_site_name":"Hotel Gabriella Rimini","article_modified_time":"2025-01-13T11:12:45+00:00","twitter_card":"summary_large_image","schema":{"@context":"https:\/\/schema.org","@graph":[{"@type":"WebPage","@id":"https:\/\/www.hotelgabriella.net\/fr\/la-piscine\/","url":"https:\/\/www.hotelgabriella.net\/fr\/la-piscine\/","name":"H\u00f4tels avec piscine \u00e0 Rimini pour le plaisir des petits et grands | Hotel Gabriella Rimini","isPartOf":{"@id":"https:\/\/www.hotelgabriella.net\/#website"},"datePublished":"2016-03-16T11:45:42+00:00","dateModified":"2025-01-13T11:12:45+00:00","breadcrumb":{"@id":"https:\/\/www.hotelgabriella.net\/fr\/la-piscine\/#breadcrumb"},"inLanguage":"fr-FR","potentialAction":[{"@type":"ReadAction","target":["https:\/\/www.hotelgabriella.net\/fr\/la-piscine\/"]}]},{"@type":"BreadcrumbList","@id":"https:\/\/www.hotelgabriella.net\/fr\/la-piscine\/#breadcrumb","itemListElement":[{"@type":"ListItem","position":1,"name":"Home","item":"https:\/\/www.hotelgabriella.net\/fr\/"},{"@type":"ListItem","position":2,"name":"H\u00f4tels avec piscine \u00e0 Rimini pour le plaisir des petits et grands"}]},{"@type":"WebSite","@id":"https:\/\/www.hotelgabriella.net\/#website","url":"https:\/\/www.hotelgabriella.net\/","name":"Hotel Gabriella Rimini","description":"","potentialAction":[{"@type":"SearchAction","target":{"@type":"EntryPoint","urlTemplate":"https:\/\/www.hotelgabriella.net\/?s={search_term_string}"},"query-input":{"@type":"PropertyValueSpecification","valueRequired":true,"valueName":"search_term_string"}}],"inLanguage":"fr-FR"}]}},"_links":{"self":[{"href":"https:\/\/www.hotelgabriella.net\/fr\/wp-json\/wp\/v2\/pages\/661","targetHints":{"allow":["GET"]}}],"collection":[{"href":"https:\/\/www.hotelgabriella.net\/fr\/wp-json\/wp\/v2\/pages"}],"about":[{"href":"https:\/\/www.hotelgabriella.net\/fr\/wp-json\/wp\/v2\/types\/page"}],"author":[{"embeddable":true,"href":"https:\/\/www.hotelgabriella.net\/fr\/wp-json\/wp\/v2\/users\/5"}],"replies":[{"embeddable":true,"href":"https:\/\/www.hotelgabriella.net\/fr\/wp-json\/wp\/v2\/comments?post=661"}],"version-history":[{"count":0,"href":"https:\/\/www.hotelgabriella.net\/fr\/wp-json\/wp\/v2\/pages\/661\/revisions"}],"wp:attachment":[{"href":"https:\/\/www.hotelgabriella.net\/fr\/wp-json\/wp\/v2\/media?parent=661"}],"curies":[{"name":"wp","href":"https:\/\/api.w.org\/{rel}","templated":true}]}}