{"id":666,"date":"2014-04-30T11:33:33","date_gmt":"2014-04-30T09:33:33","guid":{"rendered":"https:\/\/www.hotelgabriella.net\/fr\/relax-in-hotel\/"},"modified":"2016-05-05T11:48:06","modified_gmt":"2016-05-05T09:48:06","slug":"detente-en-hotel","status":"publish","type":"page","link":"https:\/\/www.hotelgabriella.net\/fr\/detente-en-hotel\/","title":{"rendered":"Rien n\u2019est plus relaxant qu\u2019un massage au retour de la plage&#8230;"},"content":{"rendered":"<h2>Il est conseill\u00e9 de se m\u00e9fier des personnes qui offrent des massages sur le bord de la mer&#8230;<\/h2>\n<p><strong>Laissez-vous plut\u00f4t c\u00e2liner par les mains exp\u00e9riment\u00e9es de v\u00e9ritables professionnels<\/strong>, physioth\u00e9rapeutes et masseurs dipl\u00f4m\u00e9s, car outre \u00e0 \u00eatre relaxants, ces traitements doivent \u00eatre \u00e9galement salutaires.<br \/>\nL\u2019H\u00f4tel Gabriella peut vous proposer une \u00e9quipe de professionnels s\u00e9rieux et pr\u00e9par\u00e9s car votre bien-\u00eatre est pour nous tr\u00e8s important.<br \/>\n<strong>Adressez-vous \u00e0 la r\u00e9ception et r\u00e9servez vite votre traitement bien-\u00eatre sp\u00e9cial!<\/strong><\/p>\n<p>Un espace de sport, petit mais fonctionnel, est \u00e9galement \u00e0 la disposition de ceux qui aiment l\u2019activit\u00e9 physique, directement sur le bord de la piscine. Vous pourrez par ailleurs profiter du massage relaxant offert par notre vasque hydromassage Jacuzzi ainsi que par les jets d\u2019eau lat\u00e9raux et la douche hydromassante de la piscine principale.<\/p>\n<p>Par contre, nous avons r\u00e9serv\u00e9 aux passionn\u00e9s de lecture un petit salon, commode et un peu \u00e0 l\u2019\u00e9cart, dot\u00e9 de canap\u00e9s, de tables et d\u2019une petite biblioth\u00e8que pour petits et grands.<\/p>\n","protected":false},"excerpt":{"rendered":"<p>Il est conseill\u00e9 de se m\u00e9fier des personnes qui offrent des massages sur le bord de la mer&#8230; Laissez-vous plut\u00f4t c\u00e2liner par les mains exp\u00e9riment\u00e9es de v\u00e9ritables professionnels, physioth\u00e9rapeutes et masseurs dipl\u00f4m\u00e9s, car outre \u00e0 \u00eatre relaxants, ces traitements doivent \u00eatre \u00e9galement salutaires. L\u2019H\u00f4tel Gabriella peut vous proposer une \u00e9quipe de professionnels s\u00e9rieux et pr\u00e9par\u00e9s [&hellip;]<\/p>\n","protected":false},"author":5,"featured_media":0,"parent":0,"menu_order":0,"comment_status":"closed","ping_status":"closed","template":"","meta":{"_acf_changed":false},"class_list":["post-666","page","type-page","status-publish","hentry"],"acf":[],"yoast_head":"<!-- This site is optimized with the Yoast SEO plugin v27.0 - https:\/\/yoast.com\/product\/yoast-seo-wordpress\/ -->\n<title>D\u00e9tente en h\u00f4tel | Hotel Gabriella<\/title>\n<meta name=\"robots\" content=\"index, follow, max-snippet:-1, max-image-preview:large, max-video-preview:-1\" \/>\n<link rel=\"canonical\" href=\"https:\/\/www.hotelgabriella.net\/fr\/detente-en-hotel\/\" \/>\n<meta property=\"og:locale\" content=\"fr_FR\" \/>\n<meta property=\"og:type\" content=\"article\" \/>\n<meta property=\"og:title\" content=\"D\u00e9tente en h\u00f4tel | Hotel Gabriella\" \/>\n<meta property=\"og:description\" content=\"Il est conseill\u00e9 de se m\u00e9fier des personnes qui offrent des massages sur le bord de la mer&#8230; Laissez-vous plut\u00f4t c\u00e2liner par les mains exp\u00e9riment\u00e9es de v\u00e9ritables professionnels, physioth\u00e9rapeutes et masseurs dipl\u00f4m\u00e9s, car outre \u00e0 \u00eatre relaxants, ces traitements doivent \u00eatre \u00e9galement salutaires. L\u2019H\u00f4tel Gabriella peut vous proposer une \u00e9quipe de professionnels s\u00e9rieux et pr\u00e9par\u00e9s [&hellip;]\" \/>\n<meta property=\"og:url\" content=\"https:\/\/www.hotelgabriella.net\/fr\/detente-en-hotel\/\" \/>\n<meta property=\"og:site_name\" content=\"Hotel Gabriella Rimini\" \/>\n<meta property=\"article:modified_time\" content=\"2016-05-05T09:48:06+00:00\" \/>\n<meta name=\"twitter:card\" content=\"summary_large_image\" \/>\n<meta name=\"twitter:label1\" content=\"Dur\u00e9e de lecture estim\u00e9e\" \/>\n\t<meta name=\"twitter:data1\" content=\"1 minute\" \/>\n<script type=\"application\/ld+json\" class=\"yoast-schema-graph\">{\"@context\":\"https:\/\/schema.org\",\"@graph\":[{\"@type\":\"WebPage\",\"@id\":\"https:\/\/www.hotelgabriella.net\/fr\/detente-en-hotel\/\",\"url\":\"https:\/\/www.hotelgabriella.net\/fr\/detente-en-hotel\/\",\"name\":\"D\u00e9tente en h\u00f4tel | Hotel Gabriella\",\"isPartOf\":{\"@id\":\"https:\/\/www.hotelgabriella.net\/#website\"},\"datePublished\":\"2014-04-30T09:33:33+00:00\",\"dateModified\":\"2016-05-05T09:48:06+00:00\",\"breadcrumb\":{\"@id\":\"https:\/\/www.hotelgabriella.net\/fr\/detente-en-hotel\/#breadcrumb\"},\"inLanguage\":\"fr-FR\",\"potentialAction\":[{\"@type\":\"ReadAction\",\"target\":[\"https:\/\/www.hotelgabriella.net\/fr\/detente-en-hotel\/\"]}]},{\"@type\":\"BreadcrumbList\",\"@id\":\"https:\/\/www.hotelgabriella.net\/fr\/detente-en-hotel\/#breadcrumb\",\"itemListElement\":[{\"@type\":\"ListItem\",\"position\":1,\"name\":\"Home\",\"item\":\"https:\/\/www.hotelgabriella.net\/fr\/\"},{\"@type\":\"ListItem\",\"position\":2,\"name\":\"Rien n\u2019est plus relaxant qu\u2019un massage au retour de la plage&#8230;\"}]},{\"@type\":\"WebSite\",\"@id\":\"https:\/\/www.hotelgabriella.net\/#website\",\"url\":\"https:\/\/www.hotelgabriella.net\/\",\"name\":\"Hotel Gabriella Rimini\",\"description\":\"\",\"potentialAction\":[{\"@type\":\"SearchAction\",\"target\":{\"@type\":\"EntryPoint\",\"urlTemplate\":\"https:\/\/www.hotelgabriella.net\/?s={search_term_string}\"},\"query-input\":{\"@type\":\"PropertyValueSpecification\",\"valueRequired\":true,\"valueName\":\"search_term_string\"}}],\"inLanguage\":\"fr-FR\"}]}<\/script>\n<!-- \/ Yoast SEO plugin. -->","yoast_head_json":{"title":"D\u00e9tente en h\u00f4tel | Hotel Gabriella","robots":{"index":"index","follow":"follow","max-snippet":"max-snippet:-1","max-image-preview":"max-image-preview:large","max-video-preview":"max-video-preview:-1"},"canonical":"https:\/\/www.hotelgabriella.net\/fr\/detente-en-hotel\/","og_locale":"fr_FR","og_type":"article","og_title":"D\u00e9tente en h\u00f4tel | Hotel Gabriella","og_description":"Il est conseill\u00e9 de se m\u00e9fier des personnes qui offrent des massages sur le bord de la mer&#8230; Laissez-vous plut\u00f4t c\u00e2liner par les mains exp\u00e9riment\u00e9es de v\u00e9ritables professionnels, physioth\u00e9rapeutes et masseurs dipl\u00f4m\u00e9s, car outre \u00e0 \u00eatre relaxants, ces traitements doivent \u00eatre \u00e9galement salutaires. L\u2019H\u00f4tel Gabriella peut vous proposer une \u00e9quipe de professionnels s\u00e9rieux et pr\u00e9par\u00e9s [&hellip;]","og_url":"https:\/\/www.hotelgabriella.net\/fr\/detente-en-hotel\/","og_site_name":"Hotel Gabriella Rimini","article_modified_time":"2016-05-05T09:48:06+00:00","twitter_card":"summary_large_image","twitter_misc":{"Dur\u00e9e de lecture estim\u00e9e":"1 minute"},"schema":{"@context":"https:\/\/schema.org","@graph":[{"@type":"WebPage","@id":"https:\/\/www.hotelgabriella.net\/fr\/detente-en-hotel\/","url":"https:\/\/www.hotelgabriella.net\/fr\/detente-en-hotel\/","name":"D\u00e9tente en h\u00f4tel | Hotel Gabriella","isPartOf":{"@id":"https:\/\/www.hotelgabriella.net\/#website"},"datePublished":"2014-04-30T09:33:33+00:00","dateModified":"2016-05-05T09:48:06+00:00","breadcrumb":{"@id":"https:\/\/www.hotelgabriella.net\/fr\/detente-en-hotel\/#breadcrumb"},"inLanguage":"fr-FR","potentialAction":[{"@type":"ReadAction","target":["https:\/\/www.hotelgabriella.net\/fr\/detente-en-hotel\/"]}]},{"@type":"BreadcrumbList","@id":"https:\/\/www.hotelgabriella.net\/fr\/detente-en-hotel\/#breadcrumb","itemListElement":[{"@type":"ListItem","position":1,"name":"Home","item":"https:\/\/www.hotelgabriella.net\/fr\/"},{"@type":"ListItem","position":2,"name":"Rien n\u2019est plus relaxant qu\u2019un massage au retour de la plage&#8230;"}]},{"@type":"WebSite","@id":"https:\/\/www.hotelgabriella.net\/#website","url":"https:\/\/www.hotelgabriella.net\/","name":"Hotel Gabriella Rimini","description":"","potentialAction":[{"@type":"SearchAction","target":{"@type":"EntryPoint","urlTemplate":"https:\/\/www.hotelgabriella.net\/?s={search_term_string}"},"query-input":{"@type":"PropertyValueSpecification","valueRequired":true,"valueName":"search_term_string"}}],"inLanguage":"fr-FR"}]}},"_links":{"self":[{"href":"https:\/\/www.hotelgabriella.net\/fr\/wp-json\/wp\/v2\/pages\/666","targetHints":{"allow":["GET"]}}],"collection":[{"href":"https:\/\/www.hotelgabriella.net\/fr\/wp-json\/wp\/v2\/pages"}],"about":[{"href":"https:\/\/www.hotelgabriella.net\/fr\/wp-json\/wp\/v2\/types\/page"}],"author":[{"embeddable":true,"href":"https:\/\/www.hotelgabriella.net\/fr\/wp-json\/wp\/v2\/users\/5"}],"replies":[{"embeddable":true,"href":"https:\/\/www.hotelgabriella.net\/fr\/wp-json\/wp\/v2\/comments?post=666"}],"version-history":[{"count":0,"href":"https:\/\/www.hotelgabriella.net\/fr\/wp-json\/wp\/v2\/pages\/666\/revisions"}],"wp:attachment":[{"href":"https:\/\/www.hotelgabriella.net\/fr\/wp-json\/wp\/v2\/media?parent=666"}],"curies":[{"name":"wp","href":"https:\/\/api.w.org\/{rel}","templated":true}]}}