{"id":682,"date":"2016-03-16T12:46:04","date_gmt":"2016-03-16T11:46:04","guid":{"rendered":"https:\/\/www.hotelgabriella.net\/fr\/spiaggia\/"},"modified":"2026-03-17T13:46:44","modified_gmt":"2026-03-17T12:46:44","slug":"la-plage","status":"publish","type":"page","link":"https:\/\/www.hotelgabriella.net\/fr\/la-plage\/","title":{"rendered":"La plage"},"content":{"rendered":"<p data-start=\"844\" data-end=\"978\">Une plage \u00e9l\u00e9gamment r\u00e9nov\u00e9e, o\u00f9 chaque d\u00e9tail a \u00e9t\u00e9 pens\u00e9 pour vous offrir une exp\u00e9rience de d\u00e9tente unique, les pieds dans le sable\u2026<\/p>\n<p data-start=\"983\" data-end=\"1200\">\u00c0 seulement quelques pas de l\u2019h\u00f4tel, vous d\u00e9couvrirez un \u00e9tablissement baln\u00e9aire enti\u00e8rement modernis\u00e9, g\u00e9r\u00e9 avec passion, v\u00e9ritable garantie d\u2019accueil chaleureux et authentique.<\/p>\n<p data-start=\"1205\" data-end=\"1431\">Ici, tout est r\u00e9uni pour satisfaire toutes vos envies: d\u00e9tente sous le parasol, remise en forme avec des \u00e9quipements de fitness modernes, parties de beach-volley ou de basket, ou encore balades en p\u00e9dalo sur la mer Adriatique.<\/p>\n<p data-start=\"1436\" data-end=\"1700\">Pendant que les enfants s\u2019amusent en toute s\u00e9curit\u00e9 dans les espaces de jeux qui leur sont d\u00e9di\u00e9s, offrez-vous un moment de pur bien-\u00eatre dans la zone d\u2019hydromassage et laissez-vous bercer par les bulles en admirant l\u2019atmosph\u00e8re vivante et ensoleill\u00e9e de la plage.<\/p>\n<p><img loading=\"lazy\" decoding=\"async\" class=\"aligncenter size-full wp-image-1589\" src=\"https:\/\/www.hotelgabriella.net\/wp-content\/uploads\/2020\/02\/bagno-rinato-2.jpg\" alt=\"\" width=\"800\" height=\"533\" data-big-size=\"800x533\" srcset=\"https:\/\/www.hotelgabriella.net\/wp-content\/uploads\/2020\/02\/bagno-rinato-2.jpg 800w, https:\/\/www.hotelgabriella.net\/wp-content\/uploads\/2020\/02\/bagno-rinato-2-435x290.jpg 435w\" sizes=\"auto, (max-width: 800px) 100vw, 800px\" \/><\/p>\n<p><img loading=\"lazy\" decoding=\"async\" class=\"aligncenter size-full wp-image-1597\" src=\"https:\/\/www.hotelgabriella.net\/wp-content\/uploads\/2020\/02\/ping-pong.jpg\" alt=\"\" width=\"799\" height=\"600\" data-big-size=\"799x600\" \/><\/p>\n<p><img loading=\"lazy\" decoding=\"async\" class=\"aligncenter wp-image-1802\" src=\"https:\/\/www.hotelgabriella.net\/wp-content\/uploads\/2021\/01\/sup-sito.jpg\" alt=\"\" width=\"801\" height=\"422\" data-big-size=\"1000x527\" \/><\/p>\n<p><strong>D\u2019autres \u00e9tablissements<\/strong> baln\u00e9aires voisins proposent plusieurs solutions de divertissement, de la rampe de skate \u00e0 l\u2019animation la plus p\u00e9tillante.<\/p>\n<p><img loading=\"lazy\" decoding=\"async\" class=\"aligncenter size-full wp-image-1593\" src=\"https:\/\/www.hotelgabriella.net\/wp-content\/uploads\/2020\/02\/belaburdela-2.jpg\" alt=\"\" width=\"1500\" height=\"1000\" data-big-size=\"1500x1000\" srcset=\"https:\/\/www.hotelgabriella.net\/wp-content\/uploads\/2020\/02\/belaburdela-2.jpg 1500w, https:\/\/www.hotelgabriella.net\/wp-content\/uploads\/2020\/02\/belaburdela-2-435x290.jpg 435w\" sizes=\"auto, (max-width: 1500px) 100vw, 1500px\" \/><\/p>\n<p><img loading=\"lazy\" decoding=\"async\" class=\"aligncenter size-full wp-image-1098\" src=\"https:\/\/www.hotelgabriella.net\/wp-content\/uploads\/2018\/05\/10450538_690046671078259_366550952435600198_n.jpg\" alt=\"\" width=\"852\" height=\"640\" data-big-size=\"852x640\" \/><\/p>\n<p>&nbsp;<\/p>\n<p>&nbsp;<\/p>\n<p><strong>Il y a \u00e9galement une plage libre<\/strong>, \u00e0 courte distance, <strong>gratuite et \u00e0 la disposition de tous<\/strong> ceux qui aiment vivre la plage dans sa simplicit\u00e9 naturelle, \u00e9quip\u00e9s de leur seule serviette de bain\u2026. et de cr\u00e8mes de protection solaire.<\/p>\n<p><img loading=\"lazy\" decoding=\"async\" class=\"aligncenter size-large wp-image-1096\" src=\"https:\/\/www.hotelgabriella.net\/wp-content\/uploads\/2018\/05\/18739650_1438864202846587_6285794784014541735_n-720x900.jpg\" alt=\"\" width=\"720\" height=\"900\" data-big-size=\"720x960\" \/><\/p>\n","protected":false},"excerpt":{"rendered":"<p>Une plage \u00e9l\u00e9gamment r\u00e9nov\u00e9e, o\u00f9 chaque d\u00e9tail a \u00e9t\u00e9 pens\u00e9 pour vous offrir une exp\u00e9rience de d\u00e9tente unique, les pieds dans le sable\u2026 \u00c0 seulement quelques pas de l\u2019h\u00f4tel, vous d\u00e9couvrirez un \u00e9tablissement baln\u00e9aire enti\u00e8rement modernis\u00e9, g\u00e9r\u00e9 avec passion, v\u00e9ritable garantie d\u2019accueil chaleureux et authentique. Ici, tout est r\u00e9uni pour satisfaire toutes vos envies: d\u00e9tente [&hellip;]<\/p>\n","protected":false},"author":5,"featured_media":0,"parent":0,"menu_order":0,"comment_status":"closed","ping_status":"closed","template":"","meta":{"_acf_changed":false},"class_list":["post-682","page","type-page","status-publish","hentry"],"acf":[],"yoast_head":"<!-- This site is optimized with the Yoast SEO plugin v27.4 - https:\/\/yoast.com\/product\/yoast-seo-wordpress\/ -->\n<title>La plage | Hotel Gabriella Rimini<\/title>\n<meta name=\"robots\" content=\"index, follow, max-snippet:-1, max-image-preview:large, max-video-preview:-1\" \/>\n<link rel=\"canonical\" href=\"https:\/\/www.hotelgabriella.net\/fr\/la-plage\/\" \/>\n<meta property=\"og:locale\" content=\"fr_FR\" \/>\n<meta property=\"og:type\" content=\"article\" \/>\n<meta property=\"og:title\" content=\"La plage | Hotel Gabriella Rimini\" \/>\n<meta property=\"og:description\" content=\"Une plage \u00e9l\u00e9gamment r\u00e9nov\u00e9e, o\u00f9 chaque d\u00e9tail a \u00e9t\u00e9 pens\u00e9 pour vous offrir une exp\u00e9rience de d\u00e9tente unique, les pieds dans le sable\u2026 \u00c0 seulement quelques pas de l\u2019h\u00f4tel, vous d\u00e9couvrirez un \u00e9tablissement baln\u00e9aire enti\u00e8rement modernis\u00e9, g\u00e9r\u00e9 avec passion, v\u00e9ritable garantie d\u2019accueil chaleureux et authentique. Ici, tout est r\u00e9uni pour satisfaire toutes vos envies: d\u00e9tente [&hellip;]\" \/>\n<meta property=\"og:url\" content=\"https:\/\/www.hotelgabriella.net\/fr\/la-plage\/\" \/>\n<meta property=\"og:site_name\" content=\"Hotel Gabriella Rimini\" \/>\n<meta property=\"article:modified_time\" content=\"2026-03-17T12:46:44+00:00\" \/>\n<meta property=\"og:image\" content=\"https:\/\/www.hotelgabriella.net\/wp-content\/uploads\/2020\/02\/bagno-rinato-2.jpg\" \/>\n\t<meta property=\"og:image:width\" content=\"800\" \/>\n\t<meta property=\"og:image:height\" content=\"533\" \/>\n\t<meta property=\"og:image:type\" content=\"image\/jpeg\" \/>\n<meta name=\"twitter:card\" content=\"summary_large_image\" \/>\n<meta name=\"twitter:label1\" content=\"Dur\u00e9e de lecture estim\u00e9e\" \/>\n\t<meta name=\"twitter:data1\" content=\"3 minutes\" \/>\n<script type=\"application\/ld+json\" class=\"yoast-schema-graph\">{\"@context\":\"https:\\\/\\\/schema.org\",\"@graph\":[{\"@type\":\"WebPage\",\"@id\":\"https:\\\/\\\/www.hotelgabriella.net\\\/fr\\\/la-plage\\\/\",\"url\":\"https:\\\/\\\/www.hotelgabriella.net\\\/fr\\\/la-plage\\\/\",\"name\":\"La plage | Hotel Gabriella Rimini\",\"isPartOf\":{\"@id\":\"https:\\\/\\\/www.hotelgabriella.net\\\/#website\"},\"primaryImageOfPage\":{\"@id\":\"https:\\\/\\\/www.hotelgabriella.net\\\/fr\\\/la-plage\\\/#primaryimage\"},\"image\":{\"@id\":\"https:\\\/\\\/www.hotelgabriella.net\\\/fr\\\/la-plage\\\/#primaryimage\"},\"thumbnailUrl\":\"https:\\\/\\\/www.hotelgabriella.net\\\/wp-content\\\/uploads\\\/2020\\\/02\\\/bagno-rinato-2.jpg\",\"datePublished\":\"2016-03-16T11:46:04+00:00\",\"dateModified\":\"2026-03-17T12:46:44+00:00\",\"breadcrumb\":{\"@id\":\"https:\\\/\\\/www.hotelgabriella.net\\\/fr\\\/la-plage\\\/#breadcrumb\"},\"inLanguage\":\"fr-FR\",\"potentialAction\":[{\"@type\":\"ReadAction\",\"target\":[\"https:\\\/\\\/www.hotelgabriella.net\\\/fr\\\/la-plage\\\/\"]}]},{\"@type\":\"ImageObject\",\"inLanguage\":\"fr-FR\",\"@id\":\"https:\\\/\\\/www.hotelgabriella.net\\\/fr\\\/la-plage\\\/#primaryimage\",\"url\":\"https:\\\/\\\/www.hotelgabriella.net\\\/wp-content\\\/uploads\\\/2020\\\/02\\\/bagno-rinato-2.jpg\",\"contentUrl\":\"https:\\\/\\\/www.hotelgabriella.net\\\/wp-content\\\/uploads\\\/2020\\\/02\\\/bagno-rinato-2.jpg\"},{\"@type\":\"BreadcrumbList\",\"@id\":\"https:\\\/\\\/www.hotelgabriella.net\\\/fr\\\/la-plage\\\/#breadcrumb\",\"itemListElement\":[{\"@type\":\"ListItem\",\"position\":1,\"name\":\"Home\",\"item\":\"https:\\\/\\\/www.hotelgabriella.net\\\/fr\\\/\"},{\"@type\":\"ListItem\",\"position\":2,\"name\":\"La plage\"}]},{\"@type\":\"WebSite\",\"@id\":\"https:\\\/\\\/www.hotelgabriella.net\\\/#website\",\"url\":\"https:\\\/\\\/www.hotelgabriella.net\\\/\",\"name\":\"Hotel Gabriella Rimini\",\"description\":\"\",\"potentialAction\":[{\"@type\":\"SearchAction\",\"target\":{\"@type\":\"EntryPoint\",\"urlTemplate\":\"https:\\\/\\\/www.hotelgabriella.net\\\/?s={search_term_string}\"},\"query-input\":{\"@type\":\"PropertyValueSpecification\",\"valueRequired\":true,\"valueName\":\"search_term_string\"}}],\"inLanguage\":\"fr-FR\"}]}<\/script>\n<!-- \/ Yoast SEO plugin. -->","yoast_head_json":{"title":"La plage | Hotel Gabriella Rimini","robots":{"index":"index","follow":"follow","max-snippet":"max-snippet:-1","max-image-preview":"max-image-preview:large","max-video-preview":"max-video-preview:-1"},"canonical":"https:\/\/www.hotelgabriella.net\/fr\/la-plage\/","og_locale":"fr_FR","og_type":"article","og_title":"La plage | Hotel Gabriella Rimini","og_description":"Une plage \u00e9l\u00e9gamment r\u00e9nov\u00e9e, o\u00f9 chaque d\u00e9tail a \u00e9t\u00e9 pens\u00e9 pour vous offrir une exp\u00e9rience de d\u00e9tente unique, les pieds dans le sable\u2026 \u00c0 seulement quelques pas de l\u2019h\u00f4tel, vous d\u00e9couvrirez un \u00e9tablissement baln\u00e9aire enti\u00e8rement modernis\u00e9, g\u00e9r\u00e9 avec passion, v\u00e9ritable garantie d\u2019accueil chaleureux et authentique. Ici, tout est r\u00e9uni pour satisfaire toutes vos envies: d\u00e9tente [&hellip;]","og_url":"https:\/\/www.hotelgabriella.net\/fr\/la-plage\/","og_site_name":"Hotel Gabriella Rimini","article_modified_time":"2026-03-17T12:46:44+00:00","og_image":[{"width":800,"height":533,"url":"https:\/\/www.hotelgabriella.net\/wp-content\/uploads\/2020\/02\/bagno-rinato-2.jpg","type":"image\/jpeg"}],"twitter_card":"summary_large_image","twitter_misc":{"Dur\u00e9e de lecture estim\u00e9e":"3 minutes"},"schema":{"@context":"https:\/\/schema.org","@graph":[{"@type":"WebPage","@id":"https:\/\/www.hotelgabriella.net\/fr\/la-plage\/","url":"https:\/\/www.hotelgabriella.net\/fr\/la-plage\/","name":"La plage | Hotel Gabriella Rimini","isPartOf":{"@id":"https:\/\/www.hotelgabriella.net\/#website"},"primaryImageOfPage":{"@id":"https:\/\/www.hotelgabriella.net\/fr\/la-plage\/#primaryimage"},"image":{"@id":"https:\/\/www.hotelgabriella.net\/fr\/la-plage\/#primaryimage"},"thumbnailUrl":"https:\/\/www.hotelgabriella.net\/wp-content\/uploads\/2020\/02\/bagno-rinato-2.jpg","datePublished":"2016-03-16T11:46:04+00:00","dateModified":"2026-03-17T12:46:44+00:00","breadcrumb":{"@id":"https:\/\/www.hotelgabriella.net\/fr\/la-plage\/#breadcrumb"},"inLanguage":"fr-FR","potentialAction":[{"@type":"ReadAction","target":["https:\/\/www.hotelgabriella.net\/fr\/la-plage\/"]}]},{"@type":"ImageObject","inLanguage":"fr-FR","@id":"https:\/\/www.hotelgabriella.net\/fr\/la-plage\/#primaryimage","url":"https:\/\/www.hotelgabriella.net\/wp-content\/uploads\/2020\/02\/bagno-rinato-2.jpg","contentUrl":"https:\/\/www.hotelgabriella.net\/wp-content\/uploads\/2020\/02\/bagno-rinato-2.jpg"},{"@type":"BreadcrumbList","@id":"https:\/\/www.hotelgabriella.net\/fr\/la-plage\/#breadcrumb","itemListElement":[{"@type":"ListItem","position":1,"name":"Home","item":"https:\/\/www.hotelgabriella.net\/fr\/"},{"@type":"ListItem","position":2,"name":"La plage"}]},{"@type":"WebSite","@id":"https:\/\/www.hotelgabriella.net\/#website","url":"https:\/\/www.hotelgabriella.net\/","name":"Hotel Gabriella Rimini","description":"","potentialAction":[{"@type":"SearchAction","target":{"@type":"EntryPoint","urlTemplate":"https:\/\/www.hotelgabriella.net\/?s={search_term_string}"},"query-input":{"@type":"PropertyValueSpecification","valueRequired":true,"valueName":"search_term_string"}}],"inLanguage":"fr-FR"}]}},"_links":{"self":[{"href":"https:\/\/www.hotelgabriella.net\/fr\/wp-json\/wp\/v2\/pages\/682","targetHints":{"allow":["GET"]}}],"collection":[{"href":"https:\/\/www.hotelgabriella.net\/fr\/wp-json\/wp\/v2\/pages"}],"about":[{"href":"https:\/\/www.hotelgabriella.net\/fr\/wp-json\/wp\/v2\/types\/page"}],"author":[{"embeddable":true,"href":"https:\/\/www.hotelgabriella.net\/fr\/wp-json\/wp\/v2\/users\/5"}],"replies":[{"embeddable":true,"href":"https:\/\/www.hotelgabriella.net\/fr\/wp-json\/wp\/v2\/comments?post=682"}],"version-history":[{"count":0,"href":"https:\/\/www.hotelgabriella.net\/fr\/wp-json\/wp\/v2\/pages\/682\/revisions"}],"wp:attachment":[{"href":"https:\/\/www.hotelgabriella.net\/fr\/wp-json\/wp\/v2\/media?parent=682"}],"curies":[{"name":"wp","href":"https:\/\/api.w.org\/{rel}","templated":true}]}}